{"id":3694,"date":"2023-01-10T17:25:51","date_gmt":"2023-01-10T20:25:51","guid":{"rendered":"https:\/\/movisafe-americalatina.com\/?page_id=3694"},"modified":"2025-10-22T09:52:43","modified_gmt":"2025-10-22T12:52:43","slug":"equipe-movisafe","status":"publish","type":"page","link":"https:\/\/movisafe-americalatina.com\/fr\/equipe-movisafe\/","title":{"rendered":"\u00c9quipe MOVISAFE"},"content":{"rendered":"\n<style type=\"text\/css\" data-created_by=\"avia_inline_auto\" id=\"style-css-av-c5rgsi-e792b57ea48b434166747cc5b57a1951\">\n.flex_column.av-c5rgsi-e792b57ea48b434166747cc5b57a1951{\nborder-radius:0px 0px 0px 0px;\npadding:0px 0px 0px 0px;\n}\n<\/style>\n<div  class='flex_column av-c5rgsi-e792b57ea48b434166747cc5b57a1951 av_one_full  avia-builder-el-0  el_before_av_one_half  avia-builder-el-first  first flex_column_div av-zero-column-padding  '     ><style type=\"text\/css\" data-created_by=\"avia_inline_auto\" id=\"style-css-av-lcoxzkal-d088be2f6c4c5b0d57d56e78fa7090a2\">\n#top .av-special-heading.av-lcoxzkal-d088be2f6c4c5b0d57d56e78fa7090a2{\npadding-bottom:10px;\n}\nbody .av-special-heading.av-lcoxzkal-d088be2f6c4c5b0d57d56e78fa7090a2 .av-special-heading-tag .heading-char{\nfont-size:25px;\n}\n.av-special-heading.av-lcoxzkal-d088be2f6c4c5b0d57d56e78fa7090a2 .av-subheading{\nfont-size:15px;\n}\n<\/style>\n<div  class='av-special-heading av-lcoxzkal-d088be2f6c4c5b0d57d56e78fa7090a2 av-special-heading-h3  avia-builder-el-1  avia-builder-el-no-sibling '><h3 class='av-special-heading-tag '  itemprop=\"headline\"  >Conseil d\u2019Administration<\/h3><div class=\"special-heading-border\"><div class=\"special-heading-inner-border\"><\/div><\/div><\/div><\/div>\n\n<style type=\"text\/css\" data-created_by=\"avia_inline_auto\" id=\"style-css-av-b7v1lu-685a4ac190b33d39f1807fee6a2679a1\">\n.flex_column.av-b7v1lu-685a4ac190b33d39f1807fee6a2679a1{\nborder-radius:0px 0px 0px 0px;\npadding:0px 0px 0px 0px;\n}\n<\/style>\n<div  class='flex_column av-b7v1lu-685a4ac190b33d39f1807fee6a2679a1 av_one_half  avia-builder-el-2  el_after_av_one_full  el_before_av_one_half  first flex_column_div av-zero-column-padding  column-top-margin'     ><p><section  class='avia-team-member av-lbz7ad1u-6a9b29c397c2fae937e74327bb7f6fea  avia-builder-el-3  el_before_av_font_icon  avia-builder-el-first '  itemscope=\"itemscope\" itemtype=\"https:\/\/schema.org\/Person\" ><div class=\"team-img-container\"><img decoding=\"async\" fetchpriority=\"high\" class='wp-image-3673 avia-img-lazy-loading-not-3673 avia_image avia_image_team' src=\"https:\/\/movisafe-americalatina.com\/wp-content\/uploads\/2022\/12\/IMG_pascal.jpg\" alt='Pascal Gras'  itemprop=\"image\"   height=\"1200\" width=\"1200\" srcset=\"https:\/\/movisafe-americalatina.com\/wp-content\/uploads\/2022\/12\/IMG_pascal.jpg 1200w, https:\/\/movisafe-americalatina.com\/wp-content\/uploads\/2022\/12\/IMG_pascal-300x300.jpg 300w, https:\/\/movisafe-americalatina.com\/wp-content\/uploads\/2022\/12\/IMG_pascal-1030x1030.jpg 1030w, https:\/\/movisafe-americalatina.com\/wp-content\/uploads\/2022\/12\/IMG_pascal-80x80.jpg 80w, https:\/\/movisafe-americalatina.com\/wp-content\/uploads\/2022\/12\/IMG_pascal-768x768.jpg 768w, https:\/\/movisafe-americalatina.com\/wp-content\/uploads\/2022\/12\/IMG_pascal-36x36.jpg 36w, https:\/\/movisafe-americalatina.com\/wp-content\/uploads\/2022\/12\/IMG_pascal-180x180.jpg 180w, https:\/\/movisafe-americalatina.com\/wp-content\/uploads\/2022\/12\/IMG_pascal-705x705.jpg 705w, https:\/\/movisafe-americalatina.com\/wp-content\/uploads\/2022\/12\/IMG_pascal-120x120.jpg 120w, https:\/\/movisafe-americalatina.com\/wp-content\/uploads\/2022\/12\/IMG_pascal-450x450.jpg 450w\" sizes=\"(max-width: 1200px) 100vw, 1200px\" \/><div class=\"team-social\"><div class=\"team-social-inner\"><span class='hidden av_member_url_markup linkedin'  itemprop=\"url\" >http:\/\/www.linkedin.com\/in\/pascal-gras-4b508832\/<\/span><a href='http:\/\/www.linkedin.com\/in\/pascal-gras-4b508832\/' class='avia-team-icon av-9jz9ky-b93dd2d608f7f115d8d8b50de4f5dc17 linkedin avia-iconfont avia-font-entypo-fontello' rel='v:url' data-avia-tooltip=\"LinkedIn\" target='_blank' data-av_icon='\ue8fd' data-av_iconfont='entypo-fontello' ><\/a><\/div><\/div><\/div><h3 class='team-member-name '  itemprop=\"name\" >Pascal Gras<\/h3><div class='team-member-job-title '  itemprop=\"jobTitle\" >Pr\u00e9sident MOVISAFE GROUP<\/div><div class='team-member-description '  itemprop=\"description\" ><p>Pascal a fond\u00e9 MOVISAFE en 2002 apr\u00e8s avoir travaill\u00e9 comme Security Manager pour plusieurs groupes europ\u00e9ens et am\u00e9ricains dans le secteur de l\u2019\u00e9nergie, en Afrique du Nord et en Am\u00e9rique latine.<\/p>\n<p>Il est un ancien officier de l\u2018arm\u00e9e fran\u00e7aise. Il a servi pendant 7 ans dans des unit\u00e9s parachutistes (13 RDP, 1 RCP) et dans la L\u00e9gion \u00e9trang\u00e8re fran\u00e7aise (4 RE, 2 REP). Avant d\u2019entrer dans l\u2018arm\u00e9e, Pascal a suivi des cours scientifiques \u00e0 l\u2019Universit\u00e9 de Grenoble (France).<\/p>\n<p>Pascal est un auditeur certifi\u00e9 dans les syst\u00e8mes de gestion de la s\u00e9curit\u00e9 par le gouvernement mexicain, et il est un officier de protection des donn\u00e9es (DPO) certifi\u00e9 par l\u2018Escola Superior de Seguran\u00e7a de S\u00e3o Paulo. Il est le coordinateur de la Commission S\u00e9curit\u00e9 de la CCIFB (Chambre de Commerce et d\u2019Industrie France &amp; Br\u00e9sil).<\/p>\n<p>Pascal parle fran\u00e7ais (langue maternelle), anglais, portugais et espagnol.<\/p>\n<\/div><span class='hidden team-member-affiliation'  itemprop=\"affiliation\" >MOVISAFE<\/span><\/section><br \/>\n\n<style type=\"text\/css\" data-created_by=\"avia_inline_auto\" id=\"style-css-av-lcowvbg8-71ab9a2cf3fd7696d5afb12bcc86ba68\">\n.av_font_icon.av-lcowvbg8-71ab9a2cf3fd7696d5afb12bcc86ba68{\ncolor:#b02b2c;\nborder-color:#b02b2c;\n}\n.avia-svg-icon.av-lcowvbg8-71ab9a2cf3fd7696d5afb12bcc86ba68 svg:first-child{\nstroke:#b02b2c;\nfill:#b02b2c;\n}\n.av_font_icon.av-lcowvbg8-71ab9a2cf3fd7696d5afb12bcc86ba68 .av-icon-char{\nfont-size:40px;\nline-height:40px;\n}\n<\/style>\n<span  class='av_font_icon av-lcowvbg8-71ab9a2cf3fd7696d5afb12bcc86ba68 avia_animate_when_visible av-icon-style- avia-icon-pos-center avia-iconfont avia-font-entypo-fontello'><a href='https:\/\/www.linkedin.com\/in\/pascal-gras-4b508832\/'  target=\"_blank\"  rel=\"noopener noreferrer\"  class='av-icon-char' data-av_icon='\ue8fd' data-av_iconfont='entypo-fontello' aria-hidden=\"false\" ><\/a><\/span><\/p><\/div>\n\n<style type=\"text\/css\" data-created_by=\"avia_inline_auto\" id=\"style-css-av-7u0982-57ce4102e44edeb0e0e44396ff0bf822\">\n.flex_column.av-7u0982-57ce4102e44edeb0e0e44396ff0bf822{\nborder-radius:0px 0px 0px 0px;\npadding:0px 0px 0px 0px;\n}\n<\/style>\n<div  class='flex_column av-7u0982-57ce4102e44edeb0e0e44396ff0bf822 av_one_half  avia-builder-el-5  el_after_av_one_half  avia-builder-el-last  flex_column_div av-zero-column-padding  column-top-margin'     ><p><section  class='avia-team-member av-lbz7ad1u-054453a2912ebdef3c3b3a444ddb33bf  avia-builder-el-6  el_before_av_font_icon  avia-builder-el-first '  itemscope=\"itemscope\" itemtype=\"https:\/\/schema.org\/Person\" ><div class=\"team-img-container\"><img decoding=\"async\" fetchpriority=\"high\" class='wp-image-6288 avia-img-lazy-loading-not-6288 avia_image avia_image_team' src=\"https:\/\/movisafe-americalatina.com\/wp-content\/uploads\/2025\/10\/WhatsApp-Image-2025-10-21-at-19.39.46.jpeg\" alt='Romario Peres'  itemprop=\"image\"   height=\"500\" width=\"500\" srcset=\"https:\/\/movisafe-americalatina.com\/wp-content\/uploads\/2025\/10\/WhatsApp-Image-2025-10-21-at-19.39.46.jpeg 500w, https:\/\/movisafe-americalatina.com\/wp-content\/uploads\/2025\/10\/WhatsApp-Image-2025-10-21-at-19.39.46-300x300.jpeg 300w, https:\/\/movisafe-americalatina.com\/wp-content\/uploads\/2025\/10\/WhatsApp-Image-2025-10-21-at-19.39.46-80x80.jpeg 80w, https:\/\/movisafe-americalatina.com\/wp-content\/uploads\/2025\/10\/WhatsApp-Image-2025-10-21-at-19.39.46-36x36.jpeg 36w, https:\/\/movisafe-americalatina.com\/wp-content\/uploads\/2025\/10\/WhatsApp-Image-2025-10-21-at-19.39.46-180x180.jpeg 180w\" sizes=\"(max-width: 500px) 100vw, 500px\" \/><div class=\"team-social\"><div class=\"team-social-inner\"><span class='hidden av_member_url_markup linkedin'  itemprop=\"url\" >https:\/\/www.linkedin.com\/in\/rperes2710\/<\/span><a href='https:\/\/www.linkedin.com\/in\/rperes2710\/' class='avia-team-icon av-5sj5gi-d1f0471379d804e98705f934d3786395 linkedin avia-iconfont avia-font-entypo-fontello' rel='v:url' data-avia-tooltip=\"LinkedIn\" target='_blank' data-av_icon='\ue8fd' data-av_iconfont='entypo-fontello' ><\/a><\/div><\/div><\/div><h3 class='team-member-name '  itemprop=\"name\" >Romario Peres<\/h3><div class='team-member-job-title '  itemprop=\"jobTitle\" >Directeur des Operations<\/div><div class='team-member-description '  itemprop=\"description\" ><p>Sp\u00e9cialiste en analyse des risques, en intelligence op\u00e9rationnelle et en s\u00e9curit\u00e9 d\u2019entreprise, avec une expertise en techniques OSINT, en audits de terrain et en suivi situationnel.<\/p>\n<p>Ancien membre des Forces arm\u00e9es, il occupe actuellement le poste de Responsable des op\u00e9rations chez MOVISAFE Am\u00e9rique latine, o\u00f9 il dirige des \u00e9quipes, r\u00e9alise des \u00e9valuations de s\u00e9curit\u00e9 et des processus de diligence, et int\u00e8gre technologie, intelligence et gestion des risques afin de renforcer la r\u00e9silience des entreprises.<\/p>\n<\/div><span class='hidden team-member-affiliation'  itemprop=\"affiliation\" >MOVISAFE<\/span><\/section><br \/>\n\n<style type=\"text\/css\" data-created_by=\"avia_inline_auto\" id=\"style-css-av-lcowvbg8-4a3c3f79bb6956ce64a7d4da1385958c\">\n.av_font_icon.av-lcowvbg8-4a3c3f79bb6956ce64a7d4da1385958c{\ncolor:#b02b2c;\nborder-color:#b02b2c;\n}\n.avia-svg-icon.av-lcowvbg8-4a3c3f79bb6956ce64a7d4da1385958c svg:first-child{\nstroke:#b02b2c;\nfill:#b02b2c;\n}\n.av_font_icon.av-lcowvbg8-4a3c3f79bb6956ce64a7d4da1385958c .av-icon-char{\nfont-size:40px;\nline-height:40px;\n}\n<\/style>\n<span  class='av_font_icon av-lcowvbg8-4a3c3f79bb6956ce64a7d4da1385958c avia_animate_when_visible av-icon-style- avia-icon-pos-center avia-iconfont avia-font-entypo-fontello'><a href='https:\/\/www.linkedin.com\/in\/rperes2710\/'  target=\"_blank\"  rel=\"noopener noreferrer\"  class='av-icon-char' data-av_icon='\ue8fd' data-av_iconfont='entypo-fontello' aria-hidden=\"false\" ><\/a><\/span><\/p><\/div>\n","protected":false},"excerpt":{"rendered":"","protected":false},"author":21,"featured_media":0,"parent":0,"menu_order":0,"comment_status":"closed","ping_status":"closed","template":"","meta":{"_monsterinsights_skip_tracking":false,"_monsterinsights_sitenote_active":false,"_monsterinsights_sitenote_note":"","_monsterinsights_sitenote_category":0,"footnotes":""},"class_list":["post-3694","page","type-page","status-publish","hentry"],"yoast_head":"<!-- This site is optimized with the Yoast SEO plugin v27.2 - https:\/\/yoast.com\/product\/yoast-seo-wordpress\/ -->\n<title>\u00c9quipe MOVISAFE - Sp\u00e9cialistes en S\u00e9curit\u00e9<\/title>\n<meta name=\"description\" content=\"Connaissez Pascal Gras, Pr\u00e9sident, et Romario Peres, Directeur des Op\u00e9rations de Movisafe America Latina, sp\u00e9cialistes en s\u00e9curit\u00e9 au Br\u00e9sil\" \/>\n<meta name=\"robots\" content=\"index, follow, max-snippet:-1, max-image-preview:large, max-video-preview:-1\" \/>\n<link rel=\"canonical\" href=\"https:\/\/movisafe-americalatina.com\/fr\/equipe-movisafe\/\" \/>\n<meta property=\"og:locale\" content=\"fr_FR\" \/>\n<meta property=\"og:type\" content=\"article\" \/>\n<meta property=\"og:title\" content=\"\u00c9quipe MOVISAFE - Sp\u00e9cialistes en S\u00e9curit\u00e9\" \/>\n<meta property=\"og:description\" content=\"Connaissez Pascal Gras, Pr\u00e9sident, et Romario Peres, Directeur des Op\u00e9rations de Movisafe America Latina, sp\u00e9cialistes en s\u00e9curit\u00e9 au Br\u00e9sil\" \/>\n<meta property=\"og:url\" content=\"https:\/\/movisafe-americalatina.com\/fr\/equipe-movisafe\/\" \/>\n<meta property=\"og:site_name\" content=\"MOVISAFE\" \/>\n<meta property=\"article:publisher\" content=\"https:\/\/www.facebook.com\/movisafeamericalatina\/\" \/>\n<meta property=\"article:modified_time\" content=\"2025-10-22T12:52:43+00:00\" \/>\n<meta name=\"twitter:card\" content=\"summary_large_image\" \/>\n<meta name=\"twitter:label1\" content=\"Dur\u00e9e de lecture estim\u00e9e\" \/>\n\t<meta name=\"twitter:data1\" content=\"2 minutes\" \/>\n<script type=\"application\/ld+json\" class=\"yoast-schema-graph\">{\"@context\":\"https:\/\/schema.org\",\"@graph\":[{\"@type\":\"WebPage\",\"@id\":\"https:\/\/movisafe-americalatina.com\/fr\/equipe-movisafe\/\",\"url\":\"https:\/\/movisafe-americalatina.com\/fr\/equipe-movisafe\/\",\"name\":\"\u00c9quipe MOVISAFE - Sp\u00e9cialistes en S\u00e9curit\u00e9\",\"isPartOf\":{\"@id\":\"https:\/\/movisafe-americalatina.com\/#website\"},\"datePublished\":\"2023-01-10T20:25:51+00:00\",\"dateModified\":\"2025-10-22T12:52:43+00:00\",\"description\":\"Connaissez Pascal Gras, Pr\u00e9sident, et Romario Peres, Directeur des Op\u00e9rations de Movisafe America Latina, sp\u00e9cialistes en s\u00e9curit\u00e9 au Br\u00e9sil\",\"breadcrumb\":{\"@id\":\"https:\/\/movisafe-americalatina.com\/fr\/equipe-movisafe\/#breadcrumb\"},\"inLanguage\":\"fr-FR\",\"potentialAction\":[{\"@type\":\"ReadAction\",\"target\":[\"https:\/\/movisafe-americalatina.com\/fr\/equipe-movisafe\/\"]}]},{\"@type\":\"BreadcrumbList\",\"@id\":\"https:\/\/movisafe-americalatina.com\/fr\/equipe-movisafe\/#breadcrumb\",\"itemListElement\":[{\"@type\":\"ListItem\",\"position\":1,\"name\":\"In\u00edcio\",\"item\":\"https:\/\/movisafe-americalatina.com\/fr\/\"},{\"@type\":\"ListItem\",\"position\":2,\"name\":\"\u00c9quipe MOVISAFE\"}]},{\"@type\":\"WebSite\",\"@id\":\"https:\/\/movisafe-americalatina.com\/#website\",\"url\":\"https:\/\/movisafe-americalatina.com\/\",\"name\":\"MOVISAFE\",\"description\":\"L\u00edder em seguran\u00e7a -  Am\u00e9rica Latina\",\"publisher\":{\"@id\":\"https:\/\/movisafe-americalatina.com\/#organization\"},\"potentialAction\":[{\"@type\":\"SearchAction\",\"target\":{\"@type\":\"EntryPoint\",\"urlTemplate\":\"https:\/\/movisafe-americalatina.com\/?s={search_term_string}\"},\"query-input\":{\"@type\":\"PropertyValueSpecification\",\"valueRequired\":true,\"valueName\":\"search_term_string\"}}],\"inLanguage\":\"fr-FR\"},{\"@type\":\"Organization\",\"@id\":\"https:\/\/movisafe-americalatina.com\/#organization\",\"name\":\"Movisafe America Latina\",\"url\":\"https:\/\/movisafe-americalatina.com\/\",\"logo\":{\"@type\":\"ImageObject\",\"inLanguage\":\"fr-FR\",\"@id\":\"https:\/\/movisafe-americalatina.com\/#\/schema\/logo\/image\/\",\"url\":\"https:\/\/movisafe-americalatina.com\/wp-content\/uploads\/2018\/10\/LogoMovisafe_Quadri.png\",\"contentUrl\":\"https:\/\/movisafe-americalatina.com\/wp-content\/uploads\/2018\/10\/LogoMovisafe_Quadri.png\",\"width\":373,\"height\":133,\"caption\":\"Movisafe America Latina\"},\"image\":{\"@id\":\"https:\/\/movisafe-americalatina.com\/#\/schema\/logo\/image\/\"},\"sameAs\":[\"https:\/\/www.facebook.com\/movisafeamericalatina\/\",\"https:\/\/www.linkedin.com\/company\/movisafe-america-latina\/\"]}]}<\/script>\n<!-- \/ Yoast SEO plugin. -->","yoast_head_json":{"title":"\u00c9quipe MOVISAFE - Sp\u00e9cialistes en S\u00e9curit\u00e9","description":"Connaissez Pascal Gras, Pr\u00e9sident, et Romario Peres, Directeur des Op\u00e9rations de Movisafe America Latina, sp\u00e9cialistes en s\u00e9curit\u00e9 au Br\u00e9sil","robots":{"index":"index","follow":"follow","max-snippet":"max-snippet:-1","max-image-preview":"max-image-preview:large","max-video-preview":"max-video-preview:-1"},"canonical":"https:\/\/movisafe-americalatina.com\/fr\/equipe-movisafe\/","og_locale":"fr_FR","og_type":"article","og_title":"\u00c9quipe MOVISAFE - Sp\u00e9cialistes en S\u00e9curit\u00e9","og_description":"Connaissez Pascal Gras, Pr\u00e9sident, et Romario Peres, Directeur des Op\u00e9rations de Movisafe America Latina, sp\u00e9cialistes en s\u00e9curit\u00e9 au Br\u00e9sil","og_url":"https:\/\/movisafe-americalatina.com\/fr\/equipe-movisafe\/","og_site_name":"MOVISAFE","article_publisher":"https:\/\/www.facebook.com\/movisafeamericalatina\/","article_modified_time":"2025-10-22T12:52:43+00:00","twitter_card":"summary_large_image","twitter_misc":{"Dur\u00e9e de lecture estim\u00e9e":"2 minutes"},"schema":{"@context":"https:\/\/schema.org","@graph":[{"@type":"WebPage","@id":"https:\/\/movisafe-americalatina.com\/fr\/equipe-movisafe\/","url":"https:\/\/movisafe-americalatina.com\/fr\/equipe-movisafe\/","name":"\u00c9quipe MOVISAFE - Sp\u00e9cialistes en S\u00e9curit\u00e9","isPartOf":{"@id":"https:\/\/movisafe-americalatina.com\/#website"},"datePublished":"2023-01-10T20:25:51+00:00","dateModified":"2025-10-22T12:52:43+00:00","description":"Connaissez Pascal Gras, Pr\u00e9sident, et Romario Peres, Directeur des Op\u00e9rations de Movisafe America Latina, sp\u00e9cialistes en s\u00e9curit\u00e9 au Br\u00e9sil","breadcrumb":{"@id":"https:\/\/movisafe-americalatina.com\/fr\/equipe-movisafe\/#breadcrumb"},"inLanguage":"fr-FR","potentialAction":[{"@type":"ReadAction","target":["https:\/\/movisafe-americalatina.com\/fr\/equipe-movisafe\/"]}]},{"@type":"BreadcrumbList","@id":"https:\/\/movisafe-americalatina.com\/fr\/equipe-movisafe\/#breadcrumb","itemListElement":[{"@type":"ListItem","position":1,"name":"In\u00edcio","item":"https:\/\/movisafe-americalatina.com\/fr\/"},{"@type":"ListItem","position":2,"name":"\u00c9quipe MOVISAFE"}]},{"@type":"WebSite","@id":"https:\/\/movisafe-americalatina.com\/#website","url":"https:\/\/movisafe-americalatina.com\/","name":"MOVISAFE","description":"L\u00edder em seguran\u00e7a -  Am\u00e9rica Latina","publisher":{"@id":"https:\/\/movisafe-americalatina.com\/#organization"},"potentialAction":[{"@type":"SearchAction","target":{"@type":"EntryPoint","urlTemplate":"https:\/\/movisafe-americalatina.com\/?s={search_term_string}"},"query-input":{"@type":"PropertyValueSpecification","valueRequired":true,"valueName":"search_term_string"}}],"inLanguage":"fr-FR"},{"@type":"Organization","@id":"https:\/\/movisafe-americalatina.com\/#organization","name":"Movisafe America Latina","url":"https:\/\/movisafe-americalatina.com\/","logo":{"@type":"ImageObject","inLanguage":"fr-FR","@id":"https:\/\/movisafe-americalatina.com\/#\/schema\/logo\/image\/","url":"https:\/\/movisafe-americalatina.com\/wp-content\/uploads\/2018\/10\/LogoMovisafe_Quadri.png","contentUrl":"https:\/\/movisafe-americalatina.com\/wp-content\/uploads\/2018\/10\/LogoMovisafe_Quadri.png","width":373,"height":133,"caption":"Movisafe America Latina"},"image":{"@id":"https:\/\/movisafe-americalatina.com\/#\/schema\/logo\/image\/"},"sameAs":["https:\/\/www.facebook.com\/movisafeamericalatina\/","https:\/\/www.linkedin.com\/company\/movisafe-america-latina\/"]}]}},"_links":{"self":[{"href":"https:\/\/movisafe-americalatina.com\/fr\/wp-json\/wp\/v2\/pages\/3694","targetHints":{"allow":["GET"]}}],"collection":[{"href":"https:\/\/movisafe-americalatina.com\/fr\/wp-json\/wp\/v2\/pages"}],"about":[{"href":"https:\/\/movisafe-americalatina.com\/fr\/wp-json\/wp\/v2\/types\/page"}],"author":[{"embeddable":true,"href":"https:\/\/movisafe-americalatina.com\/fr\/wp-json\/wp\/v2\/users\/21"}],"replies":[{"embeddable":true,"href":"https:\/\/movisafe-americalatina.com\/fr\/wp-json\/wp\/v2\/comments?post=3694"}],"version-history":[{"count":7,"href":"https:\/\/movisafe-americalatina.com\/fr\/wp-json\/wp\/v2\/pages\/3694\/revisions"}],"predecessor-version":[{"id":6311,"href":"https:\/\/movisafe-americalatina.com\/fr\/wp-json\/wp\/v2\/pages\/3694\/revisions\/6311"}],"wp:attachment":[{"href":"https:\/\/movisafe-americalatina.com\/fr\/wp-json\/wp\/v2\/media?parent=3694"}],"curies":[{"name":"wp","href":"https:\/\/api.w.org\/{rel}","templated":true}]}}