{"id":3,"date":"2018-10-19T14:56:52","date_gmt":"2018-10-19T14:56:52","guid":{"rendered":"https:\/\/movisafe-americalatina.com\/?page_id=3"},"modified":"2020-11-13T17:40:55","modified_gmt":"2020-11-13T14:40:55","slug":"politique-de-confidentialite","status":"publish","type":"page","link":"https:\/\/movisafe-americalatina.com\/fr\/politique-de-confidentialite\/","title":{"rendered":"Politique de confidentialit\u00e9 &#8211; Website Movisafe Am\u00e9rica Latina"},"content":{"rendered":"<h2>Politique de confidentialit\u00e9 &#8211; Website Movisafe Am\u00e9rica Latina<\/h2>\n<p>Votre vie priv\u00e9e est importante pour nous. La politique de Movisafe Am\u00e9rica Latina Br\u00e9sil est de respecter votre vie priv\u00e9e en ce qui concerne toute information vous concernant que nous pourrions recueillir sur ce site.<\/p>\n<p>Pour nos Apps, veuillez trouver ci-joints les politiques de protection des donn\u00e9es plus sp\u00e9cifiques: <a href=\"https:\/\/movisafe-americalatina.com\/fr\/privacy-policy-movi-alert\/\">MOVI Alert<\/a> et <a href=\"https:\/\/movisafe-americalatina.com\/fr\/privacy-policy-movi-sos\/\">MOVI SOS<\/a><\/p>\n<p>Nous ne demandons des informations personnelles que lorsque nous en avons r\u00e9ellement besoin pour vous fournir un service. Nous le faisons par des moyens \u00e9quitables et l\u00e9gaux, en toute connaissance de cause et avec votre consentement. Nous vous informons \u00e9galement de la raison pour laquelle nous le collectons et de l&rsquo;usage qui en sera fait.<\/p>\n<p>Nous ne conservons les informations recueillies que pendant la dur\u00e9e n\u00e9cessaire \u00e0 la fourniture du service demand\u00e9. Lorsque nous stockons des donn\u00e9es, nous les prot\u00e9geons par des moyens commercialement acceptables afin de pr\u00e9venir la perte et le vol, ainsi que l&rsquo;acc\u00e8s, la divulgation, la copie, l&rsquo;utilisation ou la modification non autoris\u00e9s.<\/p>\n<p>Nous ne partageons pas les informations personnelles identifiables publiquement ou avec des tiers, sauf si la loi l&rsquo;exige.<\/p>\n<p>Notre site peut comporter des liens vers des sites externes qui ne sont pas g\u00e9r\u00e9s par nous. Sachez que nous n&rsquo;avons aucun contr\u00f4le sur le contenu et les pratiques de ces sites et que nous ne pouvons accepter la responsabilit\u00e9 de leurs politiques de confidentialit\u00e9 respectives.<\/p>\n<p>Vous \u00eates libre de refuser notre demande d&rsquo;informations personnelles, \u00e9tant entendu que nous pourrions ne pas \u00eatre en mesure de vous fournir certains des services que vous souhaitez.<\/p>\n<p>Votre utilisation continue de notre site web sera consid\u00e9r\u00e9e comme une acceptation de nos pratiques en mati\u00e8re de confidentialit\u00e9 et d&rsquo;informations personnelles. Si vous avez des questions sur la mani\u00e8re dont nous traitons les donn\u00e9es des utilisateurs et les informations personnelles, veuillez nous contacter.<\/p>\n<p>Politique de Movisafe en mati\u00e8re de cookies en Am\u00e9rique latine<\/p>\n<h3>Que sont les cookies ?<\/h3>\n<p>Comme c&rsquo;est la pratique courante sur presque tous les sites web professionnels, ce site utilise des cookies, qui sont de petits fichiers t\u00e9l\u00e9charg\u00e9s sur votre ordinateur, pour am\u00e9liorer votre exp\u00e9rience. Cette page d\u00e9crit les informations qu&rsquo;ils collectent, comment nous les utilisons et pourquoi nous devons parfois stocker ces cookies. Nous vous expliquerons \u00e9galement comment vous pouvez emp\u00eacher le stockage de ces cookies, mais cela peut d\u00e9grader ou \u00ab\u00a0casser\u00a0\u00bb certains \u00e9l\u00e9ments de la fonctionnalit\u00e9 du site.<\/p>\n<h3>Comment utilisons-nous les cookies ?<\/h3>\n<p>Nous utilisons des cookies pour un certain nombre de raisons, d\u00e9taill\u00e9es ci-dessous. Malheureusement, dans la plupart des cas, il n&rsquo;existe pas d&rsquo;options standard pour d\u00e9sactiver les cookies sans d\u00e9sactiver compl\u00e8tement la fonctionnalit\u00e9 et les fonctions qu&rsquo;ils ajoutent \u00e0 ce site. Nous vous recommandons de laisser tous les cookies si vous n&rsquo;\u00eates pas s\u00fbr d&rsquo;en avoir besoin ou non, s&rsquo;ils sont utilis\u00e9s pour fournir un service que vous utilisez.<\/p>\n<h3>D\u00e9sactiver les cookies<\/h3>\n<p>Vous pouvez emp\u00eacher l&rsquo;installation de cookies en ajustant les param\u00e8tres de votre navigateur (voir l&rsquo;aide de votre navigateur pour savoir comment faire). Sachez que la d\u00e9sactivation des cookies affectera la fonctionnalit\u00e9 de ce site et de nombreux autres que vous visitez. La d\u00e9sactivation des cookies entra\u00eenera g\u00e9n\u00e9ralement la d\u00e9sactivation de certaines caract\u00e9ristiques et fonctionnalit\u00e9s de ce site web. Nous vous recommandons donc de ne pas d\u00e9sactiver les cookies.<\/p>\n<h3>Les cookies que nous mettons en place<\/h3>\n<p>Cookies li\u00e9s au compte Si vous cr\u00e9ez un compte chez nous, nous utiliserons des cookies pour g\u00e9rer le processus d&rsquo;enregistrement et l&rsquo;administration g\u00e9n\u00e9rale. Ces cookies sont g\u00e9n\u00e9ralement supprim\u00e9s lorsque vous vous d\u00e9connectez, mais dans certains cas, ils peuvent rester plus tard pour m\u00e9moriser vos pr\u00e9f\u00e9rences de site lorsque vous vous d\u00e9connectez.<\/p>\n<h3>Cookies li\u00e9s \u00e0 la connexion<\/h3>\n<p>Nous utilisons des cookies lorsque vous \u00eates connect\u00e9 afin de pouvoir nous souvenir de cette action. Cela vous \u00e9vite de devoir vous connecter \u00e0 chaque fois que vous visitez une nouvelle page. Ces cookies sont g\u00e9n\u00e9ralement supprim\u00e9s ou effac\u00e9s lorsque vous vous d\u00e9connectez afin de garantir que vous ne puissiez acc\u00e9der qu&rsquo;aux fonctions et aux zones restreintes lorsque vous vous connectez.<\/p>\n<h3>Cookies li\u00e9s aux formulaires<\/h3>\n<p>Lorsque vous envoyez des donn\u00e9es via un formulaire tel que ceux qui se trouvent sur les pages de contact, des cookies peuvent \u00eatre d\u00e9finis pour m\u00e9moriser les d\u00e9tails de l&rsquo;utilisateur pour une correspondance ult\u00e9rieure.<\/p>\n<h3>Cookies de tiers<\/h3>\n<p>Dans certains cas particuliers, nous utilisons \u00e9galement des cookies fournis par des tiers de confiance. La section suivante d\u00e9taille les cookies tiers que vous pouvez rencontrer sur ce site.<\/p>\n<p>Ce site utilise Google Analytics, qui est l&rsquo;une des solutions d&rsquo;analyse les plus r\u00e9pandues et les plus fiables sur le web, pour nous aider \u00e0 comprendre comment vous utilisez le site et comment nous pouvons am\u00e9liorer votre exp\u00e9rience. Ces cookies peuvent suivre des \u00e9l\u00e9ments tels que le temps que vous passez sur le site et les pages que vous visitez, afin que nous puissions continuer \u00e0 produire un contenu attrayant.<\/p>\n<p>Pour plus d&rsquo;informations sur les cookies de Google Analytics, veuillez consulter la page officielle de Google Analytics.<\/p>\n<p>Des analyses de tiers sont utilis\u00e9es pour suivre et mesurer l&rsquo;utilisation de ce site web afin que nous puissions continuer \u00e0 produire un contenu attrayant. Ces cookies peuvent suivre des \u00e9l\u00e9ments tels que le temps que vous passez sur le site ou les pages que vous visitez, ce qui nous aide \u00e0 comprendre comment nous pouvons am\u00e9liorer le site pour vous.<\/p>\n<p>P\u00e9riodiquement, nous testons de nouvelles fonctionnalit\u00e9s et apportons de subtils changements \u00e0 la fa\u00e7on dont le site se pr\u00e9sente. Lorsque nous testons encore de nouvelles fonctionnalit\u00e9s, ces cookies peuvent \u00eatre utilis\u00e9s pour garantir une exp\u00e9rience coh\u00e9rente lors de votre visite sur le site, tout en comprenant quelles optimisations nos utilisateurs appr\u00e9cient le plus.<\/p>\n<h3>Plus d&rsquo;informations<\/h3>\n<p>Esp\u00e9rons qu&rsquo;il est clair et, comme mentionn\u00e9 ci-dessus, s&rsquo;il y a quelque chose dont vous n&rsquo;\u00eates pas s\u00fbr d&rsquo;avoir besoin ou non, il est g\u00e9n\u00e9ralement plus s\u00fbr de laisser les cookies activ\u00e9s si vous interagissez avec l&rsquo;une des fonctionnalit\u00e9s que vous utilisez sur notre site.<\/p>\n<p>Cette politique est effective \u00e0 partir de juin\/2020.<\/p>\n<p>&nbsp;<\/p>\n","protected":false},"excerpt":{"rendered":"<p>Politique de confidentialit\u00e9 &#8211; Website Movisafe Am\u00e9rica Latina Votre vie priv\u00e9e est importante pour nous. La politique de Movisafe Am\u00e9rica Latina Br\u00e9sil est de respecter votre vie priv\u00e9e en ce qui concerne toute information vous concernant que nous pourrions recueillir sur ce site. Pour nos Apps, veuillez trouver ci-joints les politiques de protection des donn\u00e9es [&hellip;]<\/p>\n","protected":false},"author":1,"featured_media":0,"parent":0,"menu_order":0,"comment_status":"closed","ping_status":"open","template":"","meta":{"_monsterinsights_skip_tracking":false,"_monsterinsights_sitenote_active":false,"_monsterinsights_sitenote_note":"","_monsterinsights_sitenote_category":0,"footnotes":""},"class_list":["post-3","page","type-page","status-publish","hentry"],"yoast_head":"<!-- This site is optimized with the Yoast SEO plugin v27.2 - https:\/\/yoast.com\/product\/yoast-seo-wordpress\/ -->\n<title>Politique de confidentialit\u00e9 - Website Movisafe Am\u00e9rica Latina - MOVISAFE<\/title>\n<meta name=\"robots\" content=\"index, follow, max-snippet:-1, max-image-preview:large, max-video-preview:-1\" \/>\n<link rel=\"canonical\" href=\"https:\/\/movisafe-americalatina.com\/fr\/politique-de-confidentialite\/\" \/>\n<meta property=\"og:locale\" content=\"fr_FR\" \/>\n<meta property=\"og:type\" content=\"article\" \/>\n<meta property=\"og:title\" content=\"Politique de confidentialit\u00e9 - Website Movisafe Am\u00e9rica Latina - MOVISAFE\" \/>\n<meta property=\"og:description\" content=\"Politique de confidentialit\u00e9 &#8211; Website Movisafe Am\u00e9rica Latina Votre vie priv\u00e9e est importante pour nous. La politique de Movisafe Am\u00e9rica Latina Br\u00e9sil est de respecter votre vie priv\u00e9e en ce qui concerne toute information vous concernant que nous pourrions recueillir sur ce site. Pour nos Apps, veuillez trouver ci-joints les politiques de protection des donn\u00e9es [&hellip;]\" \/>\n<meta property=\"og:url\" content=\"https:\/\/movisafe-americalatina.com\/fr\/politique-de-confidentialite\/\" \/>\n<meta property=\"og:site_name\" content=\"MOVISAFE\" \/>\n<meta property=\"article:publisher\" content=\"https:\/\/www.facebook.com\/movisafeamericalatina\/\" \/>\n<meta property=\"article:modified_time\" content=\"2020-11-13T14:40:55+00:00\" \/>\n<meta name=\"twitter:card\" content=\"summary_large_image\" \/>\n<meta name=\"twitter:label1\" content=\"Dur\u00e9e de lecture estim\u00e9e\" \/>\n\t<meta name=\"twitter:data1\" content=\"5 minutes\" \/>\n<script type=\"application\/ld+json\" class=\"yoast-schema-graph\">{\"@context\":\"https:\/\/schema.org\",\"@graph\":[{\"@type\":\"WebPage\",\"@id\":\"https:\/\/movisafe-americalatina.com\/fr\/politique-de-confidentialite\/\",\"url\":\"https:\/\/movisafe-americalatina.com\/fr\/politique-de-confidentialite\/\",\"name\":\"Politique de confidentialit\u00e9 - Website Movisafe Am\u00e9rica Latina - MOVISAFE\",\"isPartOf\":{\"@id\":\"https:\/\/movisafe-americalatina.com\/#website\"},\"datePublished\":\"2018-10-19T14:56:52+00:00\",\"dateModified\":\"2020-11-13T14:40:55+00:00\",\"breadcrumb\":{\"@id\":\"https:\/\/movisafe-americalatina.com\/fr\/politique-de-confidentialite\/#breadcrumb\"},\"inLanguage\":\"fr-FR\",\"potentialAction\":[{\"@type\":\"ReadAction\",\"target\":[\"https:\/\/movisafe-americalatina.com\/fr\/politique-de-confidentialite\/\"]}]},{\"@type\":\"BreadcrumbList\",\"@id\":\"https:\/\/movisafe-americalatina.com\/fr\/politique-de-confidentialite\/#breadcrumb\",\"itemListElement\":[{\"@type\":\"ListItem\",\"position\":1,\"name\":\"In\u00edcio\",\"item\":\"https:\/\/movisafe-americalatina.com\/fr\/\"},{\"@type\":\"ListItem\",\"position\":2,\"name\":\"Politique de confidentialit\u00e9 &#8211; Website Movisafe Am\u00e9rica Latina\"}]},{\"@type\":\"WebSite\",\"@id\":\"https:\/\/movisafe-americalatina.com\/#website\",\"url\":\"https:\/\/movisafe-americalatina.com\/\",\"name\":\"MOVISAFE\",\"description\":\"L\u00edder em seguran\u00e7a -  Am\u00e9rica Latina\",\"publisher\":{\"@id\":\"https:\/\/movisafe-americalatina.com\/#organization\"},\"potentialAction\":[{\"@type\":\"SearchAction\",\"target\":{\"@type\":\"EntryPoint\",\"urlTemplate\":\"https:\/\/movisafe-americalatina.com\/?s={search_term_string}\"},\"query-input\":{\"@type\":\"PropertyValueSpecification\",\"valueRequired\":true,\"valueName\":\"search_term_string\"}}],\"inLanguage\":\"fr-FR\"},{\"@type\":\"Organization\",\"@id\":\"https:\/\/movisafe-americalatina.com\/#organization\",\"name\":\"Movisafe America Latina\",\"url\":\"https:\/\/movisafe-americalatina.com\/\",\"logo\":{\"@type\":\"ImageObject\",\"inLanguage\":\"fr-FR\",\"@id\":\"https:\/\/movisafe-americalatina.com\/#\/schema\/logo\/image\/\",\"url\":\"https:\/\/movisafe-americalatina.com\/wp-content\/uploads\/2018\/10\/LogoMovisafe_Quadri.png\",\"contentUrl\":\"https:\/\/movisafe-americalatina.com\/wp-content\/uploads\/2018\/10\/LogoMovisafe_Quadri.png\",\"width\":373,\"height\":133,\"caption\":\"Movisafe America Latina\"},\"image\":{\"@id\":\"https:\/\/movisafe-americalatina.com\/#\/schema\/logo\/image\/\"},\"sameAs\":[\"https:\/\/www.facebook.com\/movisafeamericalatina\/\",\"https:\/\/www.linkedin.com\/company\/movisafe-america-latina\/\"]}]}<\/script>\n<!-- \/ Yoast SEO plugin. -->","yoast_head_json":{"title":"Politique de confidentialit\u00e9 - Website Movisafe Am\u00e9rica Latina - MOVISAFE","robots":{"index":"index","follow":"follow","max-snippet":"max-snippet:-1","max-image-preview":"max-image-preview:large","max-video-preview":"max-video-preview:-1"},"canonical":"https:\/\/movisafe-americalatina.com\/fr\/politique-de-confidentialite\/","og_locale":"fr_FR","og_type":"article","og_title":"Politique de confidentialit\u00e9 - Website Movisafe Am\u00e9rica Latina - MOVISAFE","og_description":"Politique de confidentialit\u00e9 &#8211; Website Movisafe Am\u00e9rica Latina Votre vie priv\u00e9e est importante pour nous. La politique de Movisafe Am\u00e9rica Latina Br\u00e9sil est de respecter votre vie priv\u00e9e en ce qui concerne toute information vous concernant que nous pourrions recueillir sur ce site. Pour nos Apps, veuillez trouver ci-joints les politiques de protection des donn\u00e9es [&hellip;]","og_url":"https:\/\/movisafe-americalatina.com\/fr\/politique-de-confidentialite\/","og_site_name":"MOVISAFE","article_publisher":"https:\/\/www.facebook.com\/movisafeamericalatina\/","article_modified_time":"2020-11-13T14:40:55+00:00","twitter_card":"summary_large_image","twitter_misc":{"Dur\u00e9e de lecture estim\u00e9e":"5 minutes"},"schema":{"@context":"https:\/\/schema.org","@graph":[{"@type":"WebPage","@id":"https:\/\/movisafe-americalatina.com\/fr\/politique-de-confidentialite\/","url":"https:\/\/movisafe-americalatina.com\/fr\/politique-de-confidentialite\/","name":"Politique de confidentialit\u00e9 - Website Movisafe Am\u00e9rica Latina - MOVISAFE","isPartOf":{"@id":"https:\/\/movisafe-americalatina.com\/#website"},"datePublished":"2018-10-19T14:56:52+00:00","dateModified":"2020-11-13T14:40:55+00:00","breadcrumb":{"@id":"https:\/\/movisafe-americalatina.com\/fr\/politique-de-confidentialite\/#breadcrumb"},"inLanguage":"fr-FR","potentialAction":[{"@type":"ReadAction","target":["https:\/\/movisafe-americalatina.com\/fr\/politique-de-confidentialite\/"]}]},{"@type":"BreadcrumbList","@id":"https:\/\/movisafe-americalatina.com\/fr\/politique-de-confidentialite\/#breadcrumb","itemListElement":[{"@type":"ListItem","position":1,"name":"In\u00edcio","item":"https:\/\/movisafe-americalatina.com\/fr\/"},{"@type":"ListItem","position":2,"name":"Politique de confidentialit\u00e9 &#8211; Website Movisafe Am\u00e9rica Latina"}]},{"@type":"WebSite","@id":"https:\/\/movisafe-americalatina.com\/#website","url":"https:\/\/movisafe-americalatina.com\/","name":"MOVISAFE","description":"L\u00edder em seguran\u00e7a -  Am\u00e9rica Latina","publisher":{"@id":"https:\/\/movisafe-americalatina.com\/#organization"},"potentialAction":[{"@type":"SearchAction","target":{"@type":"EntryPoint","urlTemplate":"https:\/\/movisafe-americalatina.com\/?s={search_term_string}"},"query-input":{"@type":"PropertyValueSpecification","valueRequired":true,"valueName":"search_term_string"}}],"inLanguage":"fr-FR"},{"@type":"Organization","@id":"https:\/\/movisafe-americalatina.com\/#organization","name":"Movisafe America Latina","url":"https:\/\/movisafe-americalatina.com\/","logo":{"@type":"ImageObject","inLanguage":"fr-FR","@id":"https:\/\/movisafe-americalatina.com\/#\/schema\/logo\/image\/","url":"https:\/\/movisafe-americalatina.com\/wp-content\/uploads\/2018\/10\/LogoMovisafe_Quadri.png","contentUrl":"https:\/\/movisafe-americalatina.com\/wp-content\/uploads\/2018\/10\/LogoMovisafe_Quadri.png","width":373,"height":133,"caption":"Movisafe America Latina"},"image":{"@id":"https:\/\/movisafe-americalatina.com\/#\/schema\/logo\/image\/"},"sameAs":["https:\/\/www.facebook.com\/movisafeamericalatina\/","https:\/\/www.linkedin.com\/company\/movisafe-america-latina\/"]}]}},"_links":{"self":[{"href":"https:\/\/movisafe-americalatina.com\/fr\/wp-json\/wp\/v2\/pages\/3","targetHints":{"allow":["GET"]}}],"collection":[{"href":"https:\/\/movisafe-americalatina.com\/fr\/wp-json\/wp\/v2\/pages"}],"about":[{"href":"https:\/\/movisafe-americalatina.com\/fr\/wp-json\/wp\/v2\/types\/page"}],"author":[{"embeddable":true,"href":"https:\/\/movisafe-americalatina.com\/fr\/wp-json\/wp\/v2\/users\/1"}],"replies":[{"embeddable":true,"href":"https:\/\/movisafe-americalatina.com\/fr\/wp-json\/wp\/v2\/comments?post=3"}],"version-history":[{"count":4,"href":"https:\/\/movisafe-americalatina.com\/fr\/wp-json\/wp\/v2\/pages\/3\/revisions"}],"predecessor-version":[{"id":2012,"href":"https:\/\/movisafe-americalatina.com\/fr\/wp-json\/wp\/v2\/pages\/3\/revisions\/2012"}],"wp:attachment":[{"href":"https:\/\/movisafe-americalatina.com\/fr\/wp-json\/wp\/v2\/media?parent=3"}],"curies":[{"name":"wp","href":"https:\/\/api.w.org\/{rel}","templated":true}]}}