{"id":20,"date":"2018-10-19T15:00:56","date_gmt":"2018-10-19T15:00:56","guid":{"rendered":"https:\/\/movisafe-americalatina.com\/?page_id=20"},"modified":"2020-11-09T20:57:17","modified_gmt":"2020-11-09T17:57:17","slug":"contact","status":"publish","type":"page","link":"https:\/\/movisafe-americalatina.com\/fr\/contact\/","title":{"rendered":"Contact"},"content":{"rendered":"\n<style type=\"text\/css\" data-created_by=\"avia_inline_auto\" id=\"style-css-av-av_heading-7b74f9e37280c59933e451c8b9a6b797\">\n#top .av-special-heading.av-av_heading-7b74f9e37280c59933e451c8b9a6b797{\nmargin:40px 0 40px 0;\npadding-bottom:10px;\n}\nbody .av-special-heading.av-av_heading-7b74f9e37280c59933e451c8b9a6b797 .av-special-heading-tag .heading-char{\nfont-size:25px;\n}\n.av-special-heading.av-av_heading-7b74f9e37280c59933e451c8b9a6b797 .av-subheading{\nfont-size:15px;\n}\n<\/style>\n<div  class='av-special-heading av-av_heading-7b74f9e37280c59933e451c8b9a6b797 av-special-heading-h1 blockquote modern-quote  avia-builder-el-0  el_before_av_one_half  avia-builder-el-first '><h1 class='av-special-heading-tag '  itemprop=\"headline\"  >Contactez-nous<\/h1><div class=\"special-heading-border\"><div class=\"special-heading-inner-border\"><\/div><\/div><\/div>\n\n<style type=\"text\/css\" data-created_by=\"avia_inline_auto\" id=\"style-css-av-5wovs-d990dbe55b132a4ba11d1e6dc0454e72\">\n.flex_column.av-5wovs-d990dbe55b132a4ba11d1e6dc0454e72{\nborder-radius:0px 0px 0px 0px;\npadding:0px 0px 0px 0px;\n}\n<\/style>\n<div  class='flex_column av-5wovs-d990dbe55b132a4ba11d1e6dc0454e72 av_one_half  avia-builder-el-1  el_after_av_heading  el_before_av_two_fifth  first flex_column_div av-zero-column-padding  '     ><form action=\"https:\/\/movisafe-americalatina.com\/fr\/contact\/\" method=\"post\" data-fields-with-error=\"Erreurs trouv\u00e9es dans les champs suivants :\" class=\"avia_ajax_form av-form-labels-hidden   avia-builder-el-2  avia-builder-el-no-sibling   \" data-avia-form-id=\"1\" data-avia-redirect='' ><fieldset><p class='  first_form  form_element form_element_half' id='element_avia_1_1'><label for=\"avia_1_1\">Nom <abbr class=\"required\" title=\"requis(e)\">*<\/abbr><\/label> <input name=\"avia_1_1\" class=\"text_input is_empty\" type=\"text\" id=\"avia_1_1\" value=\"\"  placeholder='Nom*'\/><\/p><p class='  form_element form_element_half' id='element_avia_2_1'><label for=\"avia_2_1\">E-Mail <abbr class=\"required\" title=\"requis(e)\">*<\/abbr><\/label> <input name=\"avia_2_1\" class=\"text_input is_email\" type=\"text\" id=\"avia_2_1\" value=\"\"  placeholder='E-Mail*'\/><\/p><p class='  first_form  form_element form_fullwidth' id='element_avia_3_1'><label for=\"avia_3_1\">Nom Entreprise<\/label> <input name=\"avia_3_1\" class=\"text_input \" type=\"text\" id=\"avia_3_1\" value=\"\"  placeholder='Nom Entreprise'\/><\/p><p class='  first_form  form_element form_fullwidth' id='element_avia_4_1'><label for=\"avia_4_1\">Sujet de demande <abbr class=\"required\" title=\"requis(e)\">*<\/abbr><\/label> <input name=\"avia_4_1\" class=\"text_input is_empty\" type=\"text\" id=\"avia_4_1\" value=\"\"  placeholder='Sujet de demande*'\/><\/p><p class='  first_form  form_element form_fullwidth' id='element_avia_5_1'><label for=\"avia_5_1\" class=\"textare_label hidden textare_label_avia_5_1\">Message <abbr class=\"required\" title=\"requis(e)\">*<\/abbr><\/label><textarea  placeholder='Message*' name=\"avia_5_1\" class=\"text_area is_empty\" cols=\"40\" rows=\"7\" id=\"avia_5_1\" ><\/textarea><\/p><p class='  first_form  form_element form_fullwidth av-last-visible-form-element' id='element_avia_6_1'><input  name=\"avia_6_1\" class=\"input_checkbox is_empty\" type=\"checkbox\" id=\"avia_6_1\" value=\"true\"\/><label class=\"input_checkbox_label\" for=\"avia_6_1\">J\u2019ai lu et accepte la <a href=\" https:\/\/movisafe-americalatina.com\/fr\/politique-de-confidentialite\/ \">politique de confidentialit\u00e9 <\/a>de ce site <abbr class=\"required\" title=\"requis(e)\">*<\/abbr><\/label><\/p><p class=\"hidden\"><input type=\"text\" name=\"avia_7_1\" class=\"hidden \" id=\"avia_7_1\" value=\"\" \/><\/p><p class=\"form_element \"><input type=\"hidden\" value=\"1\" name=\"avia_generated_form1\" \/><input type=\"submit\" value=\"ENVOYER\" class=\"button\"  data-sending-label=\"Envoi\"\/><\/p><\/fieldset><\/form><div id=\"ajaxresponse_1\" class=\"ajaxresponse ajaxresponse_1 hidden\"><\/div><\/div>\n<style type=\"text\/css\" data-created_by=\"avia_inline_auto\" id=\"style-css-av-2ajb8-a8b85eff05f8340e5d1b0b140ddac5ef\">\n.flex_column.av-2ajb8-a8b85eff05f8340e5d1b0b140ddac5ef{\nborder-radius:0px 0px 0px 0px;\npadding:0px 0px 0px 0px;\n}\n<\/style>\n<div  class='flex_column av-2ajb8-a8b85eff05f8340e5d1b0b140ddac5ef av_two_fifth  avia-builder-el-3  el_after_av_one_half  avia-builder-el-last  flex_column_div av-zero-column-padding  '     ><p>\n<style type=\"text\/css\" data-created_by=\"avia_inline_auto\" id=\"style-css-av-jnqhfo5p-eea9f1d6ee931d7a3ceaaf235419843c\">\n#top .av_textblock_section.av-jnqhfo5p-eea9f1d6ee931d7a3ceaaf235419843c .avia_textblock{\nfont-size:16px;\n}\n<\/style>\n<section  class='av_textblock_section av-jnqhfo5p-eea9f1d6ee931d7a3ceaaf235419843c '   itemscope=\"itemscope\" itemtype=\"https:\/\/schema.org\/CreativeWork\" ><div class='avia_textblock'  itemprop=\"text\" ><p>N\u2018h\u00e9sitez pas \u00e0 nous contacter pour de plus amples informations sur nos services ou recevoir un devis gratuitement.<\/p>\n<\/div><\/section><br \/>\n<section  class='av_textblock_section av-jnqiipfx-311296a48aa5e6377ba79741bf885682 '   itemscope=\"itemscope\" itemtype=\"https:\/\/schema.org\/CreativeWork\" ><div class='avia_textblock'  itemprop=\"text\" ><p><img loading=\"lazy\" decoding=\"async\" class=\"size-thumbnail wp-image-101 alignleft\" src=\"https:\/\/movisafe-americalatina.com\/wp-content\/uploads\/2018\/10\/brazil-80x80.png\" alt=\"\" width=\"30\" height=\"30\" srcset=\"https:\/\/movisafe-americalatina.com\/wp-content\/uploads\/2018\/10\/brazil-80x80.png 80w, https:\/\/movisafe-americalatina.com\/wp-content\/uploads\/2018\/10\/brazil-36x36.png 36w, https:\/\/movisafe-americalatina.com\/wp-content\/uploads\/2018\/10\/brazil-120x120.png 120w, https:\/\/movisafe-americalatina.com\/wp-content\/uploads\/2018\/10\/brazil.png 128w\" sizes=\"auto, (max-width: 30px) 100vw, 30px\" \/><\/p>\n<div style=\"line-height: 30px;\"><sup>_____<\/sup>\u00a0 BR\u00c9SIL<\/div>\n<\/div><\/section><br \/>\n\n<style type=\"text\/css\" data-created_by=\"avia_inline_auto\" id=\"style-css-av-jnqhnioj-782f8f8dc8c16f2044b771c8a3dbc770\">\n#top .avia-icon-list-container.av-jnqhnioj-782f8f8dc8c16f2044b771c8a3dbc770 .iconlist_icon{\nfont-size:16px;\n}\n#top .avia-icon-list-container.av-jnqhnioj-782f8f8dc8c16f2044b771c8a3dbc770 .iconlist_icon svg:first-child{\nheight:16px;\nwidth:16px;\n}\n#top #wrap_all .avia-icon-list-container.av-jnqhnioj-782f8f8dc8c16f2044b771c8a3dbc770 .av_iconlist_title{\nfont-size:16px;\n}\n<\/style>\n<div  class='avia-icon-list-container av-jnqhnioj-782f8f8dc8c16f2044b771c8a3dbc770  avia-builder-el-6  el_after_av_textblock  el_before_av_textblock '><ul class='avia-icon-list avia_animate_when_almost_visible avia-icon-list-left av-iconlist-small av-jnqhnioj-782f8f8dc8c16f2044b771c8a3dbc770 avia-iconlist-animate'>\n<li><div class='iconlist_icon av-1hauc-9eb06d4c98abd693d6d53cd1e6c38f45 avia-font-entypo-fontello avia-iconfont avia-font-entypo-fontello'><span class='av-icon-char' data-av_icon='\ue854' data-av_iconfont='entypo-fontello' aria-hidden=\"true\"><\/span><\/div><article class=\"article-icon-entry av-iconlist-empty\"  itemscope=\"itemscope\" itemtype=\"https:\/\/schema.org\/CreativeWork\" ><div class=\"iconlist_content_wrap\"><header class=\"entry-content-header\" aria-label=\"Ic\u00f4ne : &lt;a href=&#039;tel:552131974219 &#039; title=&#039;+55 21 3197-4219&#039;&gt;+55 21 3197-4219&lt;\/a&gt;\"><div class='av_iconlist_title iconlist_title_small  '  itemprop=\"headline\" ><a href='tel:552131974219 ' title='+55 21 3197-4219'>+55 21 3197-4219<\/a><\/div><\/header><div class='iconlist_content '  itemprop=\"text\" ><\/div><\/div><footer class=\"entry-footer\"><\/footer><\/article><div class=\"iconlist-timeline\"><\/div><\/li>\n<li><div class='iconlist_icon av-10xew-0e29c077f93e88681d849bac0b52511f avia-font-entypo-fontello avia-iconfont avia-font-entypo-fontello'><span class='av-icon-char' data-av_icon='\ue805' data-av_iconfont='entypo-fontello' aria-hidden=\"true\"><\/span><\/div><article class=\"article-icon-entry av-iconlist-empty\"  itemscope=\"itemscope\" itemtype=\"https:\/\/schema.org\/CreativeWork\" ><div class=\"iconlist_content_wrap\"><header class=\"entry-content-header\" aria-label=\"Ic\u00f4ne : &lt;a href=&#039;mailto: contato@movisafe-americalatina.com&#039; title=&#039;contato@movisafe-americalatina.com&#039; target=&quot;_blank&quot;  rel=&quot;noopener noreferrer&quot;&gt;contato@movisafe-americalatina.com&lt;\/a&gt;\"><div class='av_iconlist_title iconlist_title_small  '  itemprop=\"headline\" ><a href='mailto: contato@movisafe-americalatina.com' title='contato@movisafe-americalatina.com' target=\"_blank\"  rel=\"noopener noreferrer\">contato@movisafe-americalatina.com<\/a><\/div><\/header><div class='iconlist_content '  itemprop=\"text\" ><\/div><\/div><footer class=\"entry-footer\"><\/footer><\/article><div class=\"iconlist-timeline\"><\/div><\/li>\n<\/ul><\/div><br \/>\n<section  class='av_textblock_section av-jnqiipfx-311296a48aa5e6377ba79741bf885682 '   itemscope=\"itemscope\" itemtype=\"https:\/\/schema.org\/CreativeWork\" ><div class='avia_textblock'  itemprop=\"text\" ><p><img loading=\"lazy\" decoding=\"async\" class=\"wp-image-100 size-thumbnail alignleft\" src=\"https:\/\/movisafe-americalatina.com\/wp-content\/uploads\/2018\/10\/mexico-80x80.png\" alt=\"\" width=\"30\" height=\"30\" srcset=\"https:\/\/movisafe-americalatina.com\/wp-content\/uploads\/2018\/10\/mexico-80x80.png 80w, https:\/\/movisafe-americalatina.com\/wp-content\/uploads\/2018\/10\/mexico-36x36.png 36w, https:\/\/movisafe-americalatina.com\/wp-content\/uploads\/2018\/10\/mexico-120x120.png 120w, https:\/\/movisafe-americalatina.com\/wp-content\/uploads\/2018\/10\/mexico.png 128w\" sizes=\"auto, (max-width: 30px) 100vw, 30px\" \/><\/p>\n<div style=\"line-height: 30px;\"><sup>_____<\/sup>\u00a0 MEXIQUE<\/div>\n<\/div><\/section><br \/>\n\n<style type=\"text\/css\" data-created_by=\"avia_inline_auto\" id=\"style-css-av-jnqhnioj-782f8f8dc8c16f2044b771c8a3dbc770\">\n#top .avia-icon-list-container.av-jnqhnioj-782f8f8dc8c16f2044b771c8a3dbc770 .iconlist_icon{\nfont-size:16px;\n}\n#top .avia-icon-list-container.av-jnqhnioj-782f8f8dc8c16f2044b771c8a3dbc770 .iconlist_icon svg:first-child{\nheight:16px;\nwidth:16px;\n}\n#top #wrap_all .avia-icon-list-container.av-jnqhnioj-782f8f8dc8c16f2044b771c8a3dbc770 .av_iconlist_title{\nfont-size:16px;\n}\n<\/style>\n<div  class='avia-icon-list-container av-jnqhnioj-782f8f8dc8c16f2044b771c8a3dbc770  avia-builder-el-8  el_after_av_textblock  el_before_av_textblock '><ul class='avia-icon-list avia_animate_when_almost_visible avia-icon-list-left av-iconlist-small av-jnqhnioj-782f8f8dc8c16f2044b771c8a3dbc770 avia-iconlist-animate'>\n<li><div class='iconlist_icon av-1pecs-bae8cb5fc7c6793e4efcdd5e28be9bb2 avia-font-entypo-fontello avia-iconfont avia-font-entypo-fontello'><span class='av-icon-char' data-av_icon='\ue854' data-av_iconfont='entypo-fontello' aria-hidden=\"true\"><\/span><\/div><article class=\"article-icon-entry av-iconlist-empty\"  itemscope=\"itemscope\" itemtype=\"https:\/\/schema.org\/CreativeWork\" ><div class=\"iconlist_content_wrap\"><header class=\"entry-content-header\" aria-label=\"Ic\u00f4ne : &lt;a href=&#039;tel:+525555765417&#039; title=&#039;+52 (55) 5576-5417 &#039;&gt;+52 (55) 5576-5417 &lt;\/a&gt;\"><div class='av_iconlist_title iconlist_title_small  '  itemprop=\"headline\" ><a href='tel:+525555765417' title='+52 (55) 5576-5417 '>+52 (55) 5576-5417 <\/a><\/div><\/header><div class='iconlist_content '  itemprop=\"text\" ><\/div><\/div><footer class=\"entry-footer\"><\/footer><\/article><div class=\"iconlist-timeline\"><\/div><\/li>\n<\/ul><\/div><br \/>\n<section  class='av_textblock_section av-jnqiipfx-311296a48aa5e6377ba79741bf885682 '   itemscope=\"itemscope\" itemtype=\"https:\/\/schema.org\/CreativeWork\" ><div class='avia_textblock'  itemprop=\"text\" ><p><img loading=\"lazy\" decoding=\"async\" class=\"alignleft wp-image-1700 size-full\" src=\"https:\/\/movisafe-americalatina.com\/wp-content\/uploads\/2020\/07\/flag-colombia.png\" alt=\"\" width=\"30\" height=\"30\" srcset=\"https:\/\/movisafe-americalatina.com\/wp-content\/uploads\/2020\/07\/flag-colombia.png 80w, https:\/\/movisafe-americalatina.com\/wp-content\/uploads\/2020\/07\/flag-colombia-36x36.png 36w\" sizes=\"auto, (max-width: 30px) 100vw, 30px\" \/><\/p>\n<div style=\"line-height: 30px;\"><sup>_____<\/sup>\u00a0 COLOMBIE<\/div>\n<\/div><\/section><br \/>\n\n<style type=\"text\/css\" data-created_by=\"avia_inline_auto\" id=\"style-css-av-jnqhnioj-782f8f8dc8c16f2044b771c8a3dbc770\">\n#top .avia-icon-list-container.av-jnqhnioj-782f8f8dc8c16f2044b771c8a3dbc770 .iconlist_icon{\nfont-size:16px;\n}\n#top .avia-icon-list-container.av-jnqhnioj-782f8f8dc8c16f2044b771c8a3dbc770 .iconlist_icon svg:first-child{\nheight:16px;\nwidth:16px;\n}\n#top #wrap_all .avia-icon-list-container.av-jnqhnioj-782f8f8dc8c16f2044b771c8a3dbc770 .av_iconlist_title{\nfont-size:16px;\n}\n<\/style>\n<div  class='avia-icon-list-container av-jnqhnioj-782f8f8dc8c16f2044b771c8a3dbc770  avia-builder-el-10  el_after_av_textblock  avia-builder-el-last '><ul class='avia-icon-list avia_animate_when_almost_visible avia-icon-list-left av-iconlist-small av-jnqhnioj-782f8f8dc8c16f2044b771c8a3dbc770 avia-iconlist-animate'>\n<li><div class='iconlist_icon av-u51o-5d811fd85c3afa78701c71cc5b18f0b1 avia-font-entypo-fontello avia-iconfont avia-font-entypo-fontello'><span class='av-icon-char' data-av_icon='\ue854' data-av_iconfont='entypo-fontello' aria-hidden=\"true\"><\/span><\/div><article class=\"article-icon-entry av-iconlist-empty\"  itemscope=\"itemscope\" itemtype=\"https:\/\/schema.org\/CreativeWork\" ><div class=\"iconlist_content_wrap\"><header class=\"entry-content-header\" aria-label=\"Ic\u00f4ne : &lt;a href=&#039;tel:++573118192989&#039; title=&#039;+57 311 819 2989&#039;&gt;+57 311 819 2989&lt;\/a&gt;\"><div class='av_iconlist_title iconlist_title_small  '  itemprop=\"headline\" ><a href='tel:++573118192989' title='+57 311 819 2989'>+57 311 819 2989<\/a><\/div><\/header><div class='iconlist_content '  itemprop=\"text\" ><\/div><\/div><footer class=\"entry-footer\"><\/footer><\/article><div class=\"iconlist-timeline\"><\/div><\/li>\n<\/ul><\/div><\/p><\/div><\/p>\n","protected":false},"excerpt":{"rendered":"","protected":false},"author":1,"featured_media":0,"parent":0,"menu_order":0,"comment_status":"closed","ping_status":"closed","template":"","meta":{"_monsterinsights_skip_tracking":false,"_monsterinsights_sitenote_active":false,"_monsterinsights_sitenote_note":"","_monsterinsights_sitenote_category":0,"footnotes":""},"class_list":["post-20","page","type-page","status-publish","hentry"],"yoast_head":"<!-- This site is optimized with the Yoast SEO plugin v27.2 - https:\/\/yoast.com\/product\/yoast-seo-wordpress\/ -->\n<title>Contact - MOVISAFE<\/title>\n<meta name=\"robots\" content=\"index, follow, max-snippet:-1, max-image-preview:large, max-video-preview:-1\" \/>\n<link rel=\"canonical\" href=\"https:\/\/movisafe-americalatina.com\/contato\/\" \/>\n<meta property=\"og:locale\" content=\"fr_FR\" \/>\n<meta property=\"og:type\" content=\"article\" \/>\n<meta property=\"og:title\" content=\"Contact - MOVISAFE\" \/>\n<meta property=\"og:url\" content=\"https:\/\/movisafe-americalatina.com\/contato\/\" \/>\n<meta property=\"og:site_name\" content=\"MOVISAFE\" \/>\n<meta property=\"article:publisher\" content=\"https:\/\/www.facebook.com\/movisafeamericalatina\/\" \/>\n<meta property=\"article:modified_time\" content=\"2020-11-09T17:57:17+00:00\" \/>\n<meta property=\"og:image\" content=\"https:\/\/movisafe-americalatina.com\/wp-content\/uploads\/2018\/10\/brazil-80x80.png\" \/>\n<meta name=\"twitter:card\" content=\"summary_large_image\" \/>\n<meta name=\"twitter:label1\" content=\"Dur\u00e9e de lecture estim\u00e9e\" \/>\n\t<meta name=\"twitter:data1\" content=\"5 minutes\" \/>\n<script type=\"application\/ld+json\" class=\"yoast-schema-graph\">{\"@context\":\"https:\/\/schema.org\",\"@graph\":[{\"@type\":\"WebPage\",\"@id\":\"https:\/\/movisafe-americalatina.com\/contato\/\",\"url\":\"https:\/\/movisafe-americalatina.com\/contato\/\",\"name\":\"Contact - MOVISAFE\",\"isPartOf\":{\"@id\":\"https:\/\/movisafe-americalatina.com\/#website\"},\"primaryImageOfPage\":{\"@id\":\"https:\/\/movisafe-americalatina.com\/contato\/#primaryimage\"},\"image\":{\"@id\":\"https:\/\/movisafe-americalatina.com\/contato\/#primaryimage\"},\"thumbnailUrl\":\"https:\/\/movisafe-americalatina.com\/wp-content\/uploads\/2018\/10\/brazil-80x80.png\",\"datePublished\":\"2018-10-19T15:00:56+00:00\",\"dateModified\":\"2020-11-09T17:57:17+00:00\",\"breadcrumb\":{\"@id\":\"https:\/\/movisafe-americalatina.com\/contato\/#breadcrumb\"},\"inLanguage\":\"fr-FR\",\"potentialAction\":[{\"@type\":\"ReadAction\",\"target\":[\"https:\/\/movisafe-americalatina.com\/contato\/\"]}]},{\"@type\":\"ImageObject\",\"inLanguage\":\"fr-FR\",\"@id\":\"https:\/\/movisafe-americalatina.com\/contato\/#primaryimage\",\"url\":\"https:\/\/movisafe-americalatina.com\/wp-content\/uploads\/2018\/10\/brazil-80x80.png\",\"contentUrl\":\"https:\/\/movisafe-americalatina.com\/wp-content\/uploads\/2018\/10\/brazil-80x80.png\"},{\"@type\":\"BreadcrumbList\",\"@id\":\"https:\/\/movisafe-americalatina.com\/contato\/#breadcrumb\",\"itemListElement\":[{\"@type\":\"ListItem\",\"position\":1,\"name\":\"In\u00edcio\",\"item\":\"https:\/\/movisafe-americalatina.com\/fr\/\"},{\"@type\":\"ListItem\",\"position\":2,\"name\":\"Contact\"}]},{\"@type\":\"WebSite\",\"@id\":\"https:\/\/movisafe-americalatina.com\/#website\",\"url\":\"https:\/\/movisafe-americalatina.com\/\",\"name\":\"MOVISAFE\",\"description\":\"L\u00edder em seguran\u00e7a -  Am\u00e9rica Latina\",\"publisher\":{\"@id\":\"https:\/\/movisafe-americalatina.com\/#organization\"},\"potentialAction\":[{\"@type\":\"SearchAction\",\"target\":{\"@type\":\"EntryPoint\",\"urlTemplate\":\"https:\/\/movisafe-americalatina.com\/?s={search_term_string}\"},\"query-input\":{\"@type\":\"PropertyValueSpecification\",\"valueRequired\":true,\"valueName\":\"search_term_string\"}}],\"inLanguage\":\"fr-FR\"},{\"@type\":\"Organization\",\"@id\":\"https:\/\/movisafe-americalatina.com\/#organization\",\"name\":\"Movisafe America Latina\",\"url\":\"https:\/\/movisafe-americalatina.com\/\",\"logo\":{\"@type\":\"ImageObject\",\"inLanguage\":\"fr-FR\",\"@id\":\"https:\/\/movisafe-americalatina.com\/#\/schema\/logo\/image\/\",\"url\":\"https:\/\/movisafe-americalatina.com\/wp-content\/uploads\/2018\/10\/LogoMovisafe_Quadri.png\",\"contentUrl\":\"https:\/\/movisafe-americalatina.com\/wp-content\/uploads\/2018\/10\/LogoMovisafe_Quadri.png\",\"width\":373,\"height\":133,\"caption\":\"Movisafe America Latina\"},\"image\":{\"@id\":\"https:\/\/movisafe-americalatina.com\/#\/schema\/logo\/image\/\"},\"sameAs\":[\"https:\/\/www.facebook.com\/movisafeamericalatina\/\",\"https:\/\/www.linkedin.com\/company\/movisafe-america-latina\/\"]}]}<\/script>\n<!-- \/ Yoast SEO plugin. -->","yoast_head_json":{"title":"Contact - MOVISAFE","robots":{"index":"index","follow":"follow","max-snippet":"max-snippet:-1","max-image-preview":"max-image-preview:large","max-video-preview":"max-video-preview:-1"},"canonical":"https:\/\/movisafe-americalatina.com\/contato\/","og_locale":"fr_FR","og_type":"article","og_title":"Contact - MOVISAFE","og_url":"https:\/\/movisafe-americalatina.com\/contato\/","og_site_name":"MOVISAFE","article_publisher":"https:\/\/www.facebook.com\/movisafeamericalatina\/","article_modified_time":"2020-11-09T17:57:17+00:00","og_image":[{"url":"https:\/\/movisafe-americalatina.com\/wp-content\/uploads\/2018\/10\/brazil-80x80.png","type":"","width":"","height":""}],"twitter_card":"summary_large_image","twitter_misc":{"Dur\u00e9e de lecture estim\u00e9e":"5 minutes"},"schema":{"@context":"https:\/\/schema.org","@graph":[{"@type":"WebPage","@id":"https:\/\/movisafe-americalatina.com\/contato\/","url":"https:\/\/movisafe-americalatina.com\/contato\/","name":"Contact - MOVISAFE","isPartOf":{"@id":"https:\/\/movisafe-americalatina.com\/#website"},"primaryImageOfPage":{"@id":"https:\/\/movisafe-americalatina.com\/contato\/#primaryimage"},"image":{"@id":"https:\/\/movisafe-americalatina.com\/contato\/#primaryimage"},"thumbnailUrl":"https:\/\/movisafe-americalatina.com\/wp-content\/uploads\/2018\/10\/brazil-80x80.png","datePublished":"2018-10-19T15:00:56+00:00","dateModified":"2020-11-09T17:57:17+00:00","breadcrumb":{"@id":"https:\/\/movisafe-americalatina.com\/contato\/#breadcrumb"},"inLanguage":"fr-FR","potentialAction":[{"@type":"ReadAction","target":["https:\/\/movisafe-americalatina.com\/contato\/"]}]},{"@type":"ImageObject","inLanguage":"fr-FR","@id":"https:\/\/movisafe-americalatina.com\/contato\/#primaryimage","url":"https:\/\/movisafe-americalatina.com\/wp-content\/uploads\/2018\/10\/brazil-80x80.png","contentUrl":"https:\/\/movisafe-americalatina.com\/wp-content\/uploads\/2018\/10\/brazil-80x80.png"},{"@type":"BreadcrumbList","@id":"https:\/\/movisafe-americalatina.com\/contato\/#breadcrumb","itemListElement":[{"@type":"ListItem","position":1,"name":"In\u00edcio","item":"https:\/\/movisafe-americalatina.com\/fr\/"},{"@type":"ListItem","position":2,"name":"Contact"}]},{"@type":"WebSite","@id":"https:\/\/movisafe-americalatina.com\/#website","url":"https:\/\/movisafe-americalatina.com\/","name":"MOVISAFE","description":"L\u00edder em seguran\u00e7a -  Am\u00e9rica Latina","publisher":{"@id":"https:\/\/movisafe-americalatina.com\/#organization"},"potentialAction":[{"@type":"SearchAction","target":{"@type":"EntryPoint","urlTemplate":"https:\/\/movisafe-americalatina.com\/?s={search_term_string}"},"query-input":{"@type":"PropertyValueSpecification","valueRequired":true,"valueName":"search_term_string"}}],"inLanguage":"fr-FR"},{"@type":"Organization","@id":"https:\/\/movisafe-americalatina.com\/#organization","name":"Movisafe America Latina","url":"https:\/\/movisafe-americalatina.com\/","logo":{"@type":"ImageObject","inLanguage":"fr-FR","@id":"https:\/\/movisafe-americalatina.com\/#\/schema\/logo\/image\/","url":"https:\/\/movisafe-americalatina.com\/wp-content\/uploads\/2018\/10\/LogoMovisafe_Quadri.png","contentUrl":"https:\/\/movisafe-americalatina.com\/wp-content\/uploads\/2018\/10\/LogoMovisafe_Quadri.png","width":373,"height":133,"caption":"Movisafe America Latina"},"image":{"@id":"https:\/\/movisafe-americalatina.com\/#\/schema\/logo\/image\/"},"sameAs":["https:\/\/www.facebook.com\/movisafeamericalatina\/","https:\/\/www.linkedin.com\/company\/movisafe-america-latina\/"]}]}},"_links":{"self":[{"href":"https:\/\/movisafe-americalatina.com\/fr\/wp-json\/wp\/v2\/pages\/20","targetHints":{"allow":["GET"]}}],"collection":[{"href":"https:\/\/movisafe-americalatina.com\/fr\/wp-json\/wp\/v2\/pages"}],"about":[{"href":"https:\/\/movisafe-americalatina.com\/fr\/wp-json\/wp\/v2\/types\/page"}],"author":[{"embeddable":true,"href":"https:\/\/movisafe-americalatina.com\/fr\/wp-json\/wp\/v2\/users\/1"}],"replies":[{"embeddable":true,"href":"https:\/\/movisafe-americalatina.com\/fr\/wp-json\/wp\/v2\/comments?post=20"}],"version-history":[{"count":15,"href":"https:\/\/movisafe-americalatina.com\/fr\/wp-json\/wp\/v2\/pages\/20\/revisions"}],"predecessor-version":[{"id":3044,"href":"https:\/\/movisafe-americalatina.com\/fr\/wp-json\/wp\/v2\/pages\/20\/revisions\/3044"}],"wp:attachment":[{"href":"https:\/\/movisafe-americalatina.com\/fr\/wp-json\/wp\/v2\/media?parent=20"}],"curies":[{"name":"wp","href":"https:\/\/api.w.org\/{rel}","templated":true}]}}