{"id":4073,"date":"2024-02-07T14:47:33","date_gmt":"2024-02-07T17:47:33","guid":{"rendered":"https:\/\/movisafe-americalatina.com\/movisafe-news\/"},"modified":"2024-02-07T14:55:52","modified_gmt":"2024-02-07T17:55:52","slug":"movisafe-news","status":"publish","type":"page","link":"https:\/\/movisafe-americalatina.com\/es\/movisafe-news\/","title":{"rendered":"Movisafe Noticias"},"content":{"rendered":"\n<style type=\"text\/css\" data-created_by=\"avia_inline_auto\" id=\"style-css-av-lsc3c2rv-d7923318480b2687b48781336b92e26b\">\n#top .av-special-heading.av-lsc3c2rv-d7923318480b2687b48781336b92e26b{\npadding-bottom:10px;\n}\nbody .av-special-heading.av-lsc3c2rv-d7923318480b2687b48781336b92e26b .av-special-heading-tag .heading-char{\nfont-size:25px;\n}\n.av-special-heading.av-lsc3c2rv-d7923318480b2687b48781336b92e26b .av-subheading{\nfont-size:16px;\n}\n<\/style>\n<div  class='av-special-heading av-lsc3c2rv-d7923318480b2687b48781336b92e26b av-special-heading-h1 blockquote modern-quote modern-centered  avia-builder-el-0  el_before_av_blog  avia-builder-el-first '><h1 class='av-special-heading-tag '  itemprop=\"headline\"  >Movisafe Noticias<\/h1><div class='av-subheading av-subheading_below'><p>Security news in Latin America<\/p>\n<\/div><div class=\"special-heading-border\"><div class=\"special-heading-inner-border\"><\/div><\/div><\/div>\n<div  data-slideshow-options=\"{&quot;animation&quot;:&quot;fade&quot;,&quot;autoplay&quot;:false,&quot;loop_autoplay&quot;:&quot;once&quot;,&quot;interval&quot;:5,&quot;loop_manual&quot;:&quot;manual-endless&quot;,&quot;autoplay_stopper&quot;:false,&quot;noNavigation&quot;:false,&quot;show_slide_delay&quot;:90}\" class='avia-content-slider avia-content-grid-active avia-content-slider1 avia-content-slider-odd  avia-builder-el-1  el_after_av_heading  avia-builder-el-last  av-slideshow-ui av-control-default   av-no-slider-navigation av-slideshow-manual av-loop-once av-loop-manual-endless '  itemscope=\"itemscope\" itemtype=\"https:\/\/schema.org\/Blog\" ><div class=\"avia-content-slider-inner\"><div class=\"slide-entry-wrap\"><article class='slide-entry flex_column  post-entry post-entry-6091 slide-entry-overview slide-loop-1 slide-parity-odd  post-entry-last  av_one_third first real-thumbnail posttype-post post-format-standard'  itemscope=\"itemscope\" itemtype=\"https:\/\/schema.org\/CreativeWork\" ><a href='https:\/\/movisafe-americalatina.com\/es\/veiculos-roubados-conexoes-entre-crime-organizado-seguradoras-e-corrupcao\/' data-rel='slide-1' class='slide-image' title='Ve\u00edculos Roubados: Conex\u00f5es Entre Crime Organizado, Seguradoras e Corrup\u00e7\u00e3o'><img decoding=\"async\" fetchpriority=\"high\" width=\"450\" height=\"450\" src=\"https:\/\/movisafe-americalatina.com\/wp-content\/uploads\/2025\/07\/Adulteracao-do-veiculo-Troca-de-placas-e-elementos-estruturais-7-450x450.jpg\" class=\"wp-image-6043 avia-img-lazy-loading-not-6043 attachment-shop_catalog size-shop_catalog wp-post-image\" alt=\"\" srcset=\"https:\/\/movisafe-americalatina.com\/wp-content\/uploads\/2025\/07\/Adulteracao-do-veiculo-Troca-de-placas-e-elementos-estruturais-7-450x450.jpg 450w, https:\/\/movisafe-americalatina.com\/wp-content\/uploads\/2025\/07\/Adulteracao-do-veiculo-Troca-de-placas-e-elementos-estruturais-7-300x300.jpg 300w, https:\/\/movisafe-americalatina.com\/wp-content\/uploads\/2025\/07\/Adulteracao-do-veiculo-Troca-de-placas-e-elementos-estruturais-7-80x80.jpg 80w, https:\/\/movisafe-americalatina.com\/wp-content\/uploads\/2025\/07\/Adulteracao-do-veiculo-Troca-de-placas-e-elementos-estruturais-7-36x36.jpg 36w, https:\/\/movisafe-americalatina.com\/wp-content\/uploads\/2025\/07\/Adulteracao-do-veiculo-Troca-de-placas-e-elementos-estruturais-7-180x180.jpg 180w, https:\/\/movisafe-americalatina.com\/wp-content\/uploads\/2025\/07\/Adulteracao-do-veiculo-Troca-de-placas-e-elementos-estruturais-7-120x120.jpg 120w, https:\/\/movisafe-americalatina.com\/wp-content\/uploads\/2025\/07\/Adulteracao-do-veiculo-Troca-de-placas-e-elementos-estruturais-7.jpg 500w\" sizes=\"(max-width: 450px) 100vw, 450px\" \/><\/a><div class=\"slide-content\"><header class=\"entry-content-header\" aria-label=\"Slide: Ve\u00edculos Roubados: Conex\u00f5es Entre Crime Organizado, Seguradoras e Corrup\u00e7\u00e3o\"><h3 class='slide-entry-title entry-title '  itemprop=\"headline\" ><a href='https:\/\/movisafe-americalatina.com\/es\/veiculos-roubados-conexoes-entre-crime-organizado-seguradoras-e-corrupcao\/' title='Ve\u00edculos Roubados: Conex\u00f5es Entre Crime Organizado, Seguradoras e Corrup\u00e7\u00e3o'>Ve\u00edculos Roubados: Conex\u00f5es Entre Crime Organizado, Seguradoras e Corrup\u00e7\u00e3o<\/a><\/h3><span class=\"blog-categories minor-meta\"><a href=\"https:\/\/movisafe-americalatina.com\/es\/category\/movi-news-pt-br-es\/\" rel=\"tag\">Movisafe Noticias<\/a> <\/span><span class=\"av-vertical-delimiter\"><\/span><\/header><div class='slide-entry-excerpt entry-content'  itemprop=\"text\" >\r\n\r\n\r\n\r\n\r\n\r\n\r\n\r\n\r\n\r\n\r\n\r\n\r\n\r\n\r\n\r\n\r\n\r\n\r\n\r\n\r\n\r\n\r\n\r\n\r\n\r\n\r\n\r\n\r\n\r\n\r\n\r\n\r\n\r\n\r\n\r\n\r\n\r\n\r\n\r\n\r\n\r\n\r\n\r\n\r\n\r\n\r\n\r\n\r\n\r\n\r\n\r\n\r\n\r\n<\/div><\/div><footer class=\"entry-footer\"><div class=\"slide-meta\"><time class='slide-meta-time updated'  itemprop=\"datePublished\" datetime=\"2025-07-17T19:21:11-03:00\" >17\/07\/2025<\/time><\/div><\/footer><span class='hidden'>\n\t\t\t\t<span class='av-structured-data'  itemprop=\"image\" itemscope=\"itemscope\" itemtype=\"https:\/\/schema.org\/ImageObject\" >\n\t\t\t\t\t\t<span itemprop='url'>https:\/\/movisafe-americalatina.com\/wp-content\/uploads\/2025\/07\/Adulteracao-do-veiculo-Troca-de-placas-e-elementos-estruturais-7.jpg<\/span>\n\t\t\t\t\t\t<span itemprop='height'>500<\/span>\n\t\t\t\t\t\t<span itemprop='width'>500<\/span>\n\t\t\t\t<\/span>\n\t\t\t\t<span class='av-structured-data'  itemprop=\"publisher\" itemtype=\"https:\/\/schema.org\/Organization\" itemscope=\"itemscope\" >\n\t\t\t\t\t\t<span itemprop='name'>Romario Perez<\/span>\n\t\t\t\t\t\t<span itemprop='logo' itemscope itemtype='https:\/\/schema.org\/ImageObject'>\n\t\t\t\t\t\t\t<span itemprop='url'>https:\/\/movisafe-americalatina.com\/wp-content\/uploads\/2018\/10\/LogoMovisafe_Quadri-300x107.png<\/span>\n\t\t\t\t\t\t<\/span>\n\t\t\t\t<\/span><span class='av-structured-data'  itemprop=\"author\" itemscope=\"itemscope\" itemtype=\"https:\/\/schema.org\/Person\" ><span itemprop='name'>Romario Perez<\/span><\/span><span class='av-structured-data'  itemprop=\"datePublished\" datetime=\"2024-02-07T14:47:33-03:00\" >2025-07-17 19:21:11<\/span><span class='av-structured-data'  itemprop=\"dateModified\" itemtype=\"https:\/\/schema.org\/dateModified\" >2025-07-17 19:21:11<\/span><span class='av-structured-data'  itemprop=\"mainEntityOfPage\" itemtype=\"https:\/\/schema.org\/mainEntityOfPage\" ><span itemprop='name'>Ve\u00edculos Roubados: Conex\u00f5es Entre Crime Organizado, Seguradoras e Corrup\u00e7\u00e3o<\/span><\/span><\/span><\/article><\/div><\/div><\/div>\n","protected":false},"excerpt":{"rendered":"","protected":false},"author":1,"featured_media":0,"parent":0,"menu_order":0,"comment_status":"closed","ping_status":"closed","template":"","meta":{"_monsterinsights_skip_tracking":false,"_monsterinsights_sitenote_active":false,"_monsterinsights_sitenote_note":"","_monsterinsights_sitenote_category":0,"footnotes":""},"class_list":["post-4073","page","type-page","status-publish","hentry"],"yoast_head":"<!-- This site is optimized with the Yoast SEO plugin v27.2 - https:\/\/yoast.com\/product\/yoast-seo-wordpress\/ -->\n<title>Movisafe Noticias - MOVISAFE America Latina<\/title>\n<meta name=\"robots\" content=\"index, follow, max-snippet:-1, max-image-preview:large, max-video-preview:-1\" \/>\n<link rel=\"canonical\" href=\"https:\/\/movisafe-americalatina.com\/es\/movisafe-news\/\" \/>\n<meta property=\"og:locale\" content=\"es_ES\" \/>\n<meta property=\"og:type\" content=\"article\" \/>\n<meta property=\"og:title\" content=\"Movisafe Noticias - MOVISAFE America Latina\" \/>\n<meta property=\"og:url\" content=\"https:\/\/movisafe-americalatina.com\/es\/movisafe-news\/\" \/>\n<meta property=\"og:site_name\" content=\"MOVISAFE America Latina\" \/>\n<meta property=\"article:publisher\" content=\"https:\/\/www.facebook.com\/movisafeamericalatina\/\" \/>\n<meta property=\"article:modified_time\" content=\"2024-02-07T17:55:52+00:00\" \/>\n<meta name=\"twitter:card\" content=\"summary_large_image\" \/>\n<meta name=\"twitter:label1\" content=\"Tiempo de lectura\" \/>\n\t<meta name=\"twitter:data1\" content=\"1 minuto\" \/>\n<script type=\"application\/ld+json\" class=\"yoast-schema-graph\">{\"@context\":\"https:\/\/schema.org\",\"@graph\":[{\"@type\":\"WebPage\",\"@id\":\"https:\/\/movisafe-americalatina.com\/es\/movisafe-news\/\",\"url\":\"https:\/\/movisafe-americalatina.com\/es\/movisafe-news\/\",\"name\":\"Movisafe Noticias - MOVISAFE America Latina\",\"isPartOf\":{\"@id\":\"https:\/\/movisafe-americalatina.com\/#website\"},\"datePublished\":\"2024-02-07T17:47:33+00:00\",\"dateModified\":\"2024-02-07T17:55:52+00:00\",\"breadcrumb\":{\"@id\":\"https:\/\/movisafe-americalatina.com\/es\/movisafe-news\/#breadcrumb\"},\"inLanguage\":\"es\",\"potentialAction\":[{\"@type\":\"ReadAction\",\"target\":[\"https:\/\/movisafe-americalatina.com\/es\/movisafe-news\/\"]}]},{\"@type\":\"BreadcrumbList\",\"@id\":\"https:\/\/movisafe-americalatina.com\/es\/movisafe-news\/#breadcrumb\",\"itemListElement\":[{\"@type\":\"ListItem\",\"position\":1,\"name\":\"In\u00edcio\",\"item\":\"https:\/\/movisafe-americalatina.com\/es\/\"},{\"@type\":\"ListItem\",\"position\":2,\"name\":\"Movisafe Noticias\"}]},{\"@type\":\"WebSite\",\"@id\":\"https:\/\/movisafe-americalatina.com\/#website\",\"url\":\"https:\/\/movisafe-americalatina.com\/\",\"name\":\"MOVISAFE America Latina\",\"description\":\"L\u00edder em seguran\u00e7a -  Am\u00e9rica Latina\",\"publisher\":{\"@id\":\"https:\/\/movisafe-americalatina.com\/#organization\"},\"potentialAction\":[{\"@type\":\"SearchAction\",\"target\":{\"@type\":\"EntryPoint\",\"urlTemplate\":\"https:\/\/movisafe-americalatina.com\/?s={search_term_string}\"},\"query-input\":{\"@type\":\"PropertyValueSpecification\",\"valueRequired\":true,\"valueName\":\"search_term_string\"}}],\"inLanguage\":\"es\"},{\"@type\":\"Organization\",\"@id\":\"https:\/\/movisafe-americalatina.com\/#organization\",\"name\":\"Movisafe America Latina\",\"url\":\"https:\/\/movisafe-americalatina.com\/\",\"logo\":{\"@type\":\"ImageObject\",\"inLanguage\":\"es\",\"@id\":\"https:\/\/movisafe-americalatina.com\/#\/schema\/logo\/image\/\",\"url\":\"https:\/\/movisafe-americalatina.com\/wp-content\/uploads\/2018\/10\/LogoMovisafe_Quadri.png\",\"contentUrl\":\"https:\/\/movisafe-americalatina.com\/wp-content\/uploads\/2018\/10\/LogoMovisafe_Quadri.png\",\"width\":373,\"height\":133,\"caption\":\"Movisafe America Latina\"},\"image\":{\"@id\":\"https:\/\/movisafe-americalatina.com\/#\/schema\/logo\/image\/\"},\"sameAs\":[\"https:\/\/www.facebook.com\/movisafeamericalatina\/\",\"https:\/\/www.linkedin.com\/company\/movisafe-america-latina\/\"]}]}<\/script>\n<!-- \/ Yoast SEO plugin. -->","yoast_head_json":{"title":"Movisafe Noticias - MOVISAFE America Latina","robots":{"index":"index","follow":"follow","max-snippet":"max-snippet:-1","max-image-preview":"max-image-preview:large","max-video-preview":"max-video-preview:-1"},"canonical":"https:\/\/movisafe-americalatina.com\/es\/movisafe-news\/","og_locale":"es_ES","og_type":"article","og_title":"Movisafe Noticias - MOVISAFE America Latina","og_url":"https:\/\/movisafe-americalatina.com\/es\/movisafe-news\/","og_site_name":"MOVISAFE America Latina","article_publisher":"https:\/\/www.facebook.com\/movisafeamericalatina\/","article_modified_time":"2024-02-07T17:55:52+00:00","twitter_card":"summary_large_image","twitter_misc":{"Tiempo de lectura":"1 minuto"},"schema":{"@context":"https:\/\/schema.org","@graph":[{"@type":"WebPage","@id":"https:\/\/movisafe-americalatina.com\/es\/movisafe-news\/","url":"https:\/\/movisafe-americalatina.com\/es\/movisafe-news\/","name":"Movisafe Noticias - MOVISAFE America Latina","isPartOf":{"@id":"https:\/\/movisafe-americalatina.com\/#website"},"datePublished":"2024-02-07T17:47:33+00:00","dateModified":"2024-02-07T17:55:52+00:00","breadcrumb":{"@id":"https:\/\/movisafe-americalatina.com\/es\/movisafe-news\/#breadcrumb"},"inLanguage":"es","potentialAction":[{"@type":"ReadAction","target":["https:\/\/movisafe-americalatina.com\/es\/movisafe-news\/"]}]},{"@type":"BreadcrumbList","@id":"https:\/\/movisafe-americalatina.com\/es\/movisafe-news\/#breadcrumb","itemListElement":[{"@type":"ListItem","position":1,"name":"In\u00edcio","item":"https:\/\/movisafe-americalatina.com\/es\/"},{"@type":"ListItem","position":2,"name":"Movisafe Noticias"}]},{"@type":"WebSite","@id":"https:\/\/movisafe-americalatina.com\/#website","url":"https:\/\/movisafe-americalatina.com\/","name":"MOVISAFE America Latina","description":"L\u00edder em seguran\u00e7a -  Am\u00e9rica Latina","publisher":{"@id":"https:\/\/movisafe-americalatina.com\/#organization"},"potentialAction":[{"@type":"SearchAction","target":{"@type":"EntryPoint","urlTemplate":"https:\/\/movisafe-americalatina.com\/?s={search_term_string}"},"query-input":{"@type":"PropertyValueSpecification","valueRequired":true,"valueName":"search_term_string"}}],"inLanguage":"es"},{"@type":"Organization","@id":"https:\/\/movisafe-americalatina.com\/#organization","name":"Movisafe America Latina","url":"https:\/\/movisafe-americalatina.com\/","logo":{"@type":"ImageObject","inLanguage":"es","@id":"https:\/\/movisafe-americalatina.com\/#\/schema\/logo\/image\/","url":"https:\/\/movisafe-americalatina.com\/wp-content\/uploads\/2018\/10\/LogoMovisafe_Quadri.png","contentUrl":"https:\/\/movisafe-americalatina.com\/wp-content\/uploads\/2018\/10\/LogoMovisafe_Quadri.png","width":373,"height":133,"caption":"Movisafe America Latina"},"image":{"@id":"https:\/\/movisafe-americalatina.com\/#\/schema\/logo\/image\/"},"sameAs":["https:\/\/www.facebook.com\/movisafeamericalatina\/","https:\/\/www.linkedin.com\/company\/movisafe-america-latina\/"]}]}},"_links":{"self":[{"href":"https:\/\/movisafe-americalatina.com\/es\/wp-json\/wp\/v2\/pages\/4073","targetHints":{"allow":["GET"]}}],"collection":[{"href":"https:\/\/movisafe-americalatina.com\/es\/wp-json\/wp\/v2\/pages"}],"about":[{"href":"https:\/\/movisafe-americalatina.com\/es\/wp-json\/wp\/v2\/types\/page"}],"author":[{"embeddable":true,"href":"https:\/\/movisafe-americalatina.com\/es\/wp-json\/wp\/v2\/users\/1"}],"replies":[{"embeddable":true,"href":"https:\/\/movisafe-americalatina.com\/es\/wp-json\/wp\/v2\/comments?post=4073"}],"version-history":[{"count":2,"href":"https:\/\/movisafe-americalatina.com\/es\/wp-json\/wp\/v2\/pages\/4073\/revisions"}],"predecessor-version":[{"id":4079,"href":"https:\/\/movisafe-americalatina.com\/es\/wp-json\/wp\/v2\/pages\/4073\/revisions\/4079"}],"wp:attachment":[{"href":"https:\/\/movisafe-americalatina.com\/es\/wp-json\/wp\/v2\/media?parent=4073"}],"curies":[{"name":"wp","href":"https:\/\/api.w.org\/{rel}","templated":true}]}}