{"id":3689,"date":"2023-01-10T17:27:47","date_gmt":"2023-01-10T20:27:47","guid":{"rendered":"https:\/\/movisafe-americalatina.com\/?page_id=3689"},"modified":"2025-10-22T09:57:23","modified_gmt":"2025-10-22T12:57:23","slug":"equipo-movisafe","status":"publish","type":"page","link":"https:\/\/movisafe-americalatina.com\/es\/equipo-movisafe\/","title":{"rendered":"Equipo MOVISAFE"},"content":{"rendered":"\n<style type=\"text\/css\" data-created_by=\"avia_inline_auto\" id=\"style-css-av-d5j6ts-a74c3286949a2d5b35d6bb22610cec60\">\n.flex_column.av-d5j6ts-a74c3286949a2d5b35d6bb22610cec60{\nborder-radius:0px 0px 0px 0px;\npadding:0px 0px 0px 0px;\n}\n<\/style>\n<div  class='flex_column av-d5j6ts-a74c3286949a2d5b35d6bb22610cec60 av_one_full  avia-builder-el-0  el_before_av_one_half  avia-builder-el-first  first flex_column_div av-zero-column-padding  '     ><style type=\"text\/css\" data-created_by=\"avia_inline_auto\" id=\"style-css-av-lcoxu6hi-f1217cb295a495d6d1bd2ba90f8c4a96\">\n#top .av-special-heading.av-lcoxu6hi-f1217cb295a495d6d1bd2ba90f8c4a96{\npadding-bottom:10px;\n}\nbody .av-special-heading.av-lcoxu6hi-f1217cb295a495d6d1bd2ba90f8c4a96 .av-special-heading-tag .heading-char{\nfont-size:25px;\n}\n.av-special-heading.av-lcoxu6hi-f1217cb295a495d6d1bd2ba90f8c4a96 .av-subheading{\nfont-size:15px;\n}\n<\/style>\n<div  class='av-special-heading av-lcoxu6hi-f1217cb295a495d6d1bd2ba90f8c4a96 av-special-heading-h3  avia-builder-el-1  avia-builder-el-no-sibling '><h3 class='av-special-heading-tag '  itemprop=\"headline\"  >Consejo de Administraci\u00f3n<\/h3><div class=\"special-heading-border\"><div class=\"special-heading-inner-border\"><\/div><\/div><\/div><\/div>\n\n<style type=\"text\/css\" data-created_by=\"avia_inline_auto\" id=\"style-css-av-a6h8jk-7f9993fe8b5e43fa750c60bc10ab0465\">\n.flex_column.av-a6h8jk-7f9993fe8b5e43fa750c60bc10ab0465{\nborder-radius:0px 0px 0px 0px;\npadding:0px 0px 0px 0px;\n}\n<\/style>\n<div  class='flex_column av-a6h8jk-7f9993fe8b5e43fa750c60bc10ab0465 av_one_half  avia-builder-el-2  el_after_av_one_full  el_before_av_one_half  first flex_column_div av-zero-column-padding  column-top-margin'     ><p><section  class='avia-team-member av-lbz7ad1u-efeac681507b8b2c4a59a50e303260c2  avia-builder-el-3  el_before_av_font_icon  avia-builder-el-first '  itemscope=\"itemscope\" itemtype=\"https:\/\/schema.org\/Person\" ><div class=\"team-img-container\"><img decoding=\"async\" fetchpriority=\"high\" class='wp-image-3674 avia-img-lazy-loading-not-3674 avia_image avia_image_team' src=\"https:\/\/movisafe-americalatina.com\/wp-content\/uploads\/2022\/12\/IMG_pascal.jpg\" alt='Pascal Gras'  itemprop=\"image\"   height=\"1200\" width=\"1200\" srcset=\"https:\/\/movisafe-americalatina.com\/wp-content\/uploads\/2022\/12\/IMG_pascal.jpg 1200w, https:\/\/movisafe-americalatina.com\/wp-content\/uploads\/2022\/12\/IMG_pascal-300x300.jpg 300w, https:\/\/movisafe-americalatina.com\/wp-content\/uploads\/2022\/12\/IMG_pascal-1030x1030.jpg 1030w, https:\/\/movisafe-americalatina.com\/wp-content\/uploads\/2022\/12\/IMG_pascal-80x80.jpg 80w, https:\/\/movisafe-americalatina.com\/wp-content\/uploads\/2022\/12\/IMG_pascal-768x768.jpg 768w, https:\/\/movisafe-americalatina.com\/wp-content\/uploads\/2022\/12\/IMG_pascal-36x36.jpg 36w, https:\/\/movisafe-americalatina.com\/wp-content\/uploads\/2022\/12\/IMG_pascal-180x180.jpg 180w, https:\/\/movisafe-americalatina.com\/wp-content\/uploads\/2022\/12\/IMG_pascal-705x705.jpg 705w, https:\/\/movisafe-americalatina.com\/wp-content\/uploads\/2022\/12\/IMG_pascal-120x120.jpg 120w, https:\/\/movisafe-americalatina.com\/wp-content\/uploads\/2022\/12\/IMG_pascal-450x450.jpg 450w\" sizes=\"(max-width: 1200px) 100vw, 1200px\" \/><div class=\"team-social\"><div class=\"team-social-inner\"><span class='hidden av_member_url_markup linkedin'  itemprop=\"url\" >http:\/\/www.linkedin.com\/in\/pascal-gras-4b508832\/<\/span><a href='http:\/\/www.linkedin.com\/in\/pascal-gras-4b508832\/' class='avia-team-icon av-9v37qo-5b9c16b099f52753489077b646d737e6 linkedin avia-iconfont avia-font-entypo-fontello' rel='v:url' data-avia-tooltip=\"LinkedIn\" target='_blank' data-av_icon='\ue8fd' data-av_iconfont='entypo-fontello' ><\/a><\/div><\/div><\/div><h3 class='team-member-name '  itemprop=\"name\" >Pascal Gras<\/h3><div class='team-member-job-title '  itemprop=\"jobTitle\" >Presidente MOVISAFE GROUP<\/div><div class='team-member-description '  itemprop=\"description\" ><p>Pascal fund\u00f3 MOVISAFE en 2002 tras trabajar como Director de Seguridad para varios grupos europeos y estadounidenses del sector energ\u00e9tico en el norte de \u00c1frica y Am\u00e9rica Latina.<\/p>\n<p>Es un antiguo oficial del Ej\u00e9rcito franc\u00e9s. Sirvi\u00f3 durante 7 a\u00f1os en unidades paracaidistas (13 RDP, 1 RCP) y en la Legi\u00f3n Extranjera Francesa (4 RE, 2 REP). Antes de ingresar en el ej\u00e9rcito, Pascal sigui\u00f3 cursos cient\u00edficos en la Universidad de Grenoble (Francia).<\/p>\n<p>Pascal es Auditor certificado en Sistemas de Gesti\u00f3n de Seguridad por el gobierno mexicano, y es Oficial de Protecci\u00f3n de Datos (DPO) certificado por la Escola Superior de Seguran\u00e7a de S\u00e3o Paulo. Es Coordinador de la Comisi\u00f3n de Seguridad de la CCIFB (C\u00e1mara de Comercio e Industria de Francia y Brasil).<\/p>\n<p>Pascal habla franc\u00e9s (lengua materna), ingl\u00e9s, portugu\u00e9s y espa\u00f1ol.<\/p>\n<\/div><span class='hidden team-member-affiliation'  itemprop=\"affiliation\" >MOVISAFE America Latina<\/span><\/section><br \/>\n\n<style type=\"text\/css\" data-created_by=\"avia_inline_auto\" id=\"style-css-av-lcox2uba-4162779d52980a229c8560c550636c67\">\n.av_font_icon.av-lcox2uba-4162779d52980a229c8560c550636c67 .av-icon-char{\nfont-size:40px;\nline-height:40px;\n}\n<\/style>\n<span  class='av_font_icon av-lcox2uba-4162779d52980a229c8560c550636c67 avia_animate_when_visible av-icon-style- avia-icon-pos-center avia-iconfont avia-font-entypo-fontello av-no-color'><a href='https:\/\/www.linkedin.com\/in\/pascal-gras-4b508832\/'  target=\"_blank\"  rel=\"noopener noreferrer\"  class='av-icon-char' data-av_icon='\ue8fd' data-av_iconfont='entypo-fontello' aria-hidden=\"false\" ><\/a><\/span><\/p><\/div>\n\n<style type=\"text\/css\" data-created_by=\"avia_inline_auto\" id=\"style-css-av-8577eo-7a0c3c80613396f015afdac40d130b9f\">\n.flex_column.av-8577eo-7a0c3c80613396f015afdac40d130b9f{\nborder-radius:0px 0px 0px 0px;\npadding:0px 0px 0px 0px;\n}\n<\/style>\n<div  class='flex_column av-8577eo-7a0c3c80613396f015afdac40d130b9f av_one_half  avia-builder-el-5  el_after_av_one_half  avia-builder-el-last  flex_column_div av-zero-column-padding  column-top-margin'     ><p><section  class='avia-team-member av-lbz7ad1u-a721c1e472390581581faac75978bc7b  avia-builder-el-6  el_before_av_font_icon  avia-builder-el-first '  itemscope=\"itemscope\" itemtype=\"https:\/\/schema.org\/Person\" ><div class=\"team-img-container\"><img decoding=\"async\" fetchpriority=\"high\" class='wp-image-6289 avia-img-lazy-loading-not-6289 avia_image avia_image_team' src=\"https:\/\/movisafe-americalatina.com\/wp-content\/uploads\/2025\/10\/WhatsApp-Image-2025-10-21-at-19.39.46.jpeg\" alt='Romario Peres'  itemprop=\"image\"   height=\"500\" width=\"500\" srcset=\"https:\/\/movisafe-americalatina.com\/wp-content\/uploads\/2025\/10\/WhatsApp-Image-2025-10-21-at-19.39.46.jpeg 500w, https:\/\/movisafe-americalatina.com\/wp-content\/uploads\/2025\/10\/WhatsApp-Image-2025-10-21-at-19.39.46-300x300.jpeg 300w, https:\/\/movisafe-americalatina.com\/wp-content\/uploads\/2025\/10\/WhatsApp-Image-2025-10-21-at-19.39.46-80x80.jpeg 80w, https:\/\/movisafe-americalatina.com\/wp-content\/uploads\/2025\/10\/WhatsApp-Image-2025-10-21-at-19.39.46-36x36.jpeg 36w, https:\/\/movisafe-americalatina.com\/wp-content\/uploads\/2025\/10\/WhatsApp-Image-2025-10-21-at-19.39.46-180x180.jpeg 180w\" sizes=\"(max-width: 500px) 100vw, 500px\" \/><div class=\"team-social\"><div class=\"team-social-inner\"><span class='hidden av_member_url_markup linkedin'  itemprop=\"url\" >https:\/\/www.linkedin.com\/in\/rperes2710\/<\/span><a href='https:\/\/www.linkedin.com\/in\/rperes2710\/' class='avia-team-icon av-5ixfhc-92b34764b5e077fe674c244fef4c0cf3 linkedin avia-iconfont avia-font-entypo-fontello' rel='v:url' data-avia-tooltip=\"LinkedIn\" target='_blank' data-av_icon='\ue8fd' data-av_iconfont='entypo-fontello' ><\/a><\/div><\/div><\/div><h3 class='team-member-name '  itemprop=\"name\" >Romario Peres<\/h3><div class='team-member-job-title '  itemprop=\"jobTitle\" >Gerente de Operaciones <\/div><div class='team-member-description '  itemprop=\"description\" ><p>Especialista en an\u00e1lisis de riesgos, inteligencia operativa y seguridad corporativa, con experiencia en t\u00e9cnicas de OSINT, auditor\u00edas de campo y monitoreo situacional.<\/p>\n<p>Exmiembro de las Fuerzas Armadas, actualmente se desempe\u00f1a como Gerente de Operaciones en MOVISAFE Am\u00e9rica Latina, liderando equipos, realizando evaluaciones de seguridad y procesos de diligencia, e integrando tecnolog\u00eda, inteligencia artificial y gesti\u00f3n de riesgos para fortalecer la resiliencia corporativa.<\/p>\n<\/div><span class='hidden team-member-affiliation'  itemprop=\"affiliation\" >MOVISAFE America Latina<\/span><\/section><br \/>\n\n<style type=\"text\/css\" data-created_by=\"avia_inline_auto\" id=\"style-css-av-lcox2uba-5e0de809756ebfd36ecc839fab13f04a\">\n.av_font_icon.av-lcox2uba-5e0de809756ebfd36ecc839fab13f04a .av-icon-char{\nfont-size:40px;\nline-height:40px;\n}\n<\/style>\n<span  class='av_font_icon av-lcox2uba-5e0de809756ebfd36ecc839fab13f04a avia_animate_when_visible av-icon-style- avia-icon-pos-center avia-iconfont avia-font-entypo-fontello av-no-color'><a href='https:\/\/www.linkedin.com\/in\/rperes2710\/'  target=\"_blank\"  rel=\"noopener noreferrer\"  class='av-icon-char' data-av_icon='\ue8fd' data-av_iconfont='entypo-fontello' aria-hidden=\"false\" ><\/a><\/span><\/p><\/div>\n","protected":false},"excerpt":{"rendered":"","protected":false},"author":21,"featured_media":6280,"parent":0,"menu_order":0,"comment_status":"closed","ping_status":"closed","template":"","meta":{"_monsterinsights_skip_tracking":false,"_monsterinsights_sitenote_active":false,"_monsterinsights_sitenote_note":"","_monsterinsights_sitenote_category":0,"footnotes":""},"class_list":["post-3689","page","type-page","status-publish","has-post-thumbnail","hentry"],"yoast_head":"<!-- This site is optimized with the Yoast SEO plugin v27.2 - https:\/\/yoast.com\/product\/yoast-seo-wordpress\/ -->\n<title>Equipo MOVISAFE - MOVISAFE America Latina<\/title>\n<meta name=\"description\" content=\"Conozca a Pascal Gras, Presidente y Romario Peres, Gerente de Operaciones de Movisafe Am\u00e9rica Latina. Expertos en seguridad no Brasil\" \/>\n<meta name=\"robots\" content=\"index, follow, max-snippet:-1, max-image-preview:large, max-video-preview:-1\" \/>\n<link rel=\"canonical\" href=\"https:\/\/movisafe-americalatina.com\/es\/equipo-movisafe\/\" \/>\n<meta property=\"og:locale\" content=\"es_ES\" \/>\n<meta property=\"og:type\" content=\"article\" \/>\n<meta property=\"og:title\" content=\"Equipo MOVISAFE - MOVISAFE America Latina\" \/>\n<meta property=\"og:description\" content=\"Conozca a Pascal Gras, Presidente y Romario Peres, Gerente de Operaciones de Movisafe Am\u00e9rica Latina. Expertos en seguridad no Brasil\" \/>\n<meta property=\"og:url\" content=\"https:\/\/movisafe-americalatina.com\/es\/equipo-movisafe\/\" \/>\n<meta property=\"og:site_name\" content=\"MOVISAFE America Latina\" \/>\n<meta property=\"article:publisher\" content=\"https:\/\/www.facebook.com\/movisafeamericalatina\/\" \/>\n<meta property=\"article:modified_time\" content=\"2025-10-22T12:57:23+00:00\" \/>\n<meta property=\"og:image\" content=\"https:\/\/movisafe-americalatina.com\/wp-content\/uploads\/2025\/10\/team-2025.jpg\" \/>\n\t<meta property=\"og:image:width\" content=\"1400\" \/>\n\t<meta property=\"og:image:height\" content=\"630\" \/>\n\t<meta property=\"og:image:type\" content=\"image\/jpeg\" \/>\n<meta name=\"twitter:card\" content=\"summary_large_image\" \/>\n<meta name=\"twitter:label1\" content=\"Tiempo de lectura\" \/>\n\t<meta name=\"twitter:data1\" content=\"2 minutos\" \/>\n<script type=\"application\/ld+json\" class=\"yoast-schema-graph\">{\"@context\":\"https:\/\/schema.org\",\"@graph\":[{\"@type\":\"WebPage\",\"@id\":\"https:\/\/movisafe-americalatina.com\/es\/equipo-movisafe\/\",\"url\":\"https:\/\/movisafe-americalatina.com\/es\/equipo-movisafe\/\",\"name\":\"Equipo MOVISAFE - MOVISAFE America Latina\",\"isPartOf\":{\"@id\":\"https:\/\/movisafe-americalatina.com\/#website\"},\"primaryImageOfPage\":{\"@id\":\"https:\/\/movisafe-americalatina.com\/es\/equipo-movisafe\/#primaryimage\"},\"image\":{\"@id\":\"https:\/\/movisafe-americalatina.com\/es\/equipo-movisafe\/#primaryimage\"},\"thumbnailUrl\":\"https:\/\/movisafe-americalatina.com\/wp-content\/uploads\/2025\/10\/team-2025.jpg\",\"datePublished\":\"2023-01-10T20:27:47+00:00\",\"dateModified\":\"2025-10-22T12:57:23+00:00\",\"description\":\"Conozca a Pascal Gras, Presidente y Romario Peres, Gerente de Operaciones de Movisafe Am\u00e9rica Latina. Expertos en seguridad no Brasil\",\"breadcrumb\":{\"@id\":\"https:\/\/movisafe-americalatina.com\/es\/equipo-movisafe\/#breadcrumb\"},\"inLanguage\":\"es\",\"potentialAction\":[{\"@type\":\"ReadAction\",\"target\":[\"https:\/\/movisafe-americalatina.com\/es\/equipo-movisafe\/\"]}]},{\"@type\":\"ImageObject\",\"inLanguage\":\"es\",\"@id\":\"https:\/\/movisafe-americalatina.com\/es\/equipo-movisafe\/#primaryimage\",\"url\":\"https:\/\/movisafe-americalatina.com\/wp-content\/uploads\/2025\/10\/team-2025.jpg\",\"contentUrl\":\"https:\/\/movisafe-americalatina.com\/wp-content\/uploads\/2025\/10\/team-2025.jpg\",\"width\":1400,\"height\":630,\"caption\":\"Dire\u00e7ao Movisafe\"},{\"@type\":\"BreadcrumbList\",\"@id\":\"https:\/\/movisafe-americalatina.com\/es\/equipo-movisafe\/#breadcrumb\",\"itemListElement\":[{\"@type\":\"ListItem\",\"position\":1,\"name\":\"In\u00edcio\",\"item\":\"https:\/\/movisafe-americalatina.com\/es\/\"},{\"@type\":\"ListItem\",\"position\":2,\"name\":\"Equipo MOVISAFE\"}]},{\"@type\":\"WebSite\",\"@id\":\"https:\/\/movisafe-americalatina.com\/#website\",\"url\":\"https:\/\/movisafe-americalatina.com\/\",\"name\":\"MOVISAFE America Latina\",\"description\":\"L\u00edder em seguran\u00e7a -  Am\u00e9rica Latina\",\"publisher\":{\"@id\":\"https:\/\/movisafe-americalatina.com\/#organization\"},\"potentialAction\":[{\"@type\":\"SearchAction\",\"target\":{\"@type\":\"EntryPoint\",\"urlTemplate\":\"https:\/\/movisafe-americalatina.com\/?s={search_term_string}\"},\"query-input\":{\"@type\":\"PropertyValueSpecification\",\"valueRequired\":true,\"valueName\":\"search_term_string\"}}],\"inLanguage\":\"es\"},{\"@type\":\"Organization\",\"@id\":\"https:\/\/movisafe-americalatina.com\/#organization\",\"name\":\"Movisafe America Latina\",\"url\":\"https:\/\/movisafe-americalatina.com\/\",\"logo\":{\"@type\":\"ImageObject\",\"inLanguage\":\"es\",\"@id\":\"https:\/\/movisafe-americalatina.com\/#\/schema\/logo\/image\/\",\"url\":\"https:\/\/movisafe-americalatina.com\/wp-content\/uploads\/2018\/10\/LogoMovisafe_Quadri.png\",\"contentUrl\":\"https:\/\/movisafe-americalatina.com\/wp-content\/uploads\/2018\/10\/LogoMovisafe_Quadri.png\",\"width\":373,\"height\":133,\"caption\":\"Movisafe America Latina\"},\"image\":{\"@id\":\"https:\/\/movisafe-americalatina.com\/#\/schema\/logo\/image\/\"},\"sameAs\":[\"https:\/\/www.facebook.com\/movisafeamericalatina\/\",\"https:\/\/www.linkedin.com\/company\/movisafe-america-latina\/\"]}]}<\/script>\n<!-- \/ Yoast SEO plugin. -->","yoast_head_json":{"title":"Equipo MOVISAFE - MOVISAFE America Latina","description":"Conozca a Pascal Gras, Presidente y Romario Peres, Gerente de Operaciones de Movisafe Am\u00e9rica Latina. Expertos en seguridad no Brasil","robots":{"index":"index","follow":"follow","max-snippet":"max-snippet:-1","max-image-preview":"max-image-preview:large","max-video-preview":"max-video-preview:-1"},"canonical":"https:\/\/movisafe-americalatina.com\/es\/equipo-movisafe\/","og_locale":"es_ES","og_type":"article","og_title":"Equipo MOVISAFE - MOVISAFE America Latina","og_description":"Conozca a Pascal Gras, Presidente y Romario Peres, Gerente de Operaciones de Movisafe Am\u00e9rica Latina. Expertos en seguridad no Brasil","og_url":"https:\/\/movisafe-americalatina.com\/es\/equipo-movisafe\/","og_site_name":"MOVISAFE America Latina","article_publisher":"https:\/\/www.facebook.com\/movisafeamericalatina\/","article_modified_time":"2025-10-22T12:57:23+00:00","og_image":[{"width":1400,"height":630,"url":"https:\/\/movisafe-americalatina.com\/wp-content\/uploads\/2025\/10\/team-2025.jpg","type":"image\/jpeg"}],"twitter_card":"summary_large_image","twitter_misc":{"Tiempo de lectura":"2 minutos"},"schema":{"@context":"https:\/\/schema.org","@graph":[{"@type":"WebPage","@id":"https:\/\/movisafe-americalatina.com\/es\/equipo-movisafe\/","url":"https:\/\/movisafe-americalatina.com\/es\/equipo-movisafe\/","name":"Equipo MOVISAFE - MOVISAFE America Latina","isPartOf":{"@id":"https:\/\/movisafe-americalatina.com\/#website"},"primaryImageOfPage":{"@id":"https:\/\/movisafe-americalatina.com\/es\/equipo-movisafe\/#primaryimage"},"image":{"@id":"https:\/\/movisafe-americalatina.com\/es\/equipo-movisafe\/#primaryimage"},"thumbnailUrl":"https:\/\/movisafe-americalatina.com\/wp-content\/uploads\/2025\/10\/team-2025.jpg","datePublished":"2023-01-10T20:27:47+00:00","dateModified":"2025-10-22T12:57:23+00:00","description":"Conozca a Pascal Gras, Presidente y Romario Peres, Gerente de Operaciones de Movisafe Am\u00e9rica Latina. Expertos en seguridad no Brasil","breadcrumb":{"@id":"https:\/\/movisafe-americalatina.com\/es\/equipo-movisafe\/#breadcrumb"},"inLanguage":"es","potentialAction":[{"@type":"ReadAction","target":["https:\/\/movisafe-americalatina.com\/es\/equipo-movisafe\/"]}]},{"@type":"ImageObject","inLanguage":"es","@id":"https:\/\/movisafe-americalatina.com\/es\/equipo-movisafe\/#primaryimage","url":"https:\/\/movisafe-americalatina.com\/wp-content\/uploads\/2025\/10\/team-2025.jpg","contentUrl":"https:\/\/movisafe-americalatina.com\/wp-content\/uploads\/2025\/10\/team-2025.jpg","width":1400,"height":630,"caption":"Dire\u00e7ao Movisafe"},{"@type":"BreadcrumbList","@id":"https:\/\/movisafe-americalatina.com\/es\/equipo-movisafe\/#breadcrumb","itemListElement":[{"@type":"ListItem","position":1,"name":"In\u00edcio","item":"https:\/\/movisafe-americalatina.com\/es\/"},{"@type":"ListItem","position":2,"name":"Equipo MOVISAFE"}]},{"@type":"WebSite","@id":"https:\/\/movisafe-americalatina.com\/#website","url":"https:\/\/movisafe-americalatina.com\/","name":"MOVISAFE America Latina","description":"L\u00edder em seguran\u00e7a -  Am\u00e9rica Latina","publisher":{"@id":"https:\/\/movisafe-americalatina.com\/#organization"},"potentialAction":[{"@type":"SearchAction","target":{"@type":"EntryPoint","urlTemplate":"https:\/\/movisafe-americalatina.com\/?s={search_term_string}"},"query-input":{"@type":"PropertyValueSpecification","valueRequired":true,"valueName":"search_term_string"}}],"inLanguage":"es"},{"@type":"Organization","@id":"https:\/\/movisafe-americalatina.com\/#organization","name":"Movisafe America Latina","url":"https:\/\/movisafe-americalatina.com\/","logo":{"@type":"ImageObject","inLanguage":"es","@id":"https:\/\/movisafe-americalatina.com\/#\/schema\/logo\/image\/","url":"https:\/\/movisafe-americalatina.com\/wp-content\/uploads\/2018\/10\/LogoMovisafe_Quadri.png","contentUrl":"https:\/\/movisafe-americalatina.com\/wp-content\/uploads\/2018\/10\/LogoMovisafe_Quadri.png","width":373,"height":133,"caption":"Movisafe America Latina"},"image":{"@id":"https:\/\/movisafe-americalatina.com\/#\/schema\/logo\/image\/"},"sameAs":["https:\/\/www.facebook.com\/movisafeamericalatina\/","https:\/\/www.linkedin.com\/company\/movisafe-america-latina\/"]}]}},"_links":{"self":[{"href":"https:\/\/movisafe-americalatina.com\/es\/wp-json\/wp\/v2\/pages\/3689","targetHints":{"allow":["GET"]}}],"collection":[{"href":"https:\/\/movisafe-americalatina.com\/es\/wp-json\/wp\/v2\/pages"}],"about":[{"href":"https:\/\/movisafe-americalatina.com\/es\/wp-json\/wp\/v2\/types\/page"}],"author":[{"embeddable":true,"href":"https:\/\/movisafe-americalatina.com\/es\/wp-json\/wp\/v2\/users\/21"}],"replies":[{"embeddable":true,"href":"https:\/\/movisafe-americalatina.com\/es\/wp-json\/wp\/v2\/comments?post=3689"}],"version-history":[{"count":9,"href":"https:\/\/movisafe-americalatina.com\/es\/wp-json\/wp\/v2\/pages\/3689\/revisions"}],"predecessor-version":[{"id":6316,"href":"https:\/\/movisafe-americalatina.com\/es\/wp-json\/wp\/v2\/pages\/3689\/revisions\/6316"}],"wp:featuredmedia":[{"embeddable":true,"href":"https:\/\/movisafe-americalatina.com\/es\/wp-json\/wp\/v2\/media\/6280"}],"wp:attachment":[{"href":"https:\/\/movisafe-americalatina.com\/es\/wp-json\/wp\/v2\/media?parent=3689"}],"curies":[{"name":"wp","href":"https:\/\/api.w.org\/{rel}","templated":true}]}}