{"id":1080,"date":"2019-11-15T13:10:27","date_gmt":"2019-11-15T10:10:27","guid":{"rendered":"https:\/\/movisafe-americalatina.com\/?page_id=1080"},"modified":"2022-05-30T11:14:40","modified_gmt":"2022-05-30T14:14:40","slug":"contactos","status":"publish","type":"page","link":"https:\/\/movisafe-americalatina.com\/es\/contactos\/","title":{"rendered":"Contactos"},"content":{"rendered":"\n<style type=\"text\/css\" data-created_by=\"avia_inline_auto\" id=\"style-css-av-av_heading-3180e536a8f9e29bd7c743fb9ba4649b\">\n#top .av-special-heading.av-av_heading-3180e536a8f9e29bd7c743fb9ba4649b{\nmargin:40px 0 40px 0;\npadding-bottom:10px;\n}\nbody .av-special-heading.av-av_heading-3180e536a8f9e29bd7c743fb9ba4649b .av-special-heading-tag .heading-char{\nfont-size:25px;\n}\n.av-special-heading.av-av_heading-3180e536a8f9e29bd7c743fb9ba4649b .av-subheading{\nfont-size:15px;\n}\n<\/style>\n<div  class='av-special-heading av-av_heading-3180e536a8f9e29bd7c743fb9ba4649b av-special-heading-h1 blockquote modern-quote  avia-builder-el-0  el_before_av_one_half  avia-builder-el-first '><h1 class='av-special-heading-tag '  itemprop=\"headline\"  >Cont\u00e1ctenos<\/h1><div class=\"special-heading-border\"><div class=\"special-heading-inner-border\"><\/div><\/div><\/div>\n\n<style type=\"text\/css\" data-created_by=\"avia_inline_auto\" id=\"style-css-av-5wovs-d990dbe55b132a4ba11d1e6dc0454e72\">\n.flex_column.av-5wovs-d990dbe55b132a4ba11d1e6dc0454e72{\nborder-radius:0px 0px 0px 0px;\npadding:0px 0px 0px 0px;\n}\n<\/style>\n<div  class='flex_column av-5wovs-d990dbe55b132a4ba11d1e6dc0454e72 av_one_half  avia-builder-el-1  el_after_av_heading  el_before_av_two_fifth  first flex_column_div av-zero-column-padding  '     ><form action=\"https:\/\/movisafe-americalatina.com\/es\/contactos\/\" method=\"post\" data-fields-with-error=\"Found errors in the following field(s):\" class=\"avia_ajax_form av-form-labels-hidden   avia-builder-el-2  avia-builder-el-no-sibling   \" data-avia-form-id=\"1\" data-avia-redirect='' ><fieldset><p class='  first_form  form_element form_element_half' id='element_avia_1_1'><label for=\"avia_1_1\">Nombre <abbr class=\"required\" title=\"requerido\">*<\/abbr><\/label> <input name=\"avia_1_1\" class=\"text_input is_empty\" type=\"text\" id=\"avia_1_1\" value=\"\"  placeholder='Nombre*'\/><\/p><p class='  form_element form_element_half' id='element_avia_2_1'><label for=\"avia_2_1\">Correo electr\u00f3nico <abbr class=\"required\" title=\"requerido\">*<\/abbr><\/label> <input name=\"avia_2_1\" class=\"text_input is_email\" type=\"text\" id=\"avia_2_1\" value=\"\"  placeholder='Correo electr\u00f3nico*'\/><\/p><p class='  first_form  form_element form_fullwidth' id='element_avia_3_1'><label for=\"avia_3_1\">Nombre de la empresa<\/label> <input name=\"avia_3_1\" class=\"text_input \" type=\"text\" id=\"avia_3_1\" value=\"\"  placeholder='Nombre de la empresa'\/><\/p><p class='  first_form  form_element form_fullwidth' id='element_avia_4_1'><label for=\"avia_4_1\">Tema de la solicitud <abbr class=\"required\" title=\"requerido\">*<\/abbr><\/label> <input name=\"avia_4_1\" class=\"text_input is_empty\" type=\"text\" id=\"avia_4_1\" value=\"\"  placeholder='Tema de la solicitud*'\/><\/p><p class='  first_form  form_element form_fullwidth av-last-visible-form-element' id='element_avia_5_1'><label for=\"avia_5_1\" class=\"textare_label hidden textare_label_avia_5_1\">Mensaje <abbr class=\"required\" title=\"requerido\">*<\/abbr><\/label><textarea  placeholder='Mensaje*' name=\"avia_5_1\" class=\"text_area is_empty\" cols=\"40\" rows=\"7\" id=\"avia_5_1\" ><\/textarea><\/p><p class=\"hidden\"><input type=\"text\" name=\"avia_6_1\" class=\"hidden \" id=\"avia_6_1\" value=\"\" \/><\/p><p class=\"form_element \"><input type=\"hidden\" value=\"1\" name=\"avia_generated_form1\" \/><input type=\"submit\" value=\"ENVIAR\" class=\"button\"  data-sending-label=\"Enviando\"\/><\/p><\/fieldset><\/form><div id=\"ajaxresponse_1\" class=\"ajaxresponse ajaxresponse_1 hidden\"><\/div><\/div>\n\n<style type=\"text\/css\" data-created_by=\"avia_inline_auto\" id=\"style-css-av-2ajb8-a8b85eff05f8340e5d1b0b140ddac5ef\">\n.flex_column.av-2ajb8-a8b85eff05f8340e5d1b0b140ddac5ef{\nborder-radius:0px 0px 0px 0px;\npadding:0px 0px 0px 0px;\n}\n<\/style>\n<div  class='flex_column av-2ajb8-a8b85eff05f8340e5d1b0b140ddac5ef av_two_fifth  avia-builder-el-3  el_after_av_one_half  avia-builder-el-last  flex_column_div av-zero-column-padding  '     ><style type=\"text\/css\" data-created_by=\"avia_inline_auto\" id=\"style-css-av-jnqhfo5p-eea9f1d6ee931d7a3ceaaf235419843c\">\n#top .av_textblock_section.av-jnqhfo5p-eea9f1d6ee931d7a3ceaaf235419843c .avia_textblock{\nfont-size:16px;\n}\n<\/style>\n<section  class='av_textblock_section av-jnqhfo5p-eea9f1d6ee931d7a3ceaaf235419843c '   itemscope=\"itemscope\" itemtype=\"https:\/\/schema.org\/CreativeWork\" ><div class='avia_textblock'  itemprop=\"text\" ><p class=\"p1\">No duden en ponerse en contacto con nosotros para obtener m\u00e1s informaci\u00f3n sobre nuestros servicios o recibir un presupuesto gratuito.<\/p>\n<\/div><\/section><br \/>\n<section  class='av_textblock_section av-jnqiipfx-311296a48aa5e6377ba79741bf885682 '   itemscope=\"itemscope\" itemtype=\"https:\/\/schema.org\/CreativeWork\" ><div class='avia_textblock'  itemprop=\"text\" ><p><img loading=\"lazy\" decoding=\"async\" class=\"size-thumbnail wp-image-101 alignleft\" src=\"https:\/\/movisafe-americalatina.com\/wp-content\/uploads\/2018\/10\/brazil-80x80.png\" alt=\"\" width=\"30\" height=\"30\" srcset=\"https:\/\/movisafe-americalatina.com\/wp-content\/uploads\/2018\/10\/brazil-80x80.png 80w, https:\/\/movisafe-americalatina.com\/wp-content\/uploads\/2018\/10\/brazil-36x36.png 36w, https:\/\/movisafe-americalatina.com\/wp-content\/uploads\/2018\/10\/brazil-120x120.png 120w, https:\/\/movisafe-americalatina.com\/wp-content\/uploads\/2018\/10\/brazil.png 128w\" sizes=\"auto, (max-width: 30px) 100vw, 30px\" \/><\/p>\n<div style=\"line-height: 30px;\"><sup>_____<\/sup>\u00a0 BRASIL<\/div>\n<\/div><\/section><br \/>\n\n<style type=\"text\/css\" data-created_by=\"avia_inline_auto\" id=\"style-css-av-jnqhnioj-782f8f8dc8c16f2044b771c8a3dbc770\">\n#top .avia-icon-list-container.av-jnqhnioj-782f8f8dc8c16f2044b771c8a3dbc770 .iconlist_icon{\nfont-size:16px;\n}\n#top .avia-icon-list-container.av-jnqhnioj-782f8f8dc8c16f2044b771c8a3dbc770 .iconlist_icon svg:first-child{\nheight:16px;\nwidth:16px;\n}\n#top #wrap_all .avia-icon-list-container.av-jnqhnioj-782f8f8dc8c16f2044b771c8a3dbc770 .av_iconlist_title{\nfont-size:16px;\n}\n<\/style>\n<div  class='avia-icon-list-container av-jnqhnioj-782f8f8dc8c16f2044b771c8a3dbc770  avia-builder-el-6  el_after_av_textblock  el_before_av_textblock '><ul class='avia-icon-list avia_animate_when_almost_visible avia-icon-list-left av-iconlist-small av-jnqhnioj-782f8f8dc8c16f2044b771c8a3dbc770 avia-iconlist-animate'>\n<li><div class='iconlist_icon av-bh1ns-27d82b2cdbe5609a7846a3a0507daec9 avia-font-entypo-fontello avia-iconfont avia-font-entypo-fontello'><span class='av-icon-char' data-av_icon='\ue854' data-av_iconfont='entypo-fontello' aria-hidden=\"true\"><\/span><\/div><article class=\"article-icon-entry av-iconlist-empty\"  itemscope=\"itemscope\" itemtype=\"https:\/\/schema.org\/CreativeWork\" ><div class=\"iconlist_content_wrap\"><header class=\"entry-content-header\" aria-label=\"Icon: &lt;a href=&#039;tel:552131974219 &#039; title=&#039;+55 (21) 3197-4219&#039;&gt;+55 (21) 3197-4219&lt;\/a&gt;\"><div class='av_iconlist_title iconlist_title_small  '  itemprop=\"headline\" ><a href='tel:552131974219 ' title='+55 (21) 3197-4219'>+55 (21) 3197-4219<\/a><\/div><\/header><div class='iconlist_content '  itemprop=\"text\" ><\/div><\/div><footer class=\"entry-footer\"><\/footer><\/article><div class=\"iconlist-timeline\"><\/div><\/li>\n<li><div class='iconlist_icon av-10xew-0e29c077f93e88681d849bac0b52511f avia-font-entypo-fontello avia-iconfont avia-font-entypo-fontello'><span class='av-icon-char' data-av_icon='\ue805' data-av_iconfont='entypo-fontello' aria-hidden=\"true\"><\/span><\/div><article class=\"article-icon-entry av-iconlist-empty\"  itemscope=\"itemscope\" itemtype=\"https:\/\/schema.org\/CreativeWork\" ><div class=\"iconlist_content_wrap\"><header class=\"entry-content-header\" aria-label=\"Icon: &lt;a href=&#039;mailto: contato@movisafe-americalatina.com&#039; title=&#039;contato@movisafe-americalatina.com&#039; target=&quot;_blank&quot;  rel=&quot;noopener noreferrer&quot;&gt;contato@movisafe-americalatina.com&lt;\/a&gt;\"><div class='av_iconlist_title iconlist_title_small  '  itemprop=\"headline\" ><a href='mailto: contato@movisafe-americalatina.com' title='contato@movisafe-americalatina.com' target=\"_blank\"  rel=\"noopener noreferrer\">contato@movisafe-americalatina.com<\/a><\/div><\/header><div class='iconlist_content '  itemprop=\"text\" ><\/div><\/div><footer class=\"entry-footer\"><\/footer><\/article><div class=\"iconlist-timeline\"><\/div><\/li>\n<\/ul><\/div><br \/>\n<section  class='av_textblock_section av-jnqiipfx-311296a48aa5e6377ba79741bf885682 '   itemscope=\"itemscope\" itemtype=\"https:\/\/schema.org\/CreativeWork\" ><div class='avia_textblock'  itemprop=\"text\" ><p><img loading=\"lazy\" decoding=\"async\" class=\"wp-image-100 size-thumbnail alignleft\" src=\"https:\/\/movisafe-americalatina.com\/wp-content\/uploads\/2018\/10\/mexico-80x80.png\" alt=\"\" width=\"30\" height=\"30\" srcset=\"https:\/\/movisafe-americalatina.com\/wp-content\/uploads\/2018\/10\/mexico-80x80.png 80w, https:\/\/movisafe-americalatina.com\/wp-content\/uploads\/2018\/10\/mexico-36x36.png 36w, https:\/\/movisafe-americalatina.com\/wp-content\/uploads\/2018\/10\/mexico-120x120.png 120w, https:\/\/movisafe-americalatina.com\/wp-content\/uploads\/2018\/10\/mexico.png 128w\" sizes=\"auto, (max-width: 30px) 100vw, 30px\" \/><\/p>\n<div style=\"line-height: 30px;\"><sup>_____<\/sup>\u00a0 M\u00c9XICO<\/div>\n<\/div><\/section><br \/>\n\n<style type=\"text\/css\" data-created_by=\"avia_inline_auto\" id=\"style-css-av-jnqhnioj-782f8f8dc8c16f2044b771c8a3dbc770\">\n#top .avia-icon-list-container.av-jnqhnioj-782f8f8dc8c16f2044b771c8a3dbc770 .iconlist_icon{\nfont-size:16px;\n}\n#top .avia-icon-list-container.av-jnqhnioj-782f8f8dc8c16f2044b771c8a3dbc770 .iconlist_icon svg:first-child{\nheight:16px;\nwidth:16px;\n}\n#top #wrap_all .avia-icon-list-container.av-jnqhnioj-782f8f8dc8c16f2044b771c8a3dbc770 .av_iconlist_title{\nfont-size:16px;\n}\n<\/style>\n<div  class='avia-icon-list-container av-jnqhnioj-782f8f8dc8c16f2044b771c8a3dbc770  avia-builder-el-8  el_after_av_textblock  el_before_av_textblock '><ul class='avia-icon-list avia_animate_when_almost_visible avia-icon-list-left av-iconlist-small av-jnqhnioj-782f8f8dc8c16f2044b771c8a3dbc770 avia-iconlist-animate'>\n<li><div class='iconlist_icon av-1pecs-bae8cb5fc7c6793e4efcdd5e28be9bb2 avia-font-entypo-fontello avia-iconfont avia-font-entypo-fontello'><span class='av-icon-char' data-av_icon='\ue854' data-av_iconfont='entypo-fontello' aria-hidden=\"true\"><\/span><\/div><article class=\"article-icon-entry av-iconlist-empty\"  itemscope=\"itemscope\" itemtype=\"https:\/\/schema.org\/CreativeWork\" ><div class=\"iconlist_content_wrap\"><header class=\"entry-content-header\" aria-label=\"Icon: &lt;a href=&#039;tel:+525555765417&#039; title=&#039;+52 (55) 5576-5417 &#039;&gt;+52 (55) 5576-5417 &lt;\/a&gt;\"><div class='av_iconlist_title iconlist_title_small  '  itemprop=\"headline\" ><a href='tel:+525555765417' title='+52 (55) 5576-5417 '>+52 (55) 5576-5417 <\/a><\/div><\/header><div class='iconlist_content '  itemprop=\"text\" ><\/div><\/div><footer class=\"entry-footer\"><\/footer><\/article><div class=\"iconlist-timeline\"><\/div><\/li>\n<\/ul><\/div><br \/>\n<section  class='av_textblock_section av-jnqiipfx-311296a48aa5e6377ba79741bf885682 '   itemscope=\"itemscope\" itemtype=\"https:\/\/schema.org\/CreativeWork\" ><div class='avia_textblock'  itemprop=\"text\" ><p><img loading=\"lazy\" decoding=\"async\" class=\"alignleft size-thumbnail wp-image-1698\" src=\"https:\/\/movisafe-americalatina.com\/wp-content\/uploads\/2020\/07\/flag-colombia.png\" alt=\"\" width=\"30\" height=\"30\" srcset=\"https:\/\/movisafe-americalatina.com\/wp-content\/uploads\/2020\/07\/flag-colombia.png 80w, https:\/\/movisafe-americalatina.com\/wp-content\/uploads\/2020\/07\/flag-colombia-36x36.png 36w\" sizes=\"auto, (max-width: 30px) 100vw, 30px\" \/><\/p>\n<div style=\"line-height: 30px;\"><sup>_____<\/sup>\u00a0 COLOMBIA<\/div>\n<\/div><\/section><br \/>\n\n<style type=\"text\/css\" data-created_by=\"avia_inline_auto\" id=\"style-css-av-jnqhnioj-782f8f8dc8c16f2044b771c8a3dbc770\">\n#top .avia-icon-list-container.av-jnqhnioj-782f8f8dc8c16f2044b771c8a3dbc770 .iconlist_icon{\nfont-size:16px;\n}\n#top .avia-icon-list-container.av-jnqhnioj-782f8f8dc8c16f2044b771c8a3dbc770 .iconlist_icon svg:first-child{\nheight:16px;\nwidth:16px;\n}\n#top #wrap_all .avia-icon-list-container.av-jnqhnioj-782f8f8dc8c16f2044b771c8a3dbc770 .av_iconlist_title{\nfont-size:16px;\n}\n<\/style>\n<div  class='avia-icon-list-container av-jnqhnioj-782f8f8dc8c16f2044b771c8a3dbc770  avia-builder-el-10  el_after_av_textblock  avia-builder-el-last '><ul class='avia-icon-list avia_animate_when_almost_visible avia-icon-list-left av-iconlist-small av-jnqhnioj-782f8f8dc8c16f2044b771c8a3dbc770 avia-iconlist-animate'>\n<li><div class='iconlist_icon av-av_iconlist_item-222e29aaeb061186070023edb733e7c9 avia-font-entypo-fontello avia-iconfont avia-font-entypo-fontello'><span class='av-icon-char' data-av_icon='\ue854' data-av_iconfont='entypo-fontello' aria-hidden=\"true\"><\/span><\/div><article class=\"article-icon-entry av-iconlist-empty\"  itemscope=\"itemscope\" itemtype=\"https:\/\/schema.org\/CreativeWork\" ><div class=\"iconlist_content_wrap\"><header class=\"entry-content-header\" aria-label=\"Icon: &lt;a href=&#039;tel:++573118192989&#039; title=&#039;+57 311 819 2989&#039;&gt;+57 311 819 2989&lt;\/a&gt;\"><div class='av_iconlist_title iconlist_title_small  '  itemprop=\"headline\" ><a href='tel:++573118192989' title='+57 311 819 2989'>+57 311 819 2989<\/a><\/div><\/header><div class='iconlist_content '  itemprop=\"text\" ><\/div><\/div><footer class=\"entry-footer\"><\/footer><\/article><div class=\"iconlist-timeline\"><\/div><\/li>\n<\/ul><\/div><\/p><\/div>\n","protected":false},"excerpt":{"rendered":"","protected":false},"author":1,"featured_media":0,"parent":0,"menu_order":0,"comment_status":"closed","ping_status":"closed","template":"","meta":{"_monsterinsights_skip_tracking":false,"_monsterinsights_sitenote_active":false,"_monsterinsights_sitenote_note":"","_monsterinsights_sitenote_category":0,"footnotes":""},"class_list":["post-1080","page","type-page","status-publish","hentry"],"yoast_head":"<!-- This site is optimized with the Yoast SEO plugin v27.2 - https:\/\/yoast.com\/product\/yoast-seo-wordpress\/ -->\n<title>Contactos - MOVISAFE America Latina<\/title>\n<meta name=\"description\" content=\"No duden en ponerse en contacto con nosotros para obtener m\u00e1s informaci\u00f3n sobre nuestros servicios o recibir un presupuesto gratuito.\" \/>\n<meta name=\"robots\" content=\"index, follow, max-snippet:-1, max-image-preview:large, max-video-preview:-1\" \/>\n<link rel=\"canonical\" href=\"https:\/\/movisafe-americalatina.com\/es\/contactos\/\" \/>\n<meta property=\"og:locale\" content=\"es_ES\" \/>\n<meta property=\"og:type\" content=\"article\" \/>\n<meta property=\"og:title\" content=\"Contactos - MOVISAFE America Latina\" \/>\n<meta property=\"og:description\" content=\"No duden en ponerse en contacto con nosotros para obtener m\u00e1s informaci\u00f3n sobre nuestros servicios o recibir un presupuesto gratuito.\" \/>\n<meta property=\"og:url\" content=\"https:\/\/movisafe-americalatina.com\/es\/contactos\/\" \/>\n<meta property=\"og:site_name\" content=\"MOVISAFE America Latina\" \/>\n<meta property=\"article:publisher\" content=\"https:\/\/www.facebook.com\/movisafeamericalatina\/\" \/>\n<meta property=\"article:modified_time\" content=\"2022-05-30T14:14:40+00:00\" \/>\n<meta property=\"og:image\" content=\"https:\/\/movisafe-americalatina.com\/wp-content\/uploads\/2018\/10\/brazil-80x80.png\" \/>\n<meta name=\"twitter:card\" content=\"summary_large_image\" \/>\n<meta name=\"twitter:label1\" content=\"Tiempo de lectura\" \/>\n\t<meta name=\"twitter:data1\" content=\"4 minutos\" \/>\n<script type=\"application\/ld+json\" class=\"yoast-schema-graph\">{\"@context\":\"https:\/\/schema.org\",\"@graph\":[{\"@type\":\"WebPage\",\"@id\":\"https:\/\/movisafe-americalatina.com\/es\/contactos\/\",\"url\":\"https:\/\/movisafe-americalatina.com\/es\/contactos\/\",\"name\":\"Contactos - MOVISAFE America Latina\",\"isPartOf\":{\"@id\":\"https:\/\/movisafe-americalatina.com\/#website\"},\"primaryImageOfPage\":{\"@id\":\"https:\/\/movisafe-americalatina.com\/es\/contactos\/#primaryimage\"},\"image\":{\"@id\":\"https:\/\/movisafe-americalatina.com\/es\/contactos\/#primaryimage\"},\"thumbnailUrl\":\"https:\/\/movisafe-americalatina.com\/wp-content\/uploads\/2018\/10\/brazil-80x80.png\",\"datePublished\":\"2019-11-15T10:10:27+00:00\",\"dateModified\":\"2022-05-30T14:14:40+00:00\",\"description\":\"No duden en ponerse en contacto con nosotros para obtener m\u00e1s informaci\u00f3n sobre nuestros servicios o recibir un presupuesto gratuito.\",\"breadcrumb\":{\"@id\":\"https:\/\/movisafe-americalatina.com\/es\/contactos\/#breadcrumb\"},\"inLanguage\":\"es\",\"potentialAction\":[{\"@type\":\"ReadAction\",\"target\":[\"https:\/\/movisafe-americalatina.com\/es\/contactos\/\"]}]},{\"@type\":\"ImageObject\",\"inLanguage\":\"es\",\"@id\":\"https:\/\/movisafe-americalatina.com\/es\/contactos\/#primaryimage\",\"url\":\"https:\/\/movisafe-americalatina.com\/wp-content\/uploads\/2018\/10\/brazil-80x80.png\",\"contentUrl\":\"https:\/\/movisafe-americalatina.com\/wp-content\/uploads\/2018\/10\/brazil-80x80.png\"},{\"@type\":\"BreadcrumbList\",\"@id\":\"https:\/\/movisafe-americalatina.com\/es\/contactos\/#breadcrumb\",\"itemListElement\":[{\"@type\":\"ListItem\",\"position\":1,\"name\":\"In\u00edcio\",\"item\":\"https:\/\/movisafe-americalatina.com\/es\/\"},{\"@type\":\"ListItem\",\"position\":2,\"name\":\"Contactos\"}]},{\"@type\":\"WebSite\",\"@id\":\"https:\/\/movisafe-americalatina.com\/#website\",\"url\":\"https:\/\/movisafe-americalatina.com\/\",\"name\":\"MOVISAFE America Latina\",\"description\":\"L\u00edder em seguran\u00e7a -  Am\u00e9rica Latina\",\"publisher\":{\"@id\":\"https:\/\/movisafe-americalatina.com\/#organization\"},\"potentialAction\":[{\"@type\":\"SearchAction\",\"target\":{\"@type\":\"EntryPoint\",\"urlTemplate\":\"https:\/\/movisafe-americalatina.com\/?s={search_term_string}\"},\"query-input\":{\"@type\":\"PropertyValueSpecification\",\"valueRequired\":true,\"valueName\":\"search_term_string\"}}],\"inLanguage\":\"es\"},{\"@type\":\"Organization\",\"@id\":\"https:\/\/movisafe-americalatina.com\/#organization\",\"name\":\"Movisafe America Latina\",\"url\":\"https:\/\/movisafe-americalatina.com\/\",\"logo\":{\"@type\":\"ImageObject\",\"inLanguage\":\"es\",\"@id\":\"https:\/\/movisafe-americalatina.com\/#\/schema\/logo\/image\/\",\"url\":\"https:\/\/movisafe-americalatina.com\/wp-content\/uploads\/2018\/10\/LogoMovisafe_Quadri.png\",\"contentUrl\":\"https:\/\/movisafe-americalatina.com\/wp-content\/uploads\/2018\/10\/LogoMovisafe_Quadri.png\",\"width\":373,\"height\":133,\"caption\":\"Movisafe America Latina\"},\"image\":{\"@id\":\"https:\/\/movisafe-americalatina.com\/#\/schema\/logo\/image\/\"},\"sameAs\":[\"https:\/\/www.facebook.com\/movisafeamericalatina\/\",\"https:\/\/www.linkedin.com\/company\/movisafe-america-latina\/\"]}]}<\/script>\n<!-- \/ Yoast SEO plugin. -->","yoast_head_json":{"title":"Contactos - MOVISAFE America Latina","description":"No duden en ponerse en contacto con nosotros para obtener m\u00e1s informaci\u00f3n sobre nuestros servicios o recibir un presupuesto gratuito.","robots":{"index":"index","follow":"follow","max-snippet":"max-snippet:-1","max-image-preview":"max-image-preview:large","max-video-preview":"max-video-preview:-1"},"canonical":"https:\/\/movisafe-americalatina.com\/es\/contactos\/","og_locale":"es_ES","og_type":"article","og_title":"Contactos - MOVISAFE America Latina","og_description":"No duden en ponerse en contacto con nosotros para obtener m\u00e1s informaci\u00f3n sobre nuestros servicios o recibir un presupuesto gratuito.","og_url":"https:\/\/movisafe-americalatina.com\/es\/contactos\/","og_site_name":"MOVISAFE America Latina","article_publisher":"https:\/\/www.facebook.com\/movisafeamericalatina\/","article_modified_time":"2022-05-30T14:14:40+00:00","og_image":[{"url":"https:\/\/movisafe-americalatina.com\/wp-content\/uploads\/2018\/10\/brazil-80x80.png","type":"","width":"","height":""}],"twitter_card":"summary_large_image","twitter_misc":{"Tiempo de lectura":"4 minutos"},"schema":{"@context":"https:\/\/schema.org","@graph":[{"@type":"WebPage","@id":"https:\/\/movisafe-americalatina.com\/es\/contactos\/","url":"https:\/\/movisafe-americalatina.com\/es\/contactos\/","name":"Contactos - MOVISAFE America Latina","isPartOf":{"@id":"https:\/\/movisafe-americalatina.com\/#website"},"primaryImageOfPage":{"@id":"https:\/\/movisafe-americalatina.com\/es\/contactos\/#primaryimage"},"image":{"@id":"https:\/\/movisafe-americalatina.com\/es\/contactos\/#primaryimage"},"thumbnailUrl":"https:\/\/movisafe-americalatina.com\/wp-content\/uploads\/2018\/10\/brazil-80x80.png","datePublished":"2019-11-15T10:10:27+00:00","dateModified":"2022-05-30T14:14:40+00:00","description":"No duden en ponerse en contacto con nosotros para obtener m\u00e1s informaci\u00f3n sobre nuestros servicios o recibir un presupuesto gratuito.","breadcrumb":{"@id":"https:\/\/movisafe-americalatina.com\/es\/contactos\/#breadcrumb"},"inLanguage":"es","potentialAction":[{"@type":"ReadAction","target":["https:\/\/movisafe-americalatina.com\/es\/contactos\/"]}]},{"@type":"ImageObject","inLanguage":"es","@id":"https:\/\/movisafe-americalatina.com\/es\/contactos\/#primaryimage","url":"https:\/\/movisafe-americalatina.com\/wp-content\/uploads\/2018\/10\/brazil-80x80.png","contentUrl":"https:\/\/movisafe-americalatina.com\/wp-content\/uploads\/2018\/10\/brazil-80x80.png"},{"@type":"BreadcrumbList","@id":"https:\/\/movisafe-americalatina.com\/es\/contactos\/#breadcrumb","itemListElement":[{"@type":"ListItem","position":1,"name":"In\u00edcio","item":"https:\/\/movisafe-americalatina.com\/es\/"},{"@type":"ListItem","position":2,"name":"Contactos"}]},{"@type":"WebSite","@id":"https:\/\/movisafe-americalatina.com\/#website","url":"https:\/\/movisafe-americalatina.com\/","name":"MOVISAFE America Latina","description":"L\u00edder em seguran\u00e7a -  Am\u00e9rica Latina","publisher":{"@id":"https:\/\/movisafe-americalatina.com\/#organization"},"potentialAction":[{"@type":"SearchAction","target":{"@type":"EntryPoint","urlTemplate":"https:\/\/movisafe-americalatina.com\/?s={search_term_string}"},"query-input":{"@type":"PropertyValueSpecification","valueRequired":true,"valueName":"search_term_string"}}],"inLanguage":"es"},{"@type":"Organization","@id":"https:\/\/movisafe-americalatina.com\/#organization","name":"Movisafe America Latina","url":"https:\/\/movisafe-americalatina.com\/","logo":{"@type":"ImageObject","inLanguage":"es","@id":"https:\/\/movisafe-americalatina.com\/#\/schema\/logo\/image\/","url":"https:\/\/movisafe-americalatina.com\/wp-content\/uploads\/2018\/10\/LogoMovisafe_Quadri.png","contentUrl":"https:\/\/movisafe-americalatina.com\/wp-content\/uploads\/2018\/10\/LogoMovisafe_Quadri.png","width":373,"height":133,"caption":"Movisafe America Latina"},"image":{"@id":"https:\/\/movisafe-americalatina.com\/#\/schema\/logo\/image\/"},"sameAs":["https:\/\/www.facebook.com\/movisafeamericalatina\/","https:\/\/www.linkedin.com\/company\/movisafe-america-latina\/"]}]}},"_links":{"self":[{"href":"https:\/\/movisafe-americalatina.com\/es\/wp-json\/wp\/v2\/pages\/1080","targetHints":{"allow":["GET"]}}],"collection":[{"href":"https:\/\/movisafe-americalatina.com\/es\/wp-json\/wp\/v2\/pages"}],"about":[{"href":"https:\/\/movisafe-americalatina.com\/es\/wp-json\/wp\/v2\/types\/page"}],"author":[{"embeddable":true,"href":"https:\/\/movisafe-americalatina.com\/es\/wp-json\/wp\/v2\/users\/1"}],"replies":[{"embeddable":true,"href":"https:\/\/movisafe-americalatina.com\/es\/wp-json\/wp\/v2\/comments?post=1080"}],"version-history":[{"count":5,"href":"https:\/\/movisafe-americalatina.com\/es\/wp-json\/wp\/v2\/pages\/1080\/revisions"}],"predecessor-version":[{"id":3047,"href":"https:\/\/movisafe-americalatina.com\/es\/wp-json\/wp\/v2\/pages\/1080\/revisions\/3047"}],"wp:attachment":[{"href":"https:\/\/movisafe-americalatina.com\/es\/wp-json\/wp\/v2\/media?parent=1080"}],"curies":[{"name":"wp","href":"https:\/\/api.w.org\/{rel}","templated":true}]}}