{"id":1071,"date":"2019-11-15T12:56:44","date_gmt":"2019-11-15T09:56:44","guid":{"rendered":"https:\/\/movisafe-americalatina.com\/?page_id=1071"},"modified":"2022-10-26T15:20:24","modified_gmt":"2022-10-26T18:20:24","slug":"grupo-movisafe2","status":"publish","type":"page","link":"https:\/\/movisafe-americalatina.com\/es\/grupo-movisafe2\/","title":{"rendered":"Grupo Movisafe"},"content":{"rendered":"<div id='layer_slider_1'  class='avia-layerslider main_color avia-shadow  avia-builder-el-0  el_before_av_hr  avia-builder-el-first  container_wrap sidebar_right'  style='height: 601px;'  ><\/div><div id='after_layer_slider_1'  class='main_color av_default_container_wrap container_wrap sidebar_right'  ><div class='container av-section-cont-open' ><div class='template-page content  av-content-small alpha units'><div class='post-entry post-entry-type-page post-entry-1071'><div class='entry-content-wrapper clearfix'>\n\n<style type=\"text\/css\" data-created_by=\"avia_inline_auto\" id=\"style-css-av-jnuq1rvi-956dcfed92f401f6a87a8c80a3a19aae\">\n#top .hr.hr-invisible.av-jnuq1rvi-956dcfed92f401f6a87a8c80a3a19aae{\nheight:50px;\n}\n<\/style>\n<div  class='hr av-jnuq1rvi-956dcfed92f401f6a87a8c80a3a19aae hr-invisible  avia-builder-el-1  el_after_av_layerslider  el_before_av_one_half  avia-builder-el-first '><span class='hr-inner '><span class=\"hr-inner-style\"><\/span><\/span><\/div>\n\n<style type=\"text\/css\" data-created_by=\"avia_inline_auto\" id=\"style-css-av-3mwfw-dc41d468c5e60266ca957026b52bc941\">\n.flex_column.av-3mwfw-dc41d468c5e60266ca957026b52bc941{\nborder-radius:0px 0px 0px 0px;\npadding:0px 0px 0px 0px;\n}\n<\/style>\n<div  class='flex_column av-3mwfw-dc41d468c5e60266ca957026b52bc941 av_one_half  avia-builder-el-2  el_after_av_hr  el_before_av_one_half  first flex_column_div av-zero-column-padding  '     ><p>\n<style type=\"text\/css\" data-created_by=\"avia_inline_auto\" id=\"style-css-av-835f2n-6ff247768d4a5e253c9c29c3d0b5490c\">\n#top .av-special-heading.av-835f2n-6ff247768d4a5e253c9c29c3d0b5490c{\npadding-bottom:10px;\n}\nbody .av-special-heading.av-835f2n-6ff247768d4a5e253c9c29c3d0b5490c .av-special-heading-tag .heading-char{\nfont-size:25px;\n}\n.av-special-heading.av-835f2n-6ff247768d4a5e253c9c29c3d0b5490c .av-subheading{\nfont-size:15px;\n}\n<\/style>\n<div  class='av-special-heading av-835f2n-6ff247768d4a5e253c9c29c3d0b5490c av-special-heading-h2 blockquote modern-quote  avia-builder-el-3  el_before_av_hr  avia-builder-el-first  textright'><h2 class='av-special-heading-tag '  itemprop=\"headline\"  >Grupo MOVISAFE <\/h2><div class='av-subheading av-subheading_below'><p>AM\u00c9RICA LATINA<\/p>\n<\/div><div class=\"special-heading-border\"><div class=\"special-heading-inner-border\"><\/div><\/div><\/div><br \/>\n<div  class='hr av-jnupn1he-a41495d8beef803d7d7c0b6d1e2dd94c hr-short  avia-builder-el-4  el_after_av_heading  el_before_av_textblock  hr-right'><span class='hr-inner '><span class=\"hr-inner-style\"><\/span><\/span><\/div><br \/>\n\n<style type=\"text\/css\" data-created_by=\"avia_inline_auto\" id=\"style-css-av-jnupm22o-6473c67dde431649603c1d637a025e30\">\n#top .av_textblock_section.av-jnupm22o-6473c67dde431649603c1d637a025e30 .avia_textblock{\nfont-size:16px;\n}\n<\/style>\n<section  class='av_textblock_section av-jnupm22o-6473c67dde431649603c1d637a025e30 '   itemscope=\"itemscope\" itemtype=\"https:\/\/schema.org\/CreativeWork\" ><div class='avia_textblock'  itemprop=\"text\" ><p style=\"text-align: right;\">Desde 2002, MOVISAFE est\u00e1 instalado en Am\u00e9rica Latina para ayudar a las empresas en sus estrategias de desarrollo en zonas sensibles.<\/p>\n<p style=\"text-align: right;\">Con una amplia experiencia en asesor\u00eda y apoyo en materia de seguridad a los expatriados y a sus familias, as\u00ed como a los misioneros, MOVISAFE garantiza las condiciones necesarias para el ejercicio de sus actividades.<\/p>\n<p style=\"text-align: right;\">El Grupo MOVISAFE est\u00e1 firmemente instalado en los tres pa\u00edses m\u00e1s grandes de Am\u00e9rica Latina (M\u00e9xico, Brasil Y Colombia) y act\u00faa con rapidez y eficacia en la mayor parte de los pa\u00edses del continente.<\/p>\n<\/div><\/section><\/p><\/div>\n\n<style type=\"text\/css\" data-created_by=\"avia_inline_auto\" id=\"style-css-av-3fl64-388e37c6838a57724b85302e539e0544\">\n.flex_column.av-3fl64-388e37c6838a57724b85302e539e0544{\nborder-radius:0px 0px 0px 0px;\npadding:0px 0px 0px 0px;\n}\n<\/style>\n<div  class='flex_column av-3fl64-388e37c6838a57724b85302e539e0544 av_one_half  avia-builder-el-6  el_after_av_one_half  el_before_av_slideshow_full  avia-builder-el-last  flex_column_div av-zero-column-padding  '     ><div  class='avia-icon-list-container av-jnupz5cz-8d98f84e5c960aa1cc2759ef9a978e36  avia-builder-el-7  avia-builder-el-no-sibling '><ul class='avia-icon-list avia_animate_when_almost_visible avia-icon-list-left av-iconlist-big av-jnupz5cz-8d98f84e5c960aa1cc2759ef9a978e36 avia-iconlist-animate'>\n<li><div class='iconlist_icon av-av_iconlist_item-26d0bc62977a31b385702644511a3192 avia-font-entypo-fontello avia-iconfont avia-font-entypo-fontello'><span class='av-icon-char' data-av_icon='\ue812' data-av_iconfont='entypo-fontello' aria-hidden=\"true\"><\/span><\/div><article class=\"article-icon-entry \"  itemscope=\"itemscope\" itemtype=\"https:\/\/schema.org\/CreativeWork\" ><div class=\"iconlist_content_wrap\"><header class=\"entry-content-header\" aria-label=\"Icon: 18 A\u00d1OS DE EXPERIENCIA\"><h4 class='av_iconlist_title iconlist_title  '  itemprop=\"headline\" >18 A\u00d1OS DE EXPERIENCIA<\/h4><\/header><div class='iconlist_content '  itemprop=\"text\" ><p class=\"p1\">M\u00e1s de 18 a\u00f1os de presencia en Am\u00e9rica Latina, una amplia experiencia del terreno y de las culturas locales.<\/p>\n<\/div><\/div><footer class=\"entry-footer\"><\/footer><\/article><div class=\"iconlist-timeline\"><\/div><\/li>\n<li><div class='iconlist_icon av-4cvyfz-b2b2972b703f23bd02073fa7fc04bc39 avia-font-entypo-fontello avia-iconfont avia-font-entypo-fontello'><span class='av-icon-char' data-av_icon='\ue80b' data-av_iconfont='entypo-fontello' aria-hidden=\"true\"><\/span><\/div><article class=\"article-icon-entry \"  itemscope=\"itemscope\" itemtype=\"https:\/\/schema.org\/CreativeWork\" ><div class=\"iconlist_content_wrap\"><header class=\"entry-content-header\" aria-label=\"Icon: PROFESIONALISMO\"><h4 class='av_iconlist_title iconlist_title  '  itemprop=\"headline\" >PROFESIONALISMO<\/h4><\/header><div class='iconlist_content '  itemprop=\"text\" ><p class=\"p1\">M\u00e1s de 110 empleados, ejecutivos europeos y locales procedentes del ej\u00e9rcito, de la polic\u00eda nacional o altamente titulados en defensa, seguridad y gesti\u00f3n de crisis.<\/p>\n<\/div><\/div><footer class=\"entry-footer\"><\/footer><\/article><div class=\"iconlist-timeline\"><\/div><\/li>\n<li><div class='iconlist_icon av-2sma27-308be22328684b8556e7fd2df42d29e2 avia-font-entypo-fontello avia-iconfont avia-font-entypo-fontello'><span class='av-icon-char' data-av_icon='\ue8b1' data-av_iconfont='entypo-fontello' aria-hidden=\"true\"><\/span><\/div><article class=\"article-icon-entry \"  itemscope=\"itemscope\" itemtype=\"https:\/\/schema.org\/CreativeWork\" ><div class=\"iconlist_content_wrap\"><header class=\"entry-content-header\" aria-label=\"Icon: ESPECIALISTAS - AM\u00c9RICA LATINA\"><h4 class='av_iconlist_title iconlist_title  '  itemprop=\"headline\" >ESPECIALISTAS - AM\u00c9RICA LATINA<\/h4><\/header><div class='iconlist_content '  itemprop=\"text\" ><p class=\"p1\">Instalaciones en los tres pa\u00edses m\u00e1s grandes de Am\u00e9rica Latina y contactos necesarios para responder r\u00e1pidamente a las necesidades de nuestros clientes.<\/p>\n<\/div><\/div><footer class=\"entry-footer\"><\/footer><\/article><div class=\"iconlist-timeline\"><\/div><\/li>\n<li><div class='iconlist_icon av-2hymbz-69948be3b4dbb4360226e99256ed186b avia-font-entypo-fontello avia-iconfont avia-font-entypo-fontello'><span class='av-icon-char' data-av_icon='\ue82b' data-av_iconfont='entypo-fontello' aria-hidden=\"true\"><\/span><\/div><article class=\"article-icon-entry \"  itemscope=\"itemscope\" itemtype=\"https:\/\/schema.org\/CreativeWork\" ><div class=\"iconlist_content_wrap\"><header class=\"entry-content-header\" aria-label=\"Icon: CLIENTES SATISFECHOS\"><h4 class='av_iconlist_title iconlist_title  '  itemprop=\"headline\" >CLIENTES SATISFECHOS<\/h4><\/header><div class='iconlist_content '  itemprop=\"text\" ><p class=\"p1\">M\u00e1s de 30 clientes en Am\u00e9rica Latina, entre los cuales grandes grupos europeos e internacionales conf\u00edan en MOVISAFE.<\/p>\n<p class=\"p1\">Referencias y cartas de recomendaci\u00f3n, previa solicitud.<\/p>\n<\/div><\/div><footer class=\"entry-footer\"><\/footer><\/article><div class=\"iconlist-timeline\"><\/div><\/li>\n<\/ul><\/div><\/div><\/div><\/div><\/div><!-- close content main div --><\/div><\/div><div id='full_slider_1'  class='avia-fullwidth-slider main_color avia-shadow   avia-builder-el-8  el_after_av_one_half  el_before_av_one_full   slider-not-first container_wrap sidebar_right'  ><div  class='avia-slideshow av-jnuqlp96-0bd3db5a303011c77ed973466988229e avia-slideshow-featured_large av_slideshow_full avia-slide-slider av-slideshow-ui av-control-default av-slideshow-manual av-loop-once av-loop-manual-endless av-default-height-applied   avia-slideshow-1' data-slideshow-options=\"{&quot;animation&quot;:&quot;slide&quot;,&quot;autoplay&quot;:false,&quot;loop_autoplay&quot;:&quot;once&quot;,&quot;interval&quot;:5,&quot;loop_manual&quot;:&quot;manual-endless&quot;,&quot;autoplay_stopper&quot;:false,&quot;noNavigation&quot;:false,&quot;bg_slider&quot;:false,&quot;keep_padding&quot;:false,&quot;hoverpause&quot;:false,&quot;show_slide_delay&quot;:0}\"  itemprop=\"image\" itemscope=\"itemscope\" itemtype=\"https:\/\/schema.org\/ImageObject\" ><ul class='avia-slideshow-inner ' style='padding-bottom: 42%;'><li  class='avia-slideshow-slide av-jnuqlp96-0bd3db5a303011c77ed973466988229e__0  av-single-slide slide-1 slide-odd'><div data-rel='slideshow-1' class='avia-slide-wrap '   ><img decoding=\"async\" fetchpriority=\"high\" class=\"wp-image-139 avia-img-lazy-loading-not-139\"  src=\"https:\/\/movisafe-americalatina.com\/wp-content\/uploads\/2018\/10\/reunion-movisafe-1500x630.jpg\" width=\"1500\" height=\"630\" title='reunion-movisafe' alt=''  itemprop=\"thumbnailUrl\"   \/><\/div><\/li><\/ul><\/div><\/div><div id='after_full_slider_1'  class='main_color av_default_container_wrap container_wrap sidebar_right'  ><div class='container av-section-cont-open' ><div class='template-page content  av-content-small alpha units'><div class='post-entry post-entry-type-page post-entry-1071'><div class='entry-content-wrapper clearfix'><\/p>\n\n<style type=\"text\/css\" data-created_by=\"avia_inline_auto\" id=\"style-css-av-9cg-3244846a959a99ee4c48e46a17c3ce14\">\n.flex_column.av-9cg-3244846a959a99ee4c48e46a17c3ce14{\nborder-radius:0px 0px 0px 0px;\npadding:0px 0px 0px 0px;\n}\n<\/style>\n<div  class='flex_column av-9cg-3244846a959a99ee4c48e46a17c3ce14 av_one_full  avia-builder-el-9  el_after_av_slideshow_full  avia-builder-el-no-sibling  first flex_column_div av-zero-column-padding  '     ><p>\n<style type=\"text\/css\" data-created_by=\"avia_inline_auto\" id=\"style-css-av-k2zyvs1f-6ccffc53f1830f64a59061722d6bf007\">\n#top .av-special-heading.av-k2zyvs1f-6ccffc53f1830f64a59061722d6bf007{\npadding-bottom:10px;\n}\nbody .av-special-heading.av-k2zyvs1f-6ccffc53f1830f64a59061722d6bf007 .av-special-heading-tag .heading-char{\nfont-size:25px;\n}\n.av-special-heading.av-k2zyvs1f-6ccffc53f1830f64a59061722d6bf007 .av-subheading{\nfont-size:16px;\n}\n<\/style>\n<div  class='av-special-heading av-k2zyvs1f-6ccffc53f1830f64a59061722d6bf007 av-special-heading-h2 blockquote modern-quote modern-centered  avia-builder-el-10  el_before_av_partner  avia-builder-el-first '><h2 class='av-special-heading-tag '  itemprop=\"headline\"  >Nuestras referencias<\/h2><div class='av-subheading av-subheading_below'><p>LA SEGURIDAD DE NUESTROS CLIENTES<\/p>\n<\/div><div class=\"special-heading-border\"><div class=\"special-heading-inner-border\"><\/div><\/div><\/div><br \/>\n<div  class='avia-logo-element-container av-jnm5hqba-6e27e7131bcf631d114973e6350e3209 av-border-deactivate avia-logo-grid avia-content-slider avia-smallarrow-slider avia-content-grid-active noHover avia-content-slider-even  avia-builder-el-11  el_after_av_heading  el_before_av_textblock  logos4 avia-content-slider1' ><div class='avia-smallarrow-slider-heading  no-logo-slider-heading '><div class='new-special-heading'>&nbsp;<\/div><\/div><div class=\"avia-content-slider-inner\"><div class=\"slide-entry-wrap\"><div  class='slide-entry av-2rj6s-36006d23464033ff732a38bc08c5a8ac flex_column no_margin av_one_fourth real-thumbnail post-entry slide-entry-overview slide-loop-1 slide-parity-odd  first'><span class='av-partner-fake-img' style='padding-bottom:47.111111111111%; background-image:url(https:\/\/movisafe-americalatina.com\/wp-content\/uploads\/2018\/10\/logo-loreal-bw.jpg);'><\/span><\/div><div  class='slide-entry av-2c1po-44306c91ef1950253e5602fad5419b19 flex_column no_margin av_one_fourth real-thumbnail post-entry slide-entry-overview slide-loop-2 slide-parity-even  '><span class='av-partner-fake-img' style='padding-bottom:47.111111111111%; background-image:url(https:\/\/movisafe-americalatina.com\/wp-content\/uploads\/2018\/12\/safran-Bw-300x141.jpg);'><\/span><\/div><div  class='slide-entry av-19rbg-c661f515200ee64c10b86794be7ad265 flex_column no_margin av_one_fourth real-thumbnail post-entry slide-entry-overview slide-loop-3 slide-parity-odd  '><span class='av-partner-fake-img' style='padding-bottom:47.111111111111%; background-image:url(https:\/\/movisafe-americalatina.com\/wp-content\/uploads\/2018\/12\/thalesBW-300x141.jpg);'><\/span><\/div><div  class='slide-entry av-qyxg-7e5bf6ff69b8e6d6a76690cb884fb12c flex_column no_margin av_one_fourth real-thumbnail post-entry slide-entry-overview slide-loop-4 slide-parity-even post-entry-last '><span class='av-partner-fake-img' style='padding-bottom:47.111111111111%; background-image:url(https:\/\/movisafe-americalatina.com\/wp-content\/uploads\/2018\/12\/edfenergylogo-bw-300x141.jpg);'><\/span><\/div><\/div><\/div><\/div><br \/>\n<section  class='av_textblock_section av-jnuqtc11-fd5d0c57ba1bd94f387f8474e1747747 '   itemscope=\"itemscope\" itemtype=\"https:\/\/schema.org\/CreativeWork\" ><div class='avia_textblock'  itemprop=\"text\" ><p style=\"text-align: right;\"><a href=\"https:\/\/movisafe-americalatina.com\/es\/nos-clients\/\">Ver m\u00e1s clientes<\/a><\/p>\n<\/div><\/section><\/p><\/div>\n","protected":false},"excerpt":{"rendered":"","protected":false},"author":1,"featured_media":0,"parent":0,"menu_order":0,"comment_status":"closed","ping_status":"closed","template":"","meta":{"_monsterinsights_skip_tracking":false,"_monsterinsights_sitenote_active":false,"_monsterinsights_sitenote_note":"","_monsterinsights_sitenote_category":0,"footnotes":""},"class_list":["post-1071","page","type-page","status-publish","hentry"],"yoast_head":"<!-- This site is optimized with the Yoast SEO plugin v27.2 - https:\/\/yoast.com\/product\/yoast-seo-wordpress\/ -->\n<title>Grupo Movisafe - MOVISAFE America Latina<\/title>\n<meta name=\"description\" content=\"MOVISAFE opera en Am\u00e9rica Latina apoyando a las empresas en sus estrategias de desarrollo en zonas sensibles.\" \/>\n<meta name=\"robots\" content=\"index, follow, max-snippet:-1, max-image-preview:large, max-video-preview:-1\" \/>\n<link rel=\"canonical\" href=\"https:\/\/movisafe-americalatina.com\/es\/grupo-movisafe2\/\" \/>\n<meta property=\"og:locale\" content=\"es_ES\" \/>\n<meta property=\"og:type\" content=\"article\" \/>\n<meta property=\"og:title\" content=\"Grupo Movisafe - MOVISAFE America Latina\" \/>\n<meta property=\"og:description\" content=\"MOVISAFE opera en Am\u00e9rica Latina apoyando a las empresas en sus estrategias de desarrollo en zonas sensibles.\" \/>\n<meta property=\"og:url\" content=\"https:\/\/movisafe-americalatina.com\/es\/grupo-movisafe2\/\" \/>\n<meta property=\"og:site_name\" content=\"MOVISAFE America Latina\" \/>\n<meta property=\"article:publisher\" content=\"https:\/\/www.facebook.com\/movisafeamericalatina\/\" \/>\n<meta property=\"article:modified_time\" content=\"2022-10-26T18:20:24+00:00\" \/>\n<meta name=\"twitter:card\" content=\"summary_large_image\" \/>\n<meta name=\"twitter:label1\" content=\"Tiempo de lectura\" \/>\n\t<meta name=\"twitter:data1\" content=\"6 minutos\" \/>\n<script type=\"application\/ld+json\" class=\"yoast-schema-graph\">{\"@context\":\"https:\/\/schema.org\",\"@graph\":[{\"@type\":\"WebPage\",\"@id\":\"https:\/\/movisafe-americalatina.com\/es\/grupo-movisafe2\/\",\"url\":\"https:\/\/movisafe-americalatina.com\/es\/grupo-movisafe2\/\",\"name\":\"Grupo Movisafe - MOVISAFE America Latina\",\"isPartOf\":{\"@id\":\"https:\/\/movisafe-americalatina.com\/#website\"},\"datePublished\":\"2019-11-15T09:56:44+00:00\",\"dateModified\":\"2022-10-26T18:20:24+00:00\",\"description\":\"MOVISAFE opera en Am\u00e9rica Latina apoyando a las empresas en sus estrategias de desarrollo en zonas sensibles.\",\"breadcrumb\":{\"@id\":\"https:\/\/movisafe-americalatina.com\/es\/grupo-movisafe2\/#breadcrumb\"},\"inLanguage\":\"es\",\"potentialAction\":[{\"@type\":\"ReadAction\",\"target\":[\"https:\/\/movisafe-americalatina.com\/es\/grupo-movisafe2\/\"]}]},{\"@type\":\"BreadcrumbList\",\"@id\":\"https:\/\/movisafe-americalatina.com\/es\/grupo-movisafe2\/#breadcrumb\",\"itemListElement\":[{\"@type\":\"ListItem\",\"position\":1,\"name\":\"In\u00edcio\",\"item\":\"https:\/\/movisafe-americalatina.com\/es\/\"},{\"@type\":\"ListItem\",\"position\":2,\"name\":\"Grupo Movisafe\"}]},{\"@type\":\"WebSite\",\"@id\":\"https:\/\/movisafe-americalatina.com\/#website\",\"url\":\"https:\/\/movisafe-americalatina.com\/\",\"name\":\"MOVISAFE America Latina\",\"description\":\"L\u00edder em seguran\u00e7a -  Am\u00e9rica Latina\",\"publisher\":{\"@id\":\"https:\/\/movisafe-americalatina.com\/#organization\"},\"potentialAction\":[{\"@type\":\"SearchAction\",\"target\":{\"@type\":\"EntryPoint\",\"urlTemplate\":\"https:\/\/movisafe-americalatina.com\/?s={search_term_string}\"},\"query-input\":{\"@type\":\"PropertyValueSpecification\",\"valueRequired\":true,\"valueName\":\"search_term_string\"}}],\"inLanguage\":\"es\"},{\"@type\":\"Organization\",\"@id\":\"https:\/\/movisafe-americalatina.com\/#organization\",\"name\":\"Movisafe America Latina\",\"url\":\"https:\/\/movisafe-americalatina.com\/\",\"logo\":{\"@type\":\"ImageObject\",\"inLanguage\":\"es\",\"@id\":\"https:\/\/movisafe-americalatina.com\/#\/schema\/logo\/image\/\",\"url\":\"https:\/\/movisafe-americalatina.com\/wp-content\/uploads\/2018\/10\/LogoMovisafe_Quadri.png\",\"contentUrl\":\"https:\/\/movisafe-americalatina.com\/wp-content\/uploads\/2018\/10\/LogoMovisafe_Quadri.png\",\"width\":373,\"height\":133,\"caption\":\"Movisafe America Latina\"},\"image\":{\"@id\":\"https:\/\/movisafe-americalatina.com\/#\/schema\/logo\/image\/\"},\"sameAs\":[\"https:\/\/www.facebook.com\/movisafeamericalatina\/\",\"https:\/\/www.linkedin.com\/company\/movisafe-america-latina\/\"]}]}<\/script>\n<!-- \/ Yoast SEO plugin. -->","yoast_head_json":{"title":"Grupo Movisafe - MOVISAFE America Latina","description":"MOVISAFE opera en Am\u00e9rica Latina apoyando a las empresas en sus estrategias de desarrollo en zonas sensibles.","robots":{"index":"index","follow":"follow","max-snippet":"max-snippet:-1","max-image-preview":"max-image-preview:large","max-video-preview":"max-video-preview:-1"},"canonical":"https:\/\/movisafe-americalatina.com\/es\/grupo-movisafe2\/","og_locale":"es_ES","og_type":"article","og_title":"Grupo Movisafe - MOVISAFE America Latina","og_description":"MOVISAFE opera en Am\u00e9rica Latina apoyando a las empresas en sus estrategias de desarrollo en zonas sensibles.","og_url":"https:\/\/movisafe-americalatina.com\/es\/grupo-movisafe2\/","og_site_name":"MOVISAFE America Latina","article_publisher":"https:\/\/www.facebook.com\/movisafeamericalatina\/","article_modified_time":"2022-10-26T18:20:24+00:00","twitter_card":"summary_large_image","twitter_misc":{"Tiempo de lectura":"6 minutos"},"schema":{"@context":"https:\/\/schema.org","@graph":[{"@type":"WebPage","@id":"https:\/\/movisafe-americalatina.com\/es\/grupo-movisafe2\/","url":"https:\/\/movisafe-americalatina.com\/es\/grupo-movisafe2\/","name":"Grupo Movisafe - MOVISAFE America Latina","isPartOf":{"@id":"https:\/\/movisafe-americalatina.com\/#website"},"datePublished":"2019-11-15T09:56:44+00:00","dateModified":"2022-10-26T18:20:24+00:00","description":"MOVISAFE opera en Am\u00e9rica Latina apoyando a las empresas en sus estrategias de desarrollo en zonas sensibles.","breadcrumb":{"@id":"https:\/\/movisafe-americalatina.com\/es\/grupo-movisafe2\/#breadcrumb"},"inLanguage":"es","potentialAction":[{"@type":"ReadAction","target":["https:\/\/movisafe-americalatina.com\/es\/grupo-movisafe2\/"]}]},{"@type":"BreadcrumbList","@id":"https:\/\/movisafe-americalatina.com\/es\/grupo-movisafe2\/#breadcrumb","itemListElement":[{"@type":"ListItem","position":1,"name":"In\u00edcio","item":"https:\/\/movisafe-americalatina.com\/es\/"},{"@type":"ListItem","position":2,"name":"Grupo Movisafe"}]},{"@type":"WebSite","@id":"https:\/\/movisafe-americalatina.com\/#website","url":"https:\/\/movisafe-americalatina.com\/","name":"MOVISAFE America Latina","description":"L\u00edder em seguran\u00e7a -  Am\u00e9rica Latina","publisher":{"@id":"https:\/\/movisafe-americalatina.com\/#organization"},"potentialAction":[{"@type":"SearchAction","target":{"@type":"EntryPoint","urlTemplate":"https:\/\/movisafe-americalatina.com\/?s={search_term_string}"},"query-input":{"@type":"PropertyValueSpecification","valueRequired":true,"valueName":"search_term_string"}}],"inLanguage":"es"},{"@type":"Organization","@id":"https:\/\/movisafe-americalatina.com\/#organization","name":"Movisafe America Latina","url":"https:\/\/movisafe-americalatina.com\/","logo":{"@type":"ImageObject","inLanguage":"es","@id":"https:\/\/movisafe-americalatina.com\/#\/schema\/logo\/image\/","url":"https:\/\/movisafe-americalatina.com\/wp-content\/uploads\/2018\/10\/LogoMovisafe_Quadri.png","contentUrl":"https:\/\/movisafe-americalatina.com\/wp-content\/uploads\/2018\/10\/LogoMovisafe_Quadri.png","width":373,"height":133,"caption":"Movisafe America Latina"},"image":{"@id":"https:\/\/movisafe-americalatina.com\/#\/schema\/logo\/image\/"},"sameAs":["https:\/\/www.facebook.com\/movisafeamericalatina\/","https:\/\/www.linkedin.com\/company\/movisafe-america-latina\/"]}]}},"_links":{"self":[{"href":"https:\/\/movisafe-americalatina.com\/es\/wp-json\/wp\/v2\/pages\/1071","targetHints":{"allow":["GET"]}}],"collection":[{"href":"https:\/\/movisafe-americalatina.com\/es\/wp-json\/wp\/v2\/pages"}],"about":[{"href":"https:\/\/movisafe-americalatina.com\/es\/wp-json\/wp\/v2\/types\/page"}],"author":[{"embeddable":true,"href":"https:\/\/movisafe-americalatina.com\/es\/wp-json\/wp\/v2\/users\/1"}],"replies":[{"embeddable":true,"href":"https:\/\/movisafe-americalatina.com\/es\/wp-json\/wp\/v2\/comments?post=1071"}],"version-history":[{"count":6,"href":"https:\/\/movisafe-americalatina.com\/es\/wp-json\/wp\/v2\/pages\/1071\/revisions"}],"predecessor-version":[{"id":3704,"href":"https:\/\/movisafe-americalatina.com\/es\/wp-json\/wp\/v2\/pages\/1071\/revisions\/3704"}],"wp:attachment":[{"href":"https:\/\/movisafe-americalatina.com\/es\/wp-json\/wp\/v2\/media?parent=1071"}],"curies":[{"name":"wp","href":"https:\/\/api.w.org\/{rel}","templated":true}]}}