{"id":1013,"date":"2019-11-13T11:59:28","date_gmt":"2019-11-13T08:59:28","guid":{"rendered":"https:\/\/movisafe-americalatina.com\/?page_id=1013"},"modified":"2023-03-29T15:58:20","modified_gmt":"2023-03-29T18:58:20","slug":"servicios","status":"publish","type":"page","link":"https:\/\/movisafe-americalatina.com\/es\/servicios\/","title":{"rendered":"Servicios"},"content":{"rendered":"\n<style type=\"text\/css\" data-created_by=\"avia_inline_auto\" id=\"style-css-av-jnm6df9m-5cb8e3cbd70094c10ecfebef059f0339\">\n.avia-section.av-jnm6df9m-5cb8e3cbd70094c10ecfebef059f0339{\nbackground-color:#7f2628;\nbackground-image:unset;\n}\n<\/style>\n<div id='services'  class='avia-section av-jnm6df9m-5cb8e3cbd70094c10ecfebef059f0339 main_color avia-section-default avia-no-border-styling  avia-builder-el-0  avia-builder-el-no-sibling  avia-bg-style-scroll container_wrap sidebar_right'  ><div class='container av-section-cont-open' ><main  role=\"main\" itemprop=\"mainContentOfPage\"  class='template-page content  av-content-small alpha units'><div class='post-entry post-entry-type-page post-entry-1013'><div class='entry-content-wrapper clearfix'>\n\n<style type=\"text\/css\" data-created_by=\"avia_inline_auto\" id=\"style-css-av-lfu1v42i-efe00c508b4b8865e65a5fb6283be620\">\n#top .av-special-heading.av-lfu1v42i-efe00c508b4b8865e65a5fb6283be620{\nmargin:0 0 30px 0;\npadding-bottom:10px;\ncolor:#ffffff;\n}\nbody .av-special-heading.av-lfu1v42i-efe00c508b4b8865e65a5fb6283be620 .av-special-heading-tag .heading-char{\nfont-size:25px;\n}\n.av-special-heading.av-lfu1v42i-efe00c508b4b8865e65a5fb6283be620 .special-heading-inner-border{\nborder-color:#ffffff;\n}\n.av-special-heading.av-lfu1v42i-efe00c508b4b8865e65a5fb6283be620 .av-subheading{\nfont-size:16px;\n}\n<\/style>\n<div  class='av-special-heading av-lfu1v42i-efe00c508b4b8865e65a5fb6283be620 av-special-heading-h1 custom-color-heading blockquote modern-quote modern-centered  avia-builder-el-1  el_before_av_one_third  avia-builder-el-first '><h1 class='av-special-heading-tag '  itemprop=\"headline\"  >SERVICIOS MOVISAFE<\/h1><div class='av_custom_color av-subheading av-subheading_below'><p>20 a\u00f1os de experiencia en Am\u00e9rica Latina<\/p>\n<\/div><div class=\"special-heading-border\"><div class=\"special-heading-inner-border\"><\/div><\/div><\/div>\n\n<style type=\"text\/css\" data-created_by=\"avia_inline_auto\" id=\"style-css-av-20ec4-43c3868cece11a5c8ad24ae75a6cb44c\">\n.flex_column.av-20ec4-43c3868cece11a5c8ad24ae75a6cb44c{\nborder-radius:0px 0px 0px 0px;\npadding:0px 0px 0px 0px;\n}\n<\/style>\n<div  class='flex_column av-20ec4-43c3868cece11a5c8ad24ae75a6cb44c av_one_third  avia-builder-el-2  el_after_av_heading  el_before_av_one_third  first flex_column_div av-zero-column-padding  '     ><article  class='iconbox iconbox_top av-jnm6hc9j-2c79afb9e64634d9133f888686eac2d8  avia-builder-el-3  avia-builder-el-no-sibling  IconBox main_color'  itemscope=\"itemscope\" itemtype=\"https:\/\/schema.org\/CreativeWork\" ><div class=\"iconbox_content\"><header class=\"entry-content-header\" aria-label=\"Icon: Vigilancia de seguridad &amp; Asistencia\"><a href='https:\/\/movisafe-americalatina.com\/es\/vigilancia-de-seguridad-asistencia-para-su-personal\/' title='Vigilancia de seguridad &amp; Asistencia' aria-label='Vigilancia de seguridad &amp; Asistencia'  class='iconbox_icon heading-color avia-iconfont avia-font-entypo-fontello' data-av_icon='\ue862' data-av_iconfont='entypo-fontello' title=\"Vigilancia de seguridad &amp; Asistencia\" desc=\"Vigilancia de seguridad &amp; Asistencia\" ><\/a><h3 class='iconbox_content_title '  itemprop=\"headline\" ><a href='https:\/\/movisafe-americalatina.com\/es\/vigilancia-de-seguridad-asistencia-para-su-personal\/' title='Vigilancia de seguridad &amp; Asistencia' >Vigilancia de seguridad &amp; Asistencia<\/a><\/h3><\/header><div class='iconbox_content_container '  itemprop=\"text\" ><p class=\"TextIconBox\">Alertas en tiempo real,<br \/>\nHotline y Asistencia 24H<\/p>\n<div class=\"ImageIconBox\"><a href=\"https:\/\/movisafe-americalatina.com\/es\/vigilancia-de-seguridad-asistencia-para-su-personal\/\"><img loading=\"lazy\" decoding=\"async\" class=\"alignnone wp-image-114 size-full\" src=\"https:\/\/movisafe-americalatina.com\/wp-content\/uploads\/2018\/10\/app-mulher.jpg\" alt=\"Movi SOS\" width=\"318\" height=\"185\" srcset=\"https:\/\/movisafe-americalatina.com\/wp-content\/uploads\/2018\/10\/app-mulher.jpg 318w, https:\/\/movisafe-americalatina.com\/wp-content\/uploads\/2018\/10\/app-mulher-300x175.jpg 300w\" sizes=\"auto, (max-width: 318px) 100vw, 318px\" \/><\/a><\/div>\n<\/div><\/div><footer class=\"entry-footer\"><\/footer><\/article><\/div>\n<style type=\"text\/css\" data-created_by=\"avia_inline_auto\" id=\"style-css-av-1o1l0-b9cd798d77a5dab2a3c0f4f11c35bb54\">\n.flex_column.av-1o1l0-b9cd798d77a5dab2a3c0f4f11c35bb54{\nborder-radius:0px 0px 0px 0px;\npadding:0px 0px 0px 0px;\n}\n<\/style>\n<div  class='flex_column av-1o1l0-b9cd798d77a5dab2a3c0f4f11c35bb54 av_one_third  avia-builder-el-4  el_after_av_one_third  el_before_av_one_third  flex_column_div av-zero-column-padding  '     ><article  class='iconbox iconbox_top av-jnm6hc9j-629727cc69f722dc6e9bb4e1a45ef946  avia-builder-el-5  avia-builder-el-no-sibling  IconBox main_color'  itemscope=\"itemscope\" itemtype=\"https:\/\/schema.org\/CreativeWork\" ><div class=\"iconbox_content\"><header class=\"entry-content-header\" aria-label=\"Icon: An\u00e1lisis de riesgos &amp; Asesor\u00eda\"><a href='https:\/\/movisafe-americalatina.com\/es\/analisis-de-riesgos-asesoria\/' title='An\u00e1lisis de riesgos &amp; Asesor\u00eda' aria-label='An\u00e1lisis de riesgos &amp; Asesor\u00eda'  class='iconbox_icon heading-color avia-iconfont avia-font-entypo-fontello' data-av_icon='\ue803' data-av_iconfont='entypo-fontello' title=\"An\u00e1lisis de riesgos &amp; Asesor\u00eda\" desc=\"An\u00e1lisis de riesgos &amp; Asesor\u00eda\" ><\/a><h3 class='iconbox_content_title '  itemprop=\"headline\" ><a href='https:\/\/movisafe-americalatina.com\/es\/analisis-de-riesgos-asesoria\/' title='An\u00e1lisis de riesgos &amp; Asesor\u00eda' >An\u00e1lisis de riesgos &amp; Asesor\u00eda<\/a><\/h3><\/header><div class='iconbox_content_container '  itemprop=\"text\" ><p class=\"TextIconBox\">Asesor\u00eda para garantizar la seguridad de su personal y la sostenibilidad de sus negocios<\/p>\n<div class=\"ImageIconBox\"><a href=\"https:\/\/movisafe-americalatina.com\/es\/analisis-de-riesgos-asesoria\/\"><img loading=\"lazy\" decoding=\"async\" class=\"alignnone wp-image-119 size-full\" src=\"https:\/\/movisafe-americalatina.com\/wp-content\/uploads\/2018\/10\/risques.jpg\" alt=\"Risques et conseils\" width=\"314\" height=\"185\" srcset=\"https:\/\/movisafe-americalatina.com\/wp-content\/uploads\/2018\/10\/risques.jpg 314w, https:\/\/movisafe-americalatina.com\/wp-content\/uploads\/2018\/10\/risques-300x177.jpg 300w\" sizes=\"auto, (max-width: 314px) 100vw, 314px\" \/><\/a><\/div>\n<\/div><\/div><footer class=\"entry-footer\"><\/footer><\/article><\/div>\n<style type=\"text\/css\" data-created_by=\"avia_inline_auto\" id=\"style-css-av-139o0-093ce8f159998a19034ac939779ce80f\">\n.flex_column.av-139o0-093ce8f159998a19034ac939779ce80f{\nborder-radius:0px 0px 0px 0px;\npadding:0px 0px 0px 0px;\n}\n<\/style>\n<div  class='flex_column av-139o0-093ce8f159998a19034ac939779ce80f av_one_third  avia-builder-el-6  el_after_av_one_third  el_before_av_one_third  flex_column_div av-zero-column-padding  '     ><article  class='iconbox iconbox_top av-jnm6hc9j-7e92dbb8a917983e28f6af41f9dbcb80  avia-builder-el-7  avia-builder-el-no-sibling  IconBox main_color'  itemscope=\"itemscope\" itemtype=\"https:\/\/schema.org\/CreativeWork\" ><div class=\"iconbox_content\"><header class=\"entry-content-header\" aria-label=\"Icon: Cursos &amp; Formaci\u00f3n\"><a href='https:\/\/movisafe-americalatina.com\/es\/cursos-y-formacion\/' title='Cursos &amp; Formaci\u00f3n' aria-label='Cursos &amp; Formaci\u00f3n'  class='iconbox_icon heading-color avia-iconfont avia-font-entypo-fontello' data-av_icon='\ue81e' data-av_iconfont='entypo-fontello' title=\"Cursos &amp; Formaci\u00f3n\" desc=\"Cursos &amp; Formaci\u00f3n\" ><\/a><h3 class='iconbox_content_title '  itemprop=\"headline\" ><a href='https:\/\/movisafe-americalatina.com\/es\/cursos-y-formacion\/' title='Cursos &amp; Formaci\u00f3n' >Cursos &amp; Formaci\u00f3n<\/a><\/h3><\/header><div class='iconbox_content_container '  itemprop=\"text\" ><p class=\"TextIconBox\">Briefing de sensibilizaci\u00f3n, cursos de conducci\u00f3n defensiva, gesti\u00f3n de crisis, ser protagonista de su propia seguridad<\/p>\n<div class=\"ImageIconBox\"><a href=\"https:\/\/movisafe-americalatina.com\/es\/cursos-y-formacion\/\"><img loading=\"lazy\" decoding=\"async\" class=\"alignnone wp-image-115 size-full\" src=\"https:\/\/movisafe-americalatina.com\/wp-content\/uploads\/2018\/10\/Briefing.jpg\" alt=\"\" width=\"316\" height=\"183\" \/><\/a><\/div>\n<\/div><\/div><footer class=\"entry-footer\"><\/footer><\/article><\/div>\n<style type=\"text\/css\" data-created_by=\"avia_inline_auto\" id=\"style-css-av-20ec4-43c3868cece11a5c8ad24ae75a6cb44c\">\n.flex_column.av-20ec4-43c3868cece11a5c8ad24ae75a6cb44c{\nborder-radius:0px 0px 0px 0px;\npadding:0px 0px 0px 0px;\n}\n<\/style>\n<div  class='flex_column av-20ec4-43c3868cece11a5c8ad24ae75a6cb44c av_one_third  avia-builder-el-8  el_after_av_one_third  el_before_av_one_third  first flex_column_div av-zero-column-padding  column-top-margin'     ><article  class='iconbox iconbox_top av-jnm6hc9j-8a317c79ad2da62aba4b579b165317bf  avia-builder-el-9  avia-builder-el-no-sibling  IconBox main_color'  itemscope=\"itemscope\" itemtype=\"https:\/\/schema.org\/CreativeWork\" ><div class=\"iconbox_content\"><header class=\"entry-content-header\" aria-label=\"Icon: Protecci\u00f3n de bienes y personas\"><a href='https:\/\/movisafe-americalatina.com\/es\/proteccion-de-bienes-y-personas\/' title='Protecci\u00f3n de bienes y personas' aria-label='Protecci\u00f3n de bienes y personas'  class='iconbox_icon heading-color avia-iconfont avia-font-entypo-fontello' data-av_icon='\ue826' data-av_iconfont='entypo-fontello' title=\"Protecci\u00f3n de bienes y personas\" desc=\"Protecci\u00f3n de bienes y personas\" ><\/a><h3 class='iconbox_content_title '  itemprop=\"headline\" ><a href='https:\/\/movisafe-americalatina.com\/es\/proteccion-de-bienes-y-personas\/' title='Protecci\u00f3n de bienes y personas' >Protecci\u00f3n de bienes y personas<\/a><\/h3><\/header><div class='iconbox_content_container '  itemprop=\"text\" ><p class=\"TextIconBox\">Movisafe ofrece una amplia gama de soluciones de seguridad para proteger su personal, infraestructuras, mercanc\u00edas e informaci\u00f3n<\/p>\n<div class=\"ImageIconBox\"><a href=\"https:\/\/movisafe-americalatina.com\/es\/proteccion-de-bienes-y-personas\/\"><img loading=\"lazy\" decoding=\"async\" class=\"alignnone wp-image-118 size-full\" src=\"https:\/\/movisafe-americalatina.com\/wp-content\/uploads\/2018\/10\/protection.jpg\" alt=\"Movisafe Protection Vip\" width=\"317\" height=\"185\" srcset=\"https:\/\/movisafe-americalatina.com\/wp-content\/uploads\/2018\/10\/protection.jpg 317w, https:\/\/movisafe-americalatina.com\/wp-content\/uploads\/2018\/10\/protection-300x175.jpg 300w\" sizes=\"auto, (max-width: 317px) 100vw, 317px\" \/><\/a><\/div>\n<\/div><\/div><footer class=\"entry-footer\"><\/footer><\/article><\/div>\n<style type=\"text\/css\" data-created_by=\"avia_inline_auto\" id=\"style-css-av-20ec4-63f1feb7b819cd0aef9d02c61d7d64d8\">\n.flex_column.av-20ec4-63f1feb7b819cd0aef9d02c61d7d64d8{\nborder-radius:0px 0px 0px 0px;\npadding:0px 0px 0px 0px;\n}\n<\/style>\n<div  class='flex_column av-20ec4-63f1feb7b819cd0aef9d02c61d7d64d8 av_one_third  avia-builder-el-10  el_after_av_one_third  el_before_av_one_third  flex_column_div av-zero-column-padding  column-top-margin'     ><article  class='iconbox iconbox_top av-jnm6hc9j-d8603b1519ba23accccff1996d8d558f  avia-builder-el-11  avia-builder-el-no-sibling  IconBox main_color'  itemscope=\"itemscope\" itemtype=\"https:\/\/schema.org\/CreativeWork\" ><div class=\"iconbox_content\"><header class=\"entry-content-header\" aria-label=\"Icon: Investigaci\u00f3n &amp; Prevenci\u00f3n de fraudes\"><a href='https:\/\/movisafe-americalatina.com\/es\/investigacion-lucha-contra-el-fraude-y-compliance\/' title='Investigaci\u00f3n &amp; Prevenci\u00f3n de fraudes' aria-label='Investigaci\u00f3n &amp; Prevenci\u00f3n de fraudes'  class='iconbox_icon heading-color avia-iconfont avia-font-entypo-fontello' data-av_icon='\ue824' data-av_iconfont='entypo-fontello' title=\"Investigaci\u00f3n &amp; Prevenci\u00f3n de fraudes\" desc=\"Investigaci\u00f3n &amp; Prevenci\u00f3n de fraudes\" ><\/a><h3 class='iconbox_content_title '  itemprop=\"headline\" ><a href='https:\/\/movisafe-americalatina.com\/es\/investigacion-lucha-contra-el-fraude-y-compliance\/' title='Investigaci\u00f3n &amp; Prevenci\u00f3n de fraudes' >Investigaci\u00f3n &amp; Prevenci\u00f3n de fraudes<\/a><\/h3><\/header><div class='iconbox_content_container '  itemprop=\"text\" ><p class=\"TextIconBox\">Certificaci\u00f3n de personal, Due Diligence y lucha contra fraudes en su empresa<\/p>\n<div class=\"ImageIconBox\"><a href=\"https:\/\/movisafe-americalatina.com\/es\/investigacion-lucha-contra-el-fraude-y-compliance\/\"><img loading=\"lazy\" decoding=\"async\" class=\"alignnone wp-image-116 size-full\" src=\"https:\/\/movisafe-americalatina.com\/wp-content\/uploads\/2018\/10\/fraude.jpg\" alt=\"Fraude Movisafe\" width=\"317\" height=\"184\" srcset=\"https:\/\/movisafe-americalatina.com\/wp-content\/uploads\/2018\/10\/fraude.jpg 317w, https:\/\/movisafe-americalatina.com\/wp-content\/uploads\/2018\/10\/fraude-300x174.jpg 300w\" sizes=\"auto, (max-width: 317px) 100vw, 317px\" \/><\/a><\/div>\n<\/div><\/div><footer class=\"entry-footer\"><\/footer><\/article><\/div>\n<style type=\"text\/css\" data-created_by=\"avia_inline_auto\" id=\"style-css-av-20ec4-63f1feb7b819cd0aef9d02c61d7d64d8\">\n.flex_column.av-20ec4-63f1feb7b819cd0aef9d02c61d7d64d8{\nborder-radius:0px 0px 0px 0px;\npadding:0px 0px 0px 0px;\n}\n<\/style>\n<div  class='flex_column av-20ec4-63f1feb7b819cd0aef9d02c61d7d64d8 av_one_third  avia-builder-el-12  el_after_av_one_third  avia-builder-el-last  flex_column_div av-zero-column-padding  column-top-margin'     ><article  class='iconbox iconbox_top av-jnm6hc9j-9463f0f52062f7be46875ca239f3b231  avia-builder-el-13  avia-builder-el-no-sibling  IconBox main_color'  itemscope=\"itemscope\" itemtype=\"https:\/\/schema.org\/CreativeWork\" ><div class=\"iconbox_content\"><header class=\"entry-content-header\" aria-label=\"Icon: Ingenier\u00eda de seguridad\"><a href='https:\/\/movisafe-americalatina.com\/es\/ingenieria-de-seguridad\/' title='Ingenier\u00eda de seguridad' aria-label='Ingenier\u00eda de seguridad'  class='iconbox_icon heading-color avia-iconfont avia-font-entypo-fontello' data-av_icon='\ue8da' data-av_iconfont='entypo-fontello' title=\"Ingenier\u00eda de seguridad\" desc=\"Ingenier\u00eda de seguridad\" ><\/a><h3 class='iconbox_content_title '  itemprop=\"headline\" ><a href='https:\/\/movisafe-americalatina.com\/es\/ingenieria-de-seguridad\/' title='Ingenier\u00eda de seguridad' >Ingenier\u00eda de seguridad<\/a><\/h3><\/header><div class='iconbox_content_container '  itemprop=\"text\" ><p class=\"TextIconBox\">Asistencia al Control de Obras, Redacci\u00f3n de pliegos de condiciones, Asistencia a la direcci\u00f3n de obras, Instalaci\u00f3n y monitoreo de sistemas de seguridad.<\/p>\n<div class=\"ImageIconBox\"><a href=\"https:\/\/movisafe-americalatina.com\/es\/ingenieria-de-seguridad\/\"><img loading=\"lazy\" decoding=\"async\" class=\"alignnone wp-image-117 size-full\" src=\"https:\/\/movisafe-americalatina.com\/wp-content\/uploads\/2018\/10\/ingenerie.jpg\" alt=\"\" width=\"314\" height=\"183\" srcset=\"https:\/\/movisafe-americalatina.com\/wp-content\/uploads\/2018\/10\/ingenerie.jpg 314w, https:\/\/movisafe-americalatina.com\/wp-content\/uploads\/2018\/10\/ingenerie-300x175.jpg 300w\" sizes=\"auto, (max-width: 314px) 100vw, 314px\" \/><\/a><\/div>\n<\/div><\/div><footer class=\"entry-footer\"><\/footer><\/article><\/div><\/div><\/div><\/main><!-- close content main element --><\/div><\/div><div id='after_section_1'  class='main_color av_default_container_wrap container_wrap sidebar_right'  ><div class='container av-section-cont-open' ><div class='template-page content  av-content-small alpha units'><div class='post-entry post-entry-type-page post-entry-1013'><div class='entry-content-wrapper clearfix'>\n","protected":false},"excerpt":{"rendered":"","protected":false},"author":1,"featured_media":0,"parent":0,"menu_order":0,"comment_status":"closed","ping_status":"closed","template":"","meta":{"_monsterinsights_skip_tracking":false,"_monsterinsights_sitenote_active":false,"_monsterinsights_sitenote_note":"","_monsterinsights_sitenote_category":0,"footnotes":""},"class_list":["post-1013","page","type-page","status-publish","hentry"],"yoast_head":"<!-- This site is optimized with the Yoast SEO plugin v27.2 - https:\/\/yoast.com\/product\/yoast-seo-wordpress\/ -->\n<title>Servicios - MOVISAFE America Latina<\/title>\n<meta name=\"description\" content=\"Nuestras \u00e1reas de especializaci\u00f3n y los servicios que ofrecemos, como seguridad, an\u00e1lisis, investigaciones y cursos de formaci\u00f3n.\" \/>\n<meta name=\"robots\" content=\"index, follow, max-snippet:-1, max-image-preview:large, max-video-preview:-1\" \/>\n<link rel=\"canonical\" href=\"https:\/\/movisafe-americalatina.com\/es\/servicios\/\" \/>\n<meta property=\"og:locale\" content=\"es_ES\" \/>\n<meta property=\"og:type\" content=\"article\" \/>\n<meta property=\"og:title\" content=\"Servicios - MOVISAFE America Latina\" \/>\n<meta property=\"og:description\" content=\"Nuestras \u00e1reas de especializaci\u00f3n y los servicios que ofrecemos, como seguridad, an\u00e1lisis, investigaciones y cursos de formaci\u00f3n.\" \/>\n<meta property=\"og:url\" content=\"https:\/\/movisafe-americalatina.com\/es\/servicios\/\" \/>\n<meta property=\"og:site_name\" content=\"MOVISAFE America Latina\" \/>\n<meta property=\"article:publisher\" content=\"https:\/\/www.facebook.com\/movisafeamericalatina\/\" \/>\n<meta property=\"article:modified_time\" content=\"2023-03-29T18:58:20+00:00\" \/>\n<meta property=\"og:image\" content=\"https:\/\/movisafe-americalatina.com\/wp-content\/uploads\/2018\/10\/app-mulher.jpg\" \/>\n<meta name=\"twitter:card\" content=\"summary_large_image\" \/>\n<meta name=\"twitter:label1\" content=\"Tiempo de lectura\" \/>\n\t<meta name=\"twitter:data1\" content=\"7 minutos\" \/>\n<script type=\"application\/ld+json\" class=\"yoast-schema-graph\">{\"@context\":\"https:\/\/schema.org\",\"@graph\":[{\"@type\":\"WebPage\",\"@id\":\"https:\/\/movisafe-americalatina.com\/es\/servicios\/\",\"url\":\"https:\/\/movisafe-americalatina.com\/es\/servicios\/\",\"name\":\"Servicios - MOVISAFE America Latina\",\"isPartOf\":{\"@id\":\"https:\/\/movisafe-americalatina.com\/#website\"},\"primaryImageOfPage\":{\"@id\":\"https:\/\/movisafe-americalatina.com\/es\/servicios\/#primaryimage\"},\"image\":{\"@id\":\"https:\/\/movisafe-americalatina.com\/es\/servicios\/#primaryimage\"},\"thumbnailUrl\":\"https:\/\/movisafe-americalatina.com\/wp-content\/uploads\/2018\/10\/app-mulher.jpg\",\"datePublished\":\"2019-11-13T08:59:28+00:00\",\"dateModified\":\"2023-03-29T18:58:20+00:00\",\"description\":\"Nuestras \u00e1reas de especializaci\u00f3n y los servicios que ofrecemos, como seguridad, an\u00e1lisis, investigaciones y cursos de formaci\u00f3n.\",\"breadcrumb\":{\"@id\":\"https:\/\/movisafe-americalatina.com\/es\/servicios\/#breadcrumb\"},\"inLanguage\":\"es\",\"potentialAction\":[{\"@type\":\"ReadAction\",\"target\":[\"https:\/\/movisafe-americalatina.com\/es\/servicios\/\"]}]},{\"@type\":\"ImageObject\",\"inLanguage\":\"es\",\"@id\":\"https:\/\/movisafe-americalatina.com\/es\/servicios\/#primaryimage\",\"url\":\"https:\/\/movisafe-americalatina.com\/wp-content\/uploads\/2018\/10\/app-mulher.jpg\",\"contentUrl\":\"https:\/\/movisafe-americalatina.com\/wp-content\/uploads\/2018\/10\/app-mulher.jpg\"},{\"@type\":\"BreadcrumbList\",\"@id\":\"https:\/\/movisafe-americalatina.com\/es\/servicios\/#breadcrumb\",\"itemListElement\":[{\"@type\":\"ListItem\",\"position\":1,\"name\":\"In\u00edcio\",\"item\":\"https:\/\/movisafe-americalatina.com\/es\/\"},{\"@type\":\"ListItem\",\"position\":2,\"name\":\"Servicios\"}]},{\"@type\":\"WebSite\",\"@id\":\"https:\/\/movisafe-americalatina.com\/#website\",\"url\":\"https:\/\/movisafe-americalatina.com\/\",\"name\":\"MOVISAFE America Latina\",\"description\":\"L\u00edder em seguran\u00e7a -  Am\u00e9rica Latina\",\"publisher\":{\"@id\":\"https:\/\/movisafe-americalatina.com\/#organization\"},\"potentialAction\":[{\"@type\":\"SearchAction\",\"target\":{\"@type\":\"EntryPoint\",\"urlTemplate\":\"https:\/\/movisafe-americalatina.com\/?s={search_term_string}\"},\"query-input\":{\"@type\":\"PropertyValueSpecification\",\"valueRequired\":true,\"valueName\":\"search_term_string\"}}],\"inLanguage\":\"es\"},{\"@type\":\"Organization\",\"@id\":\"https:\/\/movisafe-americalatina.com\/#organization\",\"name\":\"Movisafe America Latina\",\"url\":\"https:\/\/movisafe-americalatina.com\/\",\"logo\":{\"@type\":\"ImageObject\",\"inLanguage\":\"es\",\"@id\":\"https:\/\/movisafe-americalatina.com\/#\/schema\/logo\/image\/\",\"url\":\"https:\/\/movisafe-americalatina.com\/wp-content\/uploads\/2018\/10\/LogoMovisafe_Quadri.png\",\"contentUrl\":\"https:\/\/movisafe-americalatina.com\/wp-content\/uploads\/2018\/10\/LogoMovisafe_Quadri.png\",\"width\":373,\"height\":133,\"caption\":\"Movisafe America Latina\"},\"image\":{\"@id\":\"https:\/\/movisafe-americalatina.com\/#\/schema\/logo\/image\/\"},\"sameAs\":[\"https:\/\/www.facebook.com\/movisafeamericalatina\/\",\"https:\/\/www.linkedin.com\/company\/movisafe-america-latina\/\"]}]}<\/script>\n<!-- \/ Yoast SEO plugin. -->","yoast_head_json":{"title":"Servicios - MOVISAFE America Latina","description":"Nuestras \u00e1reas de especializaci\u00f3n y los servicios que ofrecemos, como seguridad, an\u00e1lisis, investigaciones y cursos de formaci\u00f3n.","robots":{"index":"index","follow":"follow","max-snippet":"max-snippet:-1","max-image-preview":"max-image-preview:large","max-video-preview":"max-video-preview:-1"},"canonical":"https:\/\/movisafe-americalatina.com\/es\/servicios\/","og_locale":"es_ES","og_type":"article","og_title":"Servicios - MOVISAFE America Latina","og_description":"Nuestras \u00e1reas de especializaci\u00f3n y los servicios que ofrecemos, como seguridad, an\u00e1lisis, investigaciones y cursos de formaci\u00f3n.","og_url":"https:\/\/movisafe-americalatina.com\/es\/servicios\/","og_site_name":"MOVISAFE America Latina","article_publisher":"https:\/\/www.facebook.com\/movisafeamericalatina\/","article_modified_time":"2023-03-29T18:58:20+00:00","og_image":[{"url":"https:\/\/movisafe-americalatina.com\/wp-content\/uploads\/2018\/10\/app-mulher.jpg","type":"","width":"","height":""}],"twitter_card":"summary_large_image","twitter_misc":{"Tiempo de lectura":"7 minutos"},"schema":{"@context":"https:\/\/schema.org","@graph":[{"@type":"WebPage","@id":"https:\/\/movisafe-americalatina.com\/es\/servicios\/","url":"https:\/\/movisafe-americalatina.com\/es\/servicios\/","name":"Servicios - MOVISAFE America Latina","isPartOf":{"@id":"https:\/\/movisafe-americalatina.com\/#website"},"primaryImageOfPage":{"@id":"https:\/\/movisafe-americalatina.com\/es\/servicios\/#primaryimage"},"image":{"@id":"https:\/\/movisafe-americalatina.com\/es\/servicios\/#primaryimage"},"thumbnailUrl":"https:\/\/movisafe-americalatina.com\/wp-content\/uploads\/2018\/10\/app-mulher.jpg","datePublished":"2019-11-13T08:59:28+00:00","dateModified":"2023-03-29T18:58:20+00:00","description":"Nuestras \u00e1reas de especializaci\u00f3n y los servicios que ofrecemos, como seguridad, an\u00e1lisis, investigaciones y cursos de formaci\u00f3n.","breadcrumb":{"@id":"https:\/\/movisafe-americalatina.com\/es\/servicios\/#breadcrumb"},"inLanguage":"es","potentialAction":[{"@type":"ReadAction","target":["https:\/\/movisafe-americalatina.com\/es\/servicios\/"]}]},{"@type":"ImageObject","inLanguage":"es","@id":"https:\/\/movisafe-americalatina.com\/es\/servicios\/#primaryimage","url":"https:\/\/movisafe-americalatina.com\/wp-content\/uploads\/2018\/10\/app-mulher.jpg","contentUrl":"https:\/\/movisafe-americalatina.com\/wp-content\/uploads\/2018\/10\/app-mulher.jpg"},{"@type":"BreadcrumbList","@id":"https:\/\/movisafe-americalatina.com\/es\/servicios\/#breadcrumb","itemListElement":[{"@type":"ListItem","position":1,"name":"In\u00edcio","item":"https:\/\/movisafe-americalatina.com\/es\/"},{"@type":"ListItem","position":2,"name":"Servicios"}]},{"@type":"WebSite","@id":"https:\/\/movisafe-americalatina.com\/#website","url":"https:\/\/movisafe-americalatina.com\/","name":"MOVISAFE America Latina","description":"L\u00edder em seguran\u00e7a -  Am\u00e9rica Latina","publisher":{"@id":"https:\/\/movisafe-americalatina.com\/#organization"},"potentialAction":[{"@type":"SearchAction","target":{"@type":"EntryPoint","urlTemplate":"https:\/\/movisafe-americalatina.com\/?s={search_term_string}"},"query-input":{"@type":"PropertyValueSpecification","valueRequired":true,"valueName":"search_term_string"}}],"inLanguage":"es"},{"@type":"Organization","@id":"https:\/\/movisafe-americalatina.com\/#organization","name":"Movisafe America Latina","url":"https:\/\/movisafe-americalatina.com\/","logo":{"@type":"ImageObject","inLanguage":"es","@id":"https:\/\/movisafe-americalatina.com\/#\/schema\/logo\/image\/","url":"https:\/\/movisafe-americalatina.com\/wp-content\/uploads\/2018\/10\/LogoMovisafe_Quadri.png","contentUrl":"https:\/\/movisafe-americalatina.com\/wp-content\/uploads\/2018\/10\/LogoMovisafe_Quadri.png","width":373,"height":133,"caption":"Movisafe America Latina"},"image":{"@id":"https:\/\/movisafe-americalatina.com\/#\/schema\/logo\/image\/"},"sameAs":["https:\/\/www.facebook.com\/movisafeamericalatina\/","https:\/\/www.linkedin.com\/company\/movisafe-america-latina\/"]}]}},"_links":{"self":[{"href":"https:\/\/movisafe-americalatina.com\/es\/wp-json\/wp\/v2\/pages\/1013","targetHints":{"allow":["GET"]}}],"collection":[{"href":"https:\/\/movisafe-americalatina.com\/es\/wp-json\/wp\/v2\/pages"}],"about":[{"href":"https:\/\/movisafe-americalatina.com\/es\/wp-json\/wp\/v2\/types\/page"}],"author":[{"embeddable":true,"href":"https:\/\/movisafe-americalatina.com\/es\/wp-json\/wp\/v2\/users\/1"}],"replies":[{"embeddable":true,"href":"https:\/\/movisafe-americalatina.com\/es\/wp-json\/wp\/v2\/comments?post=1013"}],"version-history":[{"count":10,"href":"https:\/\/movisafe-americalatina.com\/es\/wp-json\/wp\/v2\/pages\/1013\/revisions"}],"predecessor-version":[{"id":3767,"href":"https:\/\/movisafe-americalatina.com\/es\/wp-json\/wp\/v2\/pages\/1013\/revisions\/3767"}],"wp:attachment":[{"href":"https:\/\/movisafe-americalatina.com\/es\/wp-json\/wp\/v2\/media?parent=1013"}],"curies":[{"name":"wp","href":"https:\/\/api.w.org\/{rel}","templated":true}]}}