{"id":3680,"date":"2023-01-10T17:23:08","date_gmt":"2023-01-10T20:23:08","guid":{"rendered":"https:\/\/movisafe-americalatina.com\/?page_id=3680"},"modified":"2025-10-22T09:54:52","modified_gmt":"2025-10-22T12:54:52","slug":"movisafe-team","status":"publish","type":"page","link":"https:\/\/movisafe-americalatina.com\/en\/movisafe-team\/","title":{"rendered":"Movisafe Team"},"content":{"rendered":"\n<style type=\"text\/css\" data-created_by=\"avia_inline_auto\" id=\"style-css-av-d5j6ts-a74c3286949a2d5b35d6bb22610cec60\">\n.flex_column.av-d5j6ts-a74c3286949a2d5b35d6bb22610cec60{\nborder-radius:0px 0px 0px 0px;\npadding:0px 0px 0px 0px;\n}\n<\/style>\n<div  class='flex_column av-d5j6ts-a74c3286949a2d5b35d6bb22610cec60 av_one_full  avia-builder-el-0  el_before_av_one_half  avia-builder-el-first  first flex_column_div av-zero-column-padding  '     ><style type=\"text\/css\" data-created_by=\"avia_inline_auto\" id=\"style-css-av-lbz7j5wn-91aa6f5be3f6f872ece2d4a78717f77a\">\n#top .av-special-heading.av-lbz7j5wn-91aa6f5be3f6f872ece2d4a78717f77a{\npadding-bottom:10px;\n}\nbody .av-special-heading.av-lbz7j5wn-91aa6f5be3f6f872ece2d4a78717f77a .av-special-heading-tag .heading-char{\nfont-size:25px;\n}\n.av-special-heading.av-lbz7j5wn-91aa6f5be3f6f872ece2d4a78717f77a .av-subheading{\nfont-size:15px;\n}\n<\/style>\n<div  class='av-special-heading av-lbz7j5wn-91aa6f5be3f6f872ece2d4a78717f77a av-special-heading-h3  avia-builder-el-1  avia-builder-el-no-sibling '><h3 class='av-special-heading-tag '  itemprop=\"headline\"  >Board of Directors<\/h3><div class=\"special-heading-border\"><div class=\"special-heading-inner-border\"><\/div><\/div><\/div><\/div>\n\n<style type=\"text\/css\" data-created_by=\"avia_inline_auto\" id=\"style-css-av-a6h8jk-7f9993fe8b5e43fa750c60bc10ab0465\">\n.flex_column.av-a6h8jk-7f9993fe8b5e43fa750c60bc10ab0465{\nborder-radius:0px 0px 0px 0px;\npadding:0px 0px 0px 0px;\n}\n<\/style>\n<div  class='flex_column av-a6h8jk-7f9993fe8b5e43fa750c60bc10ab0465 av_one_half  avia-builder-el-2  el_after_av_one_full  el_before_av_one_half  first flex_column_div av-zero-column-padding  column-top-margin'     ><p><section  class='avia-team-member av-lbz7ad1u-cf24b67d791bd522a43a640d77b75dcf  avia-builder-el-3  el_before_av_font_icon  avia-builder-el-first '  itemscope=\"itemscope\" itemtype=\"https:\/\/schema.org\/Person\" ><div class=\"team-img-container\"><img decoding=\"async\" fetchpriority=\"high\" class='wp-image-3672 avia-img-lazy-loading-not-3672 avia_image avia_image_team' src=\"https:\/\/movisafe-americalatina.com\/wp-content\/uploads\/2022\/12\/IMG_pascal.jpg\" alt='Pascal Gras'  itemprop=\"image\"   height=\"1200\" width=\"1200\" srcset=\"https:\/\/movisafe-americalatina.com\/wp-content\/uploads\/2022\/12\/IMG_pascal.jpg 1200w, https:\/\/movisafe-americalatina.com\/wp-content\/uploads\/2022\/12\/IMG_pascal-300x300.jpg 300w, https:\/\/movisafe-americalatina.com\/wp-content\/uploads\/2022\/12\/IMG_pascal-1030x1030.jpg 1030w, https:\/\/movisafe-americalatina.com\/wp-content\/uploads\/2022\/12\/IMG_pascal-80x80.jpg 80w, https:\/\/movisafe-americalatina.com\/wp-content\/uploads\/2022\/12\/IMG_pascal-768x768.jpg 768w, https:\/\/movisafe-americalatina.com\/wp-content\/uploads\/2022\/12\/IMG_pascal-36x36.jpg 36w, https:\/\/movisafe-americalatina.com\/wp-content\/uploads\/2022\/12\/IMG_pascal-180x180.jpg 180w, https:\/\/movisafe-americalatina.com\/wp-content\/uploads\/2022\/12\/IMG_pascal-705x705.jpg 705w, https:\/\/movisafe-americalatina.com\/wp-content\/uploads\/2022\/12\/IMG_pascal-120x120.jpg 120w, https:\/\/movisafe-americalatina.com\/wp-content\/uploads\/2022\/12\/IMG_pascal-450x450.jpg 450w\" sizes=\"(max-width: 1200px) 100vw, 1200px\" \/><div class=\"team-social\"><div class=\"team-social-inner\"><span class='hidden av_member_url_markup linkedin'  itemprop=\"url\" >http:\/\/www.linkedin.com\/in\/pascal-gras-4b508832\/<\/span><a href='http:\/\/www.linkedin.com\/in\/pascal-gras-4b508832\/' class='avia-team-icon av-9v37qo-5b9c16b099f52753489077b646d737e6 linkedin avia-iconfont avia-font-entypo-fontello' rel='v:url' data-avia-tooltip=\"LinkedIn\" target='_blank' data-av_icon='\ue8fd' data-av_iconfont='entypo-fontello' ><\/a><\/div><\/div><\/div><h3 class='team-member-name '  itemprop=\"name\" >Pascal Gras<\/h3><div class='team-member-job-title '  itemprop=\"jobTitle\" >President MOVISAFE GROUP<\/div><div class='team-member-description '  itemprop=\"description\" ><p>Pascal founded MOVISAFE in 2002 after having worked as Security Manager for several European and American groups in the sector of energy, in North Africa and in Latin America.<\/p>\n<p>He is a former officer of the French Army. He served for 7 years in paratrooper units (13 RDP, 1 RCP) and in the French Foreign Legion (4 RE, 2 REP). Before entering the army, Pascal followed scientific courses at the University of Grenoble (France).<\/p>\n<p>Pascal is certified Auditor in Security Management Systems by the Mexican government, and he is a certified Data Protection Officer (DPO) by Escola Superior de Seguran\u00e7a of S\u00e3o Paulo. He is the Coordinator of the CCIFB Security Commission (Chamber of Commerce and Industry France &amp; Brazil).<\/p>\n<p>Pascal speaks French (native), English, Portuguese, and Spanish.<\/p>\n<\/div><span class='hidden team-member-affiliation'  itemprop=\"affiliation\" >MOVISAFE<\/span><\/section><br \/>\n\n<style type=\"text\/css\" data-created_by=\"avia_inline_auto\" id=\"style-css-av-lcox2uba-b2fc9fa7fe7e2f36a611eb402f51c64b\">\n.av_font_icon.av-lcox2uba-b2fc9fa7fe7e2f36a611eb402f51c64b{\ncolor:#b02b2c;\nborder-color:#b02b2c;\n}\n.avia-svg-icon.av-lcox2uba-b2fc9fa7fe7e2f36a611eb402f51c64b svg:first-child{\nstroke:#b02b2c;\nfill:#b02b2c;\n}\n.av_font_icon.av-lcox2uba-b2fc9fa7fe7e2f36a611eb402f51c64b .av-icon-char{\nfont-size:40px;\nline-height:40px;\n}\n<\/style>\n<span  class='av_font_icon av-lcox2uba-b2fc9fa7fe7e2f36a611eb402f51c64b avia_animate_when_visible av-icon-style- avia-icon-pos-center avia-iconfont avia-font-entypo-fontello'><a href='https:\/\/www.linkedin.com\/in\/pascal-gras-4b508832\/'  target=\"_blank\"  rel=\"noopener noreferrer\"  class='av-icon-char' data-av_icon='\ue8fd' data-av_iconfont='entypo-fontello' aria-hidden=\"false\" ><\/a><\/span><\/p><\/div>\n\n<style type=\"text\/css\" data-created_by=\"avia_inline_auto\" id=\"style-css-av-8577eo-7a0c3c80613396f015afdac40d130b9f\">\n.flex_column.av-8577eo-7a0c3c80613396f015afdac40d130b9f{\nborder-radius:0px 0px 0px 0px;\npadding:0px 0px 0px 0px;\n}\n<\/style>\n<div  class='flex_column av-8577eo-7a0c3c80613396f015afdac40d130b9f av_one_half  avia-builder-el-5  el_after_av_one_half  avia-builder-el-last  flex_column_div av-zero-column-padding  column-top-margin'     ><p><section  class='avia-team-member av-lbz7ad1u-bc841840e2948c080425a10f2f936a06  avia-builder-el-6  el_before_av_font_icon  avia-builder-el-first '  itemscope=\"itemscope\" itemtype=\"https:\/\/schema.org\/Person\" ><div class=\"team-img-container\"><img decoding=\"async\" fetchpriority=\"high\" class='wp-image-6287 avia-img-lazy-loading-not-6287 avia_image avia_image_team' src=\"https:\/\/movisafe-americalatina.com\/wp-content\/uploads\/2025\/10\/WhatsApp-Image-2025-10-21-at-19.39.46.jpeg\" alt='Romario Peres'  itemprop=\"image\"   height=\"500\" width=\"500\" srcset=\"https:\/\/movisafe-americalatina.com\/wp-content\/uploads\/2025\/10\/WhatsApp-Image-2025-10-21-at-19.39.46.jpeg 500w, https:\/\/movisafe-americalatina.com\/wp-content\/uploads\/2025\/10\/WhatsApp-Image-2025-10-21-at-19.39.46-300x300.jpeg 300w, https:\/\/movisafe-americalatina.com\/wp-content\/uploads\/2025\/10\/WhatsApp-Image-2025-10-21-at-19.39.46-80x80.jpeg 80w, https:\/\/movisafe-americalatina.com\/wp-content\/uploads\/2025\/10\/WhatsApp-Image-2025-10-21-at-19.39.46-36x36.jpeg 36w, https:\/\/movisafe-americalatina.com\/wp-content\/uploads\/2025\/10\/WhatsApp-Image-2025-10-21-at-19.39.46-180x180.jpeg 180w\" sizes=\"(max-width: 500px) 100vw, 500px\" \/><div class=\"team-social\"><div class=\"team-social-inner\"><span class='hidden av_member_url_markup linkedin'  itemprop=\"url\" >https:\/\/www.linkedin.com\/in\/rperes2710\/<\/span><a href='https:\/\/www.linkedin.com\/in\/rperes2710\/' class='avia-team-icon av-5ixfhc-92b34764b5e077fe674c244fef4c0cf3 linkedin avia-iconfont avia-font-entypo-fontello' rel='v:url' data-avia-tooltip=\"LinkedIn\" target='_blank' data-av_icon='\ue8fd' data-av_iconfont='entypo-fontello' ><\/a><\/div><\/div><\/div><h3 class='team-member-name '  itemprop=\"name\" >Romario Peres<\/h3><div class='team-member-job-title '  itemprop=\"jobTitle\" >Operations Manager<\/div><div class='team-member-description '  itemprop=\"description\" ><p>Specialist in risk analysis, operational intelligence, and corporate security, with expertise in OSINT techniques, field audits, and situational monitoring.<\/p>\n<p>Former member of the Armed Forces, currently serving as Operations Manager at MOVISAFE Latin America, leading teams, conducting security assessments and diligence processes, and integrating technology, intelligence, and risk management to strengthen corporate resilience.<\/p>\n<\/div><span class='hidden team-member-affiliation'  itemprop=\"affiliation\" >MOVISAFE<\/span><\/section><br \/>\n\n<style type=\"text\/css\" data-created_by=\"avia_inline_auto\" id=\"style-css-av-lcox2uba-b0f94abf354cc5f6d27b83901c7c6c29\">\n.av_font_icon.av-lcox2uba-b0f94abf354cc5f6d27b83901c7c6c29{\ncolor:#b02b2c;\nborder-color:#b02b2c;\n}\n.avia-svg-icon.av-lcox2uba-b0f94abf354cc5f6d27b83901c7c6c29 svg:first-child{\nstroke:#b02b2c;\nfill:#b02b2c;\n}\n.av_font_icon.av-lcox2uba-b0f94abf354cc5f6d27b83901c7c6c29 .av-icon-char{\nfont-size:40px;\nline-height:40px;\n}\n<\/style>\n<span  class='av_font_icon av-lcox2uba-b0f94abf354cc5f6d27b83901c7c6c29 avia_animate_when_visible av-icon-style- avia-icon-pos-center avia-iconfont avia-font-entypo-fontello'><a href='https:\/\/www.linkedin.com\/in\/rperes2710\/'  target=\"_blank\"  rel=\"noopener noreferrer\"  class='av-icon-char' data-av_icon='\ue8fd' data-av_iconfont='entypo-fontello' aria-hidden=\"false\" ><\/a><\/span><\/p><\/div>\n","protected":false},"excerpt":{"rendered":"","protected":false},"author":21,"featured_media":0,"parent":0,"menu_order":0,"comment_status":"closed","ping_status":"closed","template":"","meta":{"_monsterinsights_skip_tracking":false,"_monsterinsights_sitenote_active":false,"_monsterinsights_sitenote_note":"","_monsterinsights_sitenote_category":0,"footnotes":""},"class_list":["post-3680","page","type-page","status-publish","hentry"],"yoast_head":"<!-- This site is optimized with the Yoast SEO plugin v27.2 - https:\/\/yoast.com\/product\/yoast-seo-wordpress\/ -->\n<title>Movisafe Team - MOVISAFE America Latina<\/title>\n<meta name=\"description\" content=\"Get to know Pascal Gras, President, and Romario Peres, Director of Operations of Movisafe America Latina, Specialist in Security\" \/>\n<meta name=\"robots\" content=\"index, follow, max-snippet:-1, max-image-preview:large, max-video-preview:-1\" \/>\n<link rel=\"canonical\" href=\"https:\/\/movisafe-americalatina.com\/en\/movisafe-team\/\" \/>\n<meta property=\"og:locale\" content=\"en_US\" \/>\n<meta property=\"og:type\" content=\"article\" \/>\n<meta property=\"og:title\" content=\"Movisafe Team - MOVISAFE America Latina\" \/>\n<meta property=\"og:description\" content=\"Get to know Pascal Gras, President, and Romario Peres, Director of Operations of Movisafe America Latina, Specialist in Security\" \/>\n<meta property=\"og:url\" content=\"https:\/\/movisafe-americalatina.com\/en\/movisafe-team\/\" \/>\n<meta property=\"og:site_name\" content=\"MOVISAFE\" \/>\n<meta property=\"article:publisher\" content=\"https:\/\/www.facebook.com\/movisafeamericalatina\/\" \/>\n<meta property=\"article:modified_time\" content=\"2025-10-22T12:54:52+00:00\" \/>\n<meta name=\"twitter:card\" content=\"summary_large_image\" \/>\n<meta name=\"twitter:label1\" content=\"Est. reading time\" \/>\n\t<meta name=\"twitter:data1\" content=\"2 minutes\" \/>\n<script type=\"application\/ld+json\" class=\"yoast-schema-graph\">{\"@context\":\"https:\/\/schema.org\",\"@graph\":[{\"@type\":\"WebPage\",\"@id\":\"https:\/\/movisafe-americalatina.com\/en\/movisafe-team\/\",\"url\":\"https:\/\/movisafe-americalatina.com\/en\/movisafe-team\/\",\"name\":\"Movisafe Team - MOVISAFE America Latina\",\"isPartOf\":{\"@id\":\"https:\/\/movisafe-americalatina.com\/#website\"},\"datePublished\":\"2023-01-10T20:23:08+00:00\",\"dateModified\":\"2025-10-22T12:54:52+00:00\",\"description\":\"Get to know Pascal Gras, President, and Romario Peres, Director of Operations of Movisafe America Latina, Specialist in Security\",\"breadcrumb\":{\"@id\":\"https:\/\/movisafe-americalatina.com\/en\/movisafe-team\/#breadcrumb\"},\"inLanguage\":\"en-US\",\"potentialAction\":[{\"@type\":\"ReadAction\",\"target\":[\"https:\/\/movisafe-americalatina.com\/en\/movisafe-team\/\"]}]},{\"@type\":\"BreadcrumbList\",\"@id\":\"https:\/\/movisafe-americalatina.com\/en\/movisafe-team\/#breadcrumb\",\"itemListElement\":[{\"@type\":\"ListItem\",\"position\":1,\"name\":\"In\u00edcio\",\"item\":\"https:\/\/movisafe-americalatina.com\/en\/\"},{\"@type\":\"ListItem\",\"position\":2,\"name\":\"Movisafe Team\"}]},{\"@type\":\"WebSite\",\"@id\":\"https:\/\/movisafe-americalatina.com\/#website\",\"url\":\"https:\/\/movisafe-americalatina.com\/\",\"name\":\"MOVISAFE\",\"description\":\"L\u00edder em seguran\u00e7a -  Am\u00e9rica Latina\",\"publisher\":{\"@id\":\"https:\/\/movisafe-americalatina.com\/#organization\"},\"potentialAction\":[{\"@type\":\"SearchAction\",\"target\":{\"@type\":\"EntryPoint\",\"urlTemplate\":\"https:\/\/movisafe-americalatina.com\/?s={search_term_string}\"},\"query-input\":{\"@type\":\"PropertyValueSpecification\",\"valueRequired\":true,\"valueName\":\"search_term_string\"}}],\"inLanguage\":\"en-US\"},{\"@type\":\"Organization\",\"@id\":\"https:\/\/movisafe-americalatina.com\/#organization\",\"name\":\"Movisafe America Latina\",\"url\":\"https:\/\/movisafe-americalatina.com\/\",\"logo\":{\"@type\":\"ImageObject\",\"inLanguage\":\"en-US\",\"@id\":\"https:\/\/movisafe-americalatina.com\/#\/schema\/logo\/image\/\",\"url\":\"https:\/\/movisafe-americalatina.com\/wp-content\/uploads\/2018\/10\/LogoMovisafe_Quadri.png\",\"contentUrl\":\"https:\/\/movisafe-americalatina.com\/wp-content\/uploads\/2018\/10\/LogoMovisafe_Quadri.png\",\"width\":373,\"height\":133,\"caption\":\"Movisafe America Latina\"},\"image\":{\"@id\":\"https:\/\/movisafe-americalatina.com\/#\/schema\/logo\/image\/\"},\"sameAs\":[\"https:\/\/www.facebook.com\/movisafeamericalatina\/\",\"https:\/\/www.linkedin.com\/company\/movisafe-america-latina\/\"]}]}<\/script>\n<!-- \/ Yoast SEO plugin. -->","yoast_head_json":{"title":"Movisafe Team - MOVISAFE America Latina","description":"Get to know Pascal Gras, President, and Romario Peres, Director of Operations of Movisafe America Latina, Specialist in Security","robots":{"index":"index","follow":"follow","max-snippet":"max-snippet:-1","max-image-preview":"max-image-preview:large","max-video-preview":"max-video-preview:-1"},"canonical":"https:\/\/movisafe-americalatina.com\/en\/movisafe-team\/","og_locale":"en_US","og_type":"article","og_title":"Movisafe Team - MOVISAFE America Latina","og_description":"Get to know Pascal Gras, President, and Romario Peres, Director of Operations of Movisafe America Latina, Specialist in Security","og_url":"https:\/\/movisafe-americalatina.com\/en\/movisafe-team\/","og_site_name":"MOVISAFE","article_publisher":"https:\/\/www.facebook.com\/movisafeamericalatina\/","article_modified_time":"2025-10-22T12:54:52+00:00","twitter_card":"summary_large_image","twitter_misc":{"Est. reading time":"2 minutes"},"schema":{"@context":"https:\/\/schema.org","@graph":[{"@type":"WebPage","@id":"https:\/\/movisafe-americalatina.com\/en\/movisafe-team\/","url":"https:\/\/movisafe-americalatina.com\/en\/movisafe-team\/","name":"Movisafe Team - MOVISAFE America Latina","isPartOf":{"@id":"https:\/\/movisafe-americalatina.com\/#website"},"datePublished":"2023-01-10T20:23:08+00:00","dateModified":"2025-10-22T12:54:52+00:00","description":"Get to know Pascal Gras, President, and Romario Peres, Director of Operations of Movisafe America Latina, Specialist in Security","breadcrumb":{"@id":"https:\/\/movisafe-americalatina.com\/en\/movisafe-team\/#breadcrumb"},"inLanguage":"en-US","potentialAction":[{"@type":"ReadAction","target":["https:\/\/movisafe-americalatina.com\/en\/movisafe-team\/"]}]},{"@type":"BreadcrumbList","@id":"https:\/\/movisafe-americalatina.com\/en\/movisafe-team\/#breadcrumb","itemListElement":[{"@type":"ListItem","position":1,"name":"In\u00edcio","item":"https:\/\/movisafe-americalatina.com\/en\/"},{"@type":"ListItem","position":2,"name":"Movisafe Team"}]},{"@type":"WebSite","@id":"https:\/\/movisafe-americalatina.com\/#website","url":"https:\/\/movisafe-americalatina.com\/","name":"MOVISAFE","description":"L\u00edder em seguran\u00e7a -  Am\u00e9rica Latina","publisher":{"@id":"https:\/\/movisafe-americalatina.com\/#organization"},"potentialAction":[{"@type":"SearchAction","target":{"@type":"EntryPoint","urlTemplate":"https:\/\/movisafe-americalatina.com\/?s={search_term_string}"},"query-input":{"@type":"PropertyValueSpecification","valueRequired":true,"valueName":"search_term_string"}}],"inLanguage":"en-US"},{"@type":"Organization","@id":"https:\/\/movisafe-americalatina.com\/#organization","name":"Movisafe America Latina","url":"https:\/\/movisafe-americalatina.com\/","logo":{"@type":"ImageObject","inLanguage":"en-US","@id":"https:\/\/movisafe-americalatina.com\/#\/schema\/logo\/image\/","url":"https:\/\/movisafe-americalatina.com\/wp-content\/uploads\/2018\/10\/LogoMovisafe_Quadri.png","contentUrl":"https:\/\/movisafe-americalatina.com\/wp-content\/uploads\/2018\/10\/LogoMovisafe_Quadri.png","width":373,"height":133,"caption":"Movisafe America Latina"},"image":{"@id":"https:\/\/movisafe-americalatina.com\/#\/schema\/logo\/image\/"},"sameAs":["https:\/\/www.facebook.com\/movisafeamericalatina\/","https:\/\/www.linkedin.com\/company\/movisafe-america-latina\/"]}]}},"_links":{"self":[{"href":"https:\/\/movisafe-americalatina.com\/en\/wp-json\/wp\/v2\/pages\/3680","targetHints":{"allow":["GET"]}}],"collection":[{"href":"https:\/\/movisafe-americalatina.com\/en\/wp-json\/wp\/v2\/pages"}],"about":[{"href":"https:\/\/movisafe-americalatina.com\/en\/wp-json\/wp\/v2\/types\/page"}],"author":[{"embeddable":true,"href":"https:\/\/movisafe-americalatina.com\/en\/wp-json\/wp\/v2\/users\/21"}],"replies":[{"embeddable":true,"href":"https:\/\/movisafe-americalatina.com\/en\/wp-json\/wp\/v2\/comments?post=3680"}],"version-history":[{"count":12,"href":"https:\/\/movisafe-americalatina.com\/en\/wp-json\/wp\/v2\/pages\/3680\/revisions"}],"predecessor-version":[{"id":6312,"href":"https:\/\/movisafe-americalatina.com\/en\/wp-json\/wp\/v2\/pages\/3680\/revisions\/6312"}],"wp:attachment":[{"href":"https:\/\/movisafe-americalatina.com\/en\/wp-json\/wp\/v2\/media?parent=3680"}],"curies":[{"name":"wp","href":"https:\/\/api.w.org\/{rel}","templated":true}]}}