{"id":2610,"date":"2021-10-02T16:46:08","date_gmt":"2021-10-02T19:46:08","guid":{"rendered":"https:\/\/movisafe-americalatina.com\/?page_id=2610"},"modified":"2023-03-29T15:57:46","modified_gmt":"2023-03-29T18:57:46","slug":"fields-of-expertise","status":"publish","type":"page","link":"https:\/\/movisafe-americalatina.com\/en\/fields-of-expertise\/","title":{"rendered":"Fields of expertise"},"content":{"rendered":"\n<style type=\"text\/css\" data-created_by=\"avia_inline_auto\" id=\"style-css-av-jnm6df9m-5cb8e3cbd70094c10ecfebef059f0339\">\n.avia-section.av-jnm6df9m-5cb8e3cbd70094c10ecfebef059f0339{\nbackground-color:#7f2628;\nbackground-image:unset;\n}\n<\/style>\n<div id='services'  class='avia-section av-jnm6df9m-5cb8e3cbd70094c10ecfebef059f0339 main_color avia-section-default avia-no-border-styling  avia-builder-el-0  avia-builder-el-no-sibling  avia-bg-style-scroll container_wrap sidebar_right'  ><div class='container av-section-cont-open' ><main  role=\"main\" itemprop=\"mainContentOfPage\"  class='template-page content  av-content-small alpha units'><div class='post-entry post-entry-type-page post-entry-2610'><div class='entry-content-wrapper clearfix'>\n\n<style type=\"text\/css\" data-created_by=\"avia_inline_auto\" id=\"style-css-av-lfu1uclh-b22d6598cfd01759134fdf7e63cfa41e\">\n#top .av-special-heading.av-lfu1uclh-b22d6598cfd01759134fdf7e63cfa41e{\nmargin:0 0 30px 0;\npadding-bottom:10px;\ncolor:#ffffff;\n}\nbody .av-special-heading.av-lfu1uclh-b22d6598cfd01759134fdf7e63cfa41e .av-special-heading-tag .heading-char{\nfont-size:25px;\n}\n.av-special-heading.av-lfu1uclh-b22d6598cfd01759134fdf7e63cfa41e .special-heading-inner-border{\nborder-color:#ffffff;\n}\n.av-special-heading.av-lfu1uclh-b22d6598cfd01759134fdf7e63cfa41e .av-subheading{\nfont-size:16px;\n}\n<\/style>\n<div  class='av-special-heading av-lfu1uclh-b22d6598cfd01759134fdf7e63cfa41e av-special-heading-h1 custom-color-heading blockquote modern-quote modern-centered  avia-builder-el-1  el_before_av_one_third  avia-builder-el-first '><h1 class='av-special-heading-tag '  itemprop=\"headline\"  >Fields of expertise<\/h1><div class='av_custom_color av-subheading av-subheading_below'><p>20 YEARS EXPERIENCE IN LATIN AMERICA<\/p>\n<\/div><div class=\"special-heading-border\"><div class=\"special-heading-inner-border\"><\/div><\/div><\/div>\n\n<style type=\"text\/css\" data-created_by=\"avia_inline_auto\" id=\"style-css-av-20ec4-43c3868cece11a5c8ad24ae75a6cb44c\">\n.flex_column.av-20ec4-43c3868cece11a5c8ad24ae75a6cb44c{\nborder-radius:0px 0px 0px 0px;\npadding:0px 0px 0px 0px;\n}\n<\/style>\n<div  class='flex_column av-20ec4-43c3868cece11a5c8ad24ae75a6cb44c av_one_third  avia-builder-el-2  el_after_av_heading  el_before_av_one_third  first flex_column_div av-zero-column-padding  '     ><article  class='iconbox iconbox_top av-jnm6hc9j-323d7fb4c531d783dd66e91d91b60731  avia-builder-el-3  avia-builder-el-no-sibling  IconBox main_color'  itemscope=\"itemscope\" itemtype=\"https:\/\/schema.org\/CreativeWork\" ><div class=\"iconbox_content\"><header class=\"entry-content-header\" aria-label=\"Icon: SECURITY MONITORING &amp; ASSISTANCE\"><a href='https:\/\/movisafe-americalatina.com\/en\/security-watch-assistance\/' title='SECURITY MONITORING &amp; ASSISTANCE' aria-label='SECURITY MONITORING &amp; ASSISTANCE'  class='iconbox_icon heading-color avia-iconfont avia-font-entypo-fontello' data-av_icon='\ue862' data-av_iconfont='entypo-fontello' title=\"SECURITY MONITORING &amp; ASSISTANCE\" desc=\"SECURITY MONITORING &amp; ASSISTANCE\" ><\/a><h3 class='iconbox_content_title '  itemprop=\"headline\" ><a href='https:\/\/movisafe-americalatina.com\/en\/security-watch-assistance\/' title='SECURITY MONITORING &amp; ASSISTANCE' >SECURITY MONITORING &amp; ASSISTANCE<\/a><\/h3><\/header><div class='iconbox_content_container '  itemprop=\"text\" ><p>Real-time alerts, Hotline and Assistance 24h.<\/p>\n<div class=\"ImageIconBox\"><a href=\"https:\/\/movisafe-americalatina.com\/en\/security-watch-assistance\/\"><img loading=\"lazy\" decoding=\"async\" class=\"alignnone wp-image-114 size-full\" src=\"https:\/\/movisafe-americalatina.com\/wp-content\/uploads\/2018\/10\/app-mulher.jpg\" alt=\"Movi SOS\" width=\"318\" height=\"185\" srcset=\"https:\/\/movisafe-americalatina.com\/wp-content\/uploads\/2018\/10\/app-mulher.jpg 318w, https:\/\/movisafe-americalatina.com\/wp-content\/uploads\/2018\/10\/app-mulher-300x175.jpg 300w\" sizes=\"auto, (max-width: 318px) 100vw, 318px\" \/><\/a><\/div>\n<\/div><\/div><footer class=\"entry-footer\"><\/footer><\/article><\/div>\n<style type=\"text\/css\" data-created_by=\"avia_inline_auto\" id=\"style-css-av-1o1l0-b9cd798d77a5dab2a3c0f4f11c35bb54\">\n.flex_column.av-1o1l0-b9cd798d77a5dab2a3c0f4f11c35bb54{\nborder-radius:0px 0px 0px 0px;\npadding:0px 0px 0px 0px;\n}\n<\/style>\n<div  class='flex_column av-1o1l0-b9cd798d77a5dab2a3c0f4f11c35bb54 av_one_third  avia-builder-el-4  el_after_av_one_third  el_before_av_one_third  flex_column_div av-zero-column-padding  '     ><article  class='iconbox iconbox_top av-jnm6hc9j-9b9551db2daf87f7fabde33902d7dae8  avia-builder-el-5  avia-builder-el-no-sibling  IconBox main_color'  itemscope=\"itemscope\" itemtype=\"https:\/\/schema.org\/CreativeWork\" ><div class=\"iconbox_content\"><header class=\"entry-content-header\" aria-label=\"Icon: RISK ANALYSIS &amp; ADVISORY\"><a href='https:\/\/movisafe-americalatina.com\/en\/risk-analysis-expertise\/' title='RISK ANALYSIS &amp; ADVISORY' aria-label='RISK ANALYSIS &amp; ADVISORY'  class='iconbox_icon heading-color avia-iconfont avia-font-entypo-fontello' data-av_icon='\ue803' data-av_iconfont='entypo-fontello' title=\"RISK ANALYSIS &amp; ADVISORY\" desc=\"RISK ANALYSIS &amp; ADVISORY\" ><\/a><h3 class='iconbox_content_title '  itemprop=\"headline\" ><a href='https:\/\/movisafe-americalatina.com\/en\/risk-analysis-expertise\/' title='RISK ANALYSIS &amp; ADVISORY' >RISK ANALYSIS &amp; ADVISORY<\/a><\/h3><\/header><div class='iconbox_content_container '  itemprop=\"text\" ><p>Advisory and expertise to ensure the safety of your personnel and the continuity of your business.<\/p>\n<div class=\"ImageIconBox\"><a href=\"https:\/\/movisafe-americalatina.com\/en\/risk-analysis-expertise\/\"><img loading=\"lazy\" decoding=\"async\" class=\"alignnone wp-image-119 size-full\" src=\"https:\/\/movisafe-americalatina.com\/wp-content\/uploads\/2018\/10\/risques.jpg\" alt=\"Risques et conseils\" width=\"314\" height=\"185\" srcset=\"https:\/\/movisafe-americalatina.com\/wp-content\/uploads\/2018\/10\/risques.jpg 314w, https:\/\/movisafe-americalatina.com\/wp-content\/uploads\/2018\/10\/risques-300x177.jpg 300w\" sizes=\"auto, (max-width: 314px) 100vw, 314px\" \/><\/a><\/div>\n<\/div><\/div><footer class=\"entry-footer\"><\/footer><\/article><\/div>\n<style type=\"text\/css\" data-created_by=\"avia_inline_auto\" id=\"style-css-av-139o0-093ce8f159998a19034ac939779ce80f\">\n.flex_column.av-139o0-093ce8f159998a19034ac939779ce80f{\nborder-radius:0px 0px 0px 0px;\npadding:0px 0px 0px 0px;\n}\n<\/style>\n<div  class='flex_column av-139o0-093ce8f159998a19034ac939779ce80f av_one_third  avia-builder-el-6  el_after_av_one_third  el_before_av_one_third  flex_column_div av-zero-column-padding  '     ><article  class='iconbox iconbox_top av-jnm6hc9j-63514b5c7c12f9391c8f8babdb2fd2a4  avia-builder-el-7  avia-builder-el-no-sibling  IconBox main_color'  itemscope=\"itemscope\" itemtype=\"https:\/\/schema.org\/CreativeWork\" ><div class=\"iconbox_content\"><header class=\"entry-content-header\" aria-label=\"Icon: Awareness&lt;br \/&gt;\n&amp; Training\"><a href='https:\/\/movisafe-americalatina.com\/en\/courses-and-training\/' title='Awareness&lt;br \/&gt;\n&amp; Training' aria-label='Awareness&lt;br \/&gt;\n&amp; Training'  class='iconbox_icon heading-color avia-iconfont avia-font-entypo-fontello' data-av_icon='\ue81e' data-av_iconfont='entypo-fontello' title=\"Awareness&lt;br \/&gt;\n&amp; Training\" desc=\"Awareness&lt;br \/&gt;\n&amp; Training\" ><\/a><h3 class='iconbox_content_title '  itemprop=\"headline\" ><a href='https:\/\/movisafe-americalatina.com\/en\/courses-and-training\/' title='Awareness&lt;br \/&gt;\n&amp; Training' >Awareness<br \/>\n&amp; Training<\/a><\/h3><\/header><div class='iconbox_content_container '  itemprop=\"text\" ><p>Security awareness, driving courses, crisis management \u2026<br \/>\nBecoming the agent of your own day-to-day safety.<\/p>\n<div class=\"ImageIconBox\"><a href=\"https:\/\/movisafe-americalatina.com\/en\/courses-and-training\/\"><img loading=\"lazy\" decoding=\"async\" class=\"alignnone wp-image-115 size-full\" src=\"https:\/\/movisafe-americalatina.com\/wp-content\/uploads\/2018\/10\/Briefing.jpg\" alt=\"\" width=\"316\" height=\"183\" \/><\/a><\/div>\n<\/div><\/div><footer class=\"entry-footer\"><\/footer><\/article><\/div>\n<style type=\"text\/css\" data-created_by=\"avia_inline_auto\" id=\"style-css-av-20ec4-43c3868cece11a5c8ad24ae75a6cb44c\">\n.flex_column.av-20ec4-43c3868cece11a5c8ad24ae75a6cb44c{\nborder-radius:0px 0px 0px 0px;\npadding:0px 0px 0px 0px;\n}\n<\/style>\n<div  class='flex_column av-20ec4-43c3868cece11a5c8ad24ae75a6cb44c av_one_third  avia-builder-el-8  el_after_av_one_third  el_before_av_one_third  first flex_column_div av-zero-column-padding  column-top-margin'     ><article  class='iconbox iconbox_top av-jnm6hc9j-ec62dac9e46d3b052082dac0f35e596c  avia-builder-el-9  avia-builder-el-no-sibling  IconBox main_color'  itemscope=\"itemscope\" itemtype=\"https:\/\/schema.org\/CreativeWork\" ><div class=\"iconbox_content\"><header class=\"entry-content-header\" aria-label=\"Icon: PROTECTION OF PROPERTY &amp; PEOPLE\"><a href='https:\/\/movisafe-americalatina.com\/en\/protection-of-property-and-people\/' title='PROTECTION OF PROPERTY &amp; PEOPLE' aria-label='PROTECTION OF PROPERTY &amp; PEOPLE'  class='iconbox_icon heading-color avia-iconfont avia-font-entypo-fontello' data-av_icon='\ue826' data-av_iconfont='entypo-fontello' title=\"PROTECTION OF PROPERTY &amp; PEOPLE\" desc=\"PROTECTION OF PROPERTY &amp; PEOPLE\" ><\/a><h3 class='iconbox_content_title '  itemprop=\"headline\" ><a href='https:\/\/movisafe-americalatina.com\/en\/protection-of-property-and-people\/' title='PROTECTION OF PROPERTY &amp; PEOPLE' >PROTECTION OF PROPERTY &amp; PEOPLE<\/a><\/h3><\/header><div class='iconbox_content_container '  itemprop=\"text\" ><p>MOVISAFE offers a complete range of security solutions to protect your people, infrastructures, goods, and information.<\/p>\n<div class=\"ImageIconBox\"><a href=\"https:\/\/movisafe-americalatina.com\/en\/protection-of-property-and-people\/\"><img loading=\"lazy\" decoding=\"async\" class=\"alignnone wp-image-118 size-full\" src=\"https:\/\/movisafe-americalatina.com\/wp-content\/uploads\/2018\/10\/protection.jpg\" alt=\"Movisafe Protection Vip\" width=\"317\" height=\"185\" srcset=\"https:\/\/movisafe-americalatina.com\/wp-content\/uploads\/2018\/10\/protection.jpg 317w, https:\/\/movisafe-americalatina.com\/wp-content\/uploads\/2018\/10\/protection-300x175.jpg 300w\" sizes=\"auto, (max-width: 317px) 100vw, 317px\" \/><\/a><\/div>\n<\/div><\/div><footer class=\"entry-footer\"><\/footer><\/article><\/div>\n<style type=\"text\/css\" data-created_by=\"avia_inline_auto\" id=\"style-css-av-20ec4-63f1feb7b819cd0aef9d02c61d7d64d8\">\n.flex_column.av-20ec4-63f1feb7b819cd0aef9d02c61d7d64d8{\nborder-radius:0px 0px 0px 0px;\npadding:0px 0px 0px 0px;\n}\n<\/style>\n<div  class='flex_column av-20ec4-63f1feb7b819cd0aef9d02c61d7d64d8 av_one_third  avia-builder-el-10  el_after_av_one_third  el_before_av_one_third  flex_column_div av-zero-column-padding  column-top-margin'     ><article  class='iconbox iconbox_top av-jnm6hc9j-de64153e452fa8ef3ea92547af1d204a  avia-builder-el-11  avia-builder-el-no-sibling  IconBox main_color'  itemscope=\"itemscope\" itemtype=\"https:\/\/schema.org\/CreativeWork\" ><div class=\"iconbox_content\"><header class=\"entry-content-header\" aria-label=\"Icon: INVESTIGATION &amp; FRAUD PREVENTION\"><a href='https:\/\/movisafe-americalatina.com\/en\/investigation-compliance-and-fight-against-fraud\/' title='INVESTIGATION &amp; FRAUD PREVENTION' aria-label='INVESTIGATION &amp; FRAUD PREVENTION'  class='iconbox_icon heading-color avia-iconfont avia-font-entypo-fontello' data-av_icon='\ue824' data-av_iconfont='entypo-fontello' title=\"INVESTIGATION &amp; FRAUD PREVENTION\" desc=\"INVESTIGATION &amp; FRAUD PREVENTION\" ><\/a><h3 class='iconbox_content_title '  itemprop=\"headline\" ><a href='https:\/\/movisafe-americalatina.com\/en\/investigation-compliance-and-fight-against-fraud\/' title='INVESTIGATION &amp; FRAUD PREVENTION' >INVESTIGATION &amp; FRAUD PREVENTION<\/a><\/h3><\/header><div class='iconbox_content_container '  itemprop=\"text\" ><p>Background checks, due diligence, and fraud investigation in your business.<\/p>\n<div class=\"ImageIconBox\"><a href=\"https:\/\/movisafe-americalatina.com\/en\/investigation-compliance-and-fight-against-fraud\/\"><img loading=\"lazy\" decoding=\"async\" class=\"alignnone wp-image-116 size-full\" src=\"https:\/\/movisafe-americalatina.com\/wp-content\/uploads\/2018\/10\/fraude.jpg\" alt=\"Fraude Movisafe\" width=\"317\" height=\"184\" srcset=\"https:\/\/movisafe-americalatina.com\/wp-content\/uploads\/2018\/10\/fraude.jpg 317w, https:\/\/movisafe-americalatina.com\/wp-content\/uploads\/2018\/10\/fraude-300x174.jpg 300w\" sizes=\"auto, (max-width: 317px) 100vw, 317px\" \/><\/a><\/div>\n<\/div><\/div><footer class=\"entry-footer\"><\/footer><\/article><\/div>\n<style type=\"text\/css\" data-created_by=\"avia_inline_auto\" id=\"style-css-av-20ec4-63f1feb7b819cd0aef9d02c61d7d64d8\">\n.flex_column.av-20ec4-63f1feb7b819cd0aef9d02c61d7d64d8{\nborder-radius:0px 0px 0px 0px;\npadding:0px 0px 0px 0px;\n}\n<\/style>\n<div  class='flex_column av-20ec4-63f1feb7b819cd0aef9d02c61d7d64d8 av_one_third  avia-builder-el-12  el_after_av_one_third  avia-builder-el-last  flex_column_div av-zero-column-padding  column-top-margin'     ><article  class='iconbox iconbox_top av-jnm6hc9j-211ff43c4177b0fcd394ed2f8b623cde  avia-builder-el-13  avia-builder-el-no-sibling  IconBox main_color'  itemscope=\"itemscope\" itemtype=\"https:\/\/schema.org\/CreativeWork\" ><div class=\"iconbox_content\"><header class=\"entry-content-header\" aria-label=\"Icon: SECURITY ENGINEERING\"><a href='https:\/\/movisafe-americalatina.com\/en\/safety-engineering\/' title='SECURITY ENGINEERING' aria-label='SECURITY ENGINEERING'  class='iconbox_icon heading-color avia-iconfont avia-font-entypo-fontello' data-av_icon='\ue8da' data-av_iconfont='entypo-fontello' title=\"SECURITY ENGINEERING\" desc=\"SECURITY ENGINEERING\" ><\/a><h3 class='iconbox_content_title '  itemprop=\"headline\" ><a href='https:\/\/movisafe-americalatina.com\/en\/safety-engineering\/' title='SECURITY ENGINEERING' >SECURITY ENGINEERING<\/a><\/h3><\/header><div class='iconbox_content_container '  itemprop=\"text\" ><p>Elaboration of technical specifications, conception, and implementation of security systems.<\/p>\n<div class=\"ImageIconBox\"><a href=\"https:\/\/movisafe-americalatina.com\/en\/safety-engineering\/\"><img loading=\"lazy\" decoding=\"async\" class=\"alignnone wp-image-117 size-full\" src=\"https:\/\/movisafe-americalatina.com\/wp-content\/uploads\/2018\/10\/ingenerie.jpg\" alt=\"\" width=\"314\" height=\"183\" srcset=\"https:\/\/movisafe-americalatina.com\/wp-content\/uploads\/2018\/10\/ingenerie.jpg 314w, https:\/\/movisafe-americalatina.com\/wp-content\/uploads\/2018\/10\/ingenerie-300x175.jpg 300w\" sizes=\"auto, (max-width: 314px) 100vw, 314px\" \/><\/a><\/div>\n<\/div><\/div><footer class=\"entry-footer\"><\/footer><\/article><\/div><\/div><\/div><\/main><!-- close content main element --><\/div><\/div><div id='after_section_1'  class='main_color av_default_container_wrap container_wrap sidebar_right'  ><div class='container av-section-cont-open' ><div class='template-page content  av-content-small alpha units'><div class='post-entry post-entry-type-page post-entry-2610'><div class='entry-content-wrapper clearfix'>\n","protected":false},"excerpt":{"rendered":"","protected":false},"author":1,"featured_media":0,"parent":0,"menu_order":0,"comment_status":"closed","ping_status":"closed","template":"","meta":{"_monsterinsights_skip_tracking":false,"_monsterinsights_sitenote_active":false,"_monsterinsights_sitenote_note":"","_monsterinsights_sitenote_category":0,"footnotes":""},"class_list":["post-2610","page","type-page","status-publish","hentry"],"yoast_head":"<!-- This site is optimized with the Yoast SEO plugin v27.2 - https:\/\/yoast.com\/product\/yoast-seo-wordpress\/ -->\n<title>Fields of expertise - MOVISAFE<\/title>\n<meta name=\"description\" content=\"Our fields of expertise and the services we provide, such as security, analysis, investigations and training courses.\" \/>\n<meta name=\"robots\" content=\"index, follow, max-snippet:-1, max-image-preview:large, max-video-preview:-1\" \/>\n<link rel=\"canonical\" href=\"https:\/\/movisafe-americalatina.com\/en\/fields-of-expertise\/\" \/>\n<meta property=\"og:locale\" content=\"en_US\" \/>\n<meta property=\"og:type\" content=\"article\" \/>\n<meta property=\"og:title\" content=\"Fields of expertise - MOVISAFE\" \/>\n<meta property=\"og:description\" content=\"Our fields of expertise and the services we provide, such as security, analysis, investigations and training courses.\" \/>\n<meta property=\"og:url\" content=\"https:\/\/movisafe-americalatina.com\/en\/fields-of-expertise\/\" \/>\n<meta property=\"og:site_name\" content=\"MOVISAFE\" \/>\n<meta property=\"article:publisher\" content=\"https:\/\/www.facebook.com\/movisafeamericalatina\/\" \/>\n<meta property=\"article:modified_time\" content=\"2023-03-29T18:57:46+00:00\" \/>\n<meta property=\"og:image\" content=\"https:\/\/movisafe-americalatina.com\/wp-content\/uploads\/2018\/10\/app-mulher.jpg\" \/>\n<meta name=\"twitter:card\" content=\"summary_large_image\" \/>\n<meta name=\"twitter:label1\" content=\"Est. reading time\" \/>\n\t<meta name=\"twitter:data1\" content=\"7 minutes\" \/>\n<script type=\"application\/ld+json\" class=\"yoast-schema-graph\">{\"@context\":\"https:\/\/schema.org\",\"@graph\":[{\"@type\":\"WebPage\",\"@id\":\"https:\/\/movisafe-americalatina.com\/en\/fields-of-expertise\/\",\"url\":\"https:\/\/movisafe-americalatina.com\/en\/fields-of-expertise\/\",\"name\":\"Fields of expertise - MOVISAFE\",\"isPartOf\":{\"@id\":\"https:\/\/movisafe-americalatina.com\/#website\"},\"primaryImageOfPage\":{\"@id\":\"https:\/\/movisafe-americalatina.com\/en\/fields-of-expertise\/#primaryimage\"},\"image\":{\"@id\":\"https:\/\/movisafe-americalatina.com\/en\/fields-of-expertise\/#primaryimage\"},\"thumbnailUrl\":\"https:\/\/movisafe-americalatina.com\/wp-content\/uploads\/2018\/10\/app-mulher.jpg\",\"datePublished\":\"2021-10-02T19:46:08+00:00\",\"dateModified\":\"2023-03-29T18:57:46+00:00\",\"description\":\"Our fields of expertise and the services we provide, such as security, analysis, investigations and training courses.\",\"breadcrumb\":{\"@id\":\"https:\/\/movisafe-americalatina.com\/en\/fields-of-expertise\/#breadcrumb\"},\"inLanguage\":\"en-US\",\"potentialAction\":[{\"@type\":\"ReadAction\",\"target\":[\"https:\/\/movisafe-americalatina.com\/en\/fields-of-expertise\/\"]}]},{\"@type\":\"ImageObject\",\"inLanguage\":\"en-US\",\"@id\":\"https:\/\/movisafe-americalatina.com\/en\/fields-of-expertise\/#primaryimage\",\"url\":\"https:\/\/movisafe-americalatina.com\/wp-content\/uploads\/2018\/10\/app-mulher.jpg\",\"contentUrl\":\"https:\/\/movisafe-americalatina.com\/wp-content\/uploads\/2018\/10\/app-mulher.jpg\"},{\"@type\":\"BreadcrumbList\",\"@id\":\"https:\/\/movisafe-americalatina.com\/en\/fields-of-expertise\/#breadcrumb\",\"itemListElement\":[{\"@type\":\"ListItem\",\"position\":1,\"name\":\"In\u00edcio\",\"item\":\"https:\/\/movisafe-americalatina.com\/en\/\"},{\"@type\":\"ListItem\",\"position\":2,\"name\":\"Fields of expertise\"}]},{\"@type\":\"WebSite\",\"@id\":\"https:\/\/movisafe-americalatina.com\/#website\",\"url\":\"https:\/\/movisafe-americalatina.com\/\",\"name\":\"MOVISAFE\",\"description\":\"L\u00edder em seguran\u00e7a -  Am\u00e9rica Latina\",\"publisher\":{\"@id\":\"https:\/\/movisafe-americalatina.com\/#organization\"},\"potentialAction\":[{\"@type\":\"SearchAction\",\"target\":{\"@type\":\"EntryPoint\",\"urlTemplate\":\"https:\/\/movisafe-americalatina.com\/?s={search_term_string}\"},\"query-input\":{\"@type\":\"PropertyValueSpecification\",\"valueRequired\":true,\"valueName\":\"search_term_string\"}}],\"inLanguage\":\"en-US\"},{\"@type\":\"Organization\",\"@id\":\"https:\/\/movisafe-americalatina.com\/#organization\",\"name\":\"Movisafe America Latina\",\"url\":\"https:\/\/movisafe-americalatina.com\/\",\"logo\":{\"@type\":\"ImageObject\",\"inLanguage\":\"en-US\",\"@id\":\"https:\/\/movisafe-americalatina.com\/#\/schema\/logo\/image\/\",\"url\":\"https:\/\/movisafe-americalatina.com\/wp-content\/uploads\/2018\/10\/LogoMovisafe_Quadri.png\",\"contentUrl\":\"https:\/\/movisafe-americalatina.com\/wp-content\/uploads\/2018\/10\/LogoMovisafe_Quadri.png\",\"width\":373,\"height\":133,\"caption\":\"Movisafe America Latina\"},\"image\":{\"@id\":\"https:\/\/movisafe-americalatina.com\/#\/schema\/logo\/image\/\"},\"sameAs\":[\"https:\/\/www.facebook.com\/movisafeamericalatina\/\",\"https:\/\/www.linkedin.com\/company\/movisafe-america-latina\/\"]}]}<\/script>\n<!-- \/ Yoast SEO plugin. -->","yoast_head_json":{"title":"Fields of expertise - MOVISAFE","description":"Our fields of expertise and the services we provide, such as security, analysis, investigations and training courses.","robots":{"index":"index","follow":"follow","max-snippet":"max-snippet:-1","max-image-preview":"max-image-preview:large","max-video-preview":"max-video-preview:-1"},"canonical":"https:\/\/movisafe-americalatina.com\/en\/fields-of-expertise\/","og_locale":"en_US","og_type":"article","og_title":"Fields of expertise - MOVISAFE","og_description":"Our fields of expertise and the services we provide, such as security, analysis, investigations and training courses.","og_url":"https:\/\/movisafe-americalatina.com\/en\/fields-of-expertise\/","og_site_name":"MOVISAFE","article_publisher":"https:\/\/www.facebook.com\/movisafeamericalatina\/","article_modified_time":"2023-03-29T18:57:46+00:00","og_image":[{"url":"https:\/\/movisafe-americalatina.com\/wp-content\/uploads\/2018\/10\/app-mulher.jpg","type":"","width":"","height":""}],"twitter_card":"summary_large_image","twitter_misc":{"Est. reading time":"7 minutes"},"schema":{"@context":"https:\/\/schema.org","@graph":[{"@type":"WebPage","@id":"https:\/\/movisafe-americalatina.com\/en\/fields-of-expertise\/","url":"https:\/\/movisafe-americalatina.com\/en\/fields-of-expertise\/","name":"Fields of expertise - MOVISAFE","isPartOf":{"@id":"https:\/\/movisafe-americalatina.com\/#website"},"primaryImageOfPage":{"@id":"https:\/\/movisafe-americalatina.com\/en\/fields-of-expertise\/#primaryimage"},"image":{"@id":"https:\/\/movisafe-americalatina.com\/en\/fields-of-expertise\/#primaryimage"},"thumbnailUrl":"https:\/\/movisafe-americalatina.com\/wp-content\/uploads\/2018\/10\/app-mulher.jpg","datePublished":"2021-10-02T19:46:08+00:00","dateModified":"2023-03-29T18:57:46+00:00","description":"Our fields of expertise and the services we provide, such as security, analysis, investigations and training courses.","breadcrumb":{"@id":"https:\/\/movisafe-americalatina.com\/en\/fields-of-expertise\/#breadcrumb"},"inLanguage":"en-US","potentialAction":[{"@type":"ReadAction","target":["https:\/\/movisafe-americalatina.com\/en\/fields-of-expertise\/"]}]},{"@type":"ImageObject","inLanguage":"en-US","@id":"https:\/\/movisafe-americalatina.com\/en\/fields-of-expertise\/#primaryimage","url":"https:\/\/movisafe-americalatina.com\/wp-content\/uploads\/2018\/10\/app-mulher.jpg","contentUrl":"https:\/\/movisafe-americalatina.com\/wp-content\/uploads\/2018\/10\/app-mulher.jpg"},{"@type":"BreadcrumbList","@id":"https:\/\/movisafe-americalatina.com\/en\/fields-of-expertise\/#breadcrumb","itemListElement":[{"@type":"ListItem","position":1,"name":"In\u00edcio","item":"https:\/\/movisafe-americalatina.com\/en\/"},{"@type":"ListItem","position":2,"name":"Fields of expertise"}]},{"@type":"WebSite","@id":"https:\/\/movisafe-americalatina.com\/#website","url":"https:\/\/movisafe-americalatina.com\/","name":"MOVISAFE","description":"L\u00edder em seguran\u00e7a -  Am\u00e9rica Latina","publisher":{"@id":"https:\/\/movisafe-americalatina.com\/#organization"},"potentialAction":[{"@type":"SearchAction","target":{"@type":"EntryPoint","urlTemplate":"https:\/\/movisafe-americalatina.com\/?s={search_term_string}"},"query-input":{"@type":"PropertyValueSpecification","valueRequired":true,"valueName":"search_term_string"}}],"inLanguage":"en-US"},{"@type":"Organization","@id":"https:\/\/movisafe-americalatina.com\/#organization","name":"Movisafe America Latina","url":"https:\/\/movisafe-americalatina.com\/","logo":{"@type":"ImageObject","inLanguage":"en-US","@id":"https:\/\/movisafe-americalatina.com\/#\/schema\/logo\/image\/","url":"https:\/\/movisafe-americalatina.com\/wp-content\/uploads\/2018\/10\/LogoMovisafe_Quadri.png","contentUrl":"https:\/\/movisafe-americalatina.com\/wp-content\/uploads\/2018\/10\/LogoMovisafe_Quadri.png","width":373,"height":133,"caption":"Movisafe America Latina"},"image":{"@id":"https:\/\/movisafe-americalatina.com\/#\/schema\/logo\/image\/"},"sameAs":["https:\/\/www.facebook.com\/movisafeamericalatina\/","https:\/\/www.linkedin.com\/company\/movisafe-america-latina\/"]}]}},"_links":{"self":[{"href":"https:\/\/movisafe-americalatina.com\/en\/wp-json\/wp\/v2\/pages\/2610","targetHints":{"allow":["GET"]}}],"collection":[{"href":"https:\/\/movisafe-americalatina.com\/en\/wp-json\/wp\/v2\/pages"}],"about":[{"href":"https:\/\/movisafe-americalatina.com\/en\/wp-json\/wp\/v2\/types\/page"}],"author":[{"embeddable":true,"href":"https:\/\/movisafe-americalatina.com\/en\/wp-json\/wp\/v2\/users\/1"}],"replies":[{"embeddable":true,"href":"https:\/\/movisafe-americalatina.com\/en\/wp-json\/wp\/v2\/comments?post=2610"}],"version-history":[{"count":9,"href":"https:\/\/movisafe-americalatina.com\/en\/wp-json\/wp\/v2\/pages\/2610\/revisions"}],"predecessor-version":[{"id":3764,"href":"https:\/\/movisafe-americalatina.com\/en\/wp-json\/wp\/v2\/pages\/2610\/revisions\/3764"}],"wp:attachment":[{"href":"https:\/\/movisafe-americalatina.com\/en\/wp-json\/wp\/v2\/media?parent=2610"}],"curies":[{"name":"wp","href":"https:\/\/api.w.org\/{rel}","templated":true}]}}