{"id":2478,"date":"2021-10-01T18:41:55","date_gmt":"2021-10-01T21:41:55","guid":{"rendered":"https:\/\/movisafe-americalatina.com\/?page_id=2478"},"modified":"2022-05-30T11:11:52","modified_gmt":"2022-05-30T14:11:52","slug":"contact","status":"publish","type":"page","link":"https:\/\/movisafe-americalatina.com\/en\/contact\/","title":{"rendered":"Contact"},"content":{"rendered":"\n<style type=\"text\/css\" data-created_by=\"avia_inline_auto\" id=\"style-css-av-3hffxa-c1a72399fbe5b5a6e33e1738ed3f4eae\">\n.flex_column.av-3hffxa-c1a72399fbe5b5a6e33e1738ed3f4eae{\nborder-radius:0px 0px 0px 0px;\npadding:0px 0px 0px 0px;\n}\n<\/style>\n<div  class='flex_column av-3hffxa-c1a72399fbe5b5a6e33e1738ed3f4eae av_one_full  avia-builder-el-0  el_before_av_one_half  avia-builder-el-first  first flex_column_div av-zero-column-padding  '     ><style type=\"text\/css\" data-created_by=\"avia_inline_auto\" id=\"style-css-av-kucn341g-4de3d45f9398b87717f8416902b317f0\">\n#top .av-special-heading.av-kucn341g-4de3d45f9398b87717f8416902b317f0{\npadding-bottom:10px;\n}\nbody .av-special-heading.av-kucn341g-4de3d45f9398b87717f8416902b317f0 .av-special-heading-tag .heading-char{\nfont-size:25px;\n}\n.av-special-heading.av-kucn341g-4de3d45f9398b87717f8416902b317f0 .av-subheading{\nfont-size:15px;\n}\n<\/style>\n<div  class='av-special-heading av-kucn341g-4de3d45f9398b87717f8416902b317f0 av-special-heading-h1 blockquote modern-quote  avia-builder-el-1  avia-builder-el-no-sibling '><h1 class='av-special-heading-tag '  itemprop=\"headline\"  >Contact Us<\/h1><div class=\"special-heading-border\"><div class=\"special-heading-inner-border\"><\/div><\/div><\/div><\/div>\n\n<style type=\"text\/css\" data-created_by=\"avia_inline_auto\" id=\"style-css-av-ess0b2-61f8893f7c2b5db4360b142e2e08fa21\">\n.flex_column.av-ess0b2-61f8893f7c2b5db4360b142e2e08fa21{\nborder-radius:0px 0px 0px 0px;\npadding:0px 0px 0px 0px;\n}\n<\/style>\n<div  class='flex_column av-ess0b2-61f8893f7c2b5db4360b142e2e08fa21 av_one_half  avia-builder-el-2  el_after_av_one_full  el_before_av_two_fifth  first flex_column_div av-zero-column-padding  column-top-margin'     ><form action=\"https:\/\/movisafe-americalatina.com\/en\/contact\/\" method=\"post\" data-fields-with-error=\"Found errors in the following field(s):\" class=\"avia_ajax_form av-form-labels-hidden   avia-builder-el-3  avia-builder-el-no-sibling   \" data-avia-form-id=\"1\" data-avia-redirect='' ><fieldset><p class='  first_form  form_element form_element_half' id='element_avia_1_1'><label for=\"avia_1_1\">Name <abbr class=\"required\" title=\"required\">*<\/abbr><\/label> <input name=\"avia_1_1\" class=\"text_input is_empty\" type=\"text\" id=\"avia_1_1\" value=\"\"  placeholder='Name*'\/><\/p><p class='  form_element form_element_half' id='element_avia_2_1'><label for=\"avia_2_1\">E-Mail <abbr class=\"required\" title=\"required\">*<\/abbr><\/label> <input name=\"avia_2_1\" class=\"text_input is_email\" type=\"text\" id=\"avia_2_1\" value=\"\"  placeholder='E-Mail*'\/><\/p><p class='  first_form  form_element form_fullwidth' id='element_avia_3_1'><label for=\"avia_3_1\">Company<\/label> <input name=\"avia_3_1\" class=\"text_input \" type=\"text\" id=\"avia_3_1\" value=\"\"  placeholder='Company'\/><\/p><p class='  first_form  form_element form_fullwidth' id='element_avia_4_1'><label for=\"avia_4_1\">Subject <abbr class=\"required\" title=\"required\">*<\/abbr><\/label> <input name=\"avia_4_1\" class=\"text_input is_empty\" type=\"text\" id=\"avia_4_1\" value=\"\"  placeholder='Subject*'\/><\/p><p class='  first_form  form_element form_fullwidth' id='element_avia_5_1'><label for=\"avia_5_1\" class=\"textare_label hidden textare_label_avia_5_1\">Message <abbr class=\"required\" title=\"required\">*<\/abbr><\/label><textarea  placeholder='Message*' name=\"avia_5_1\" class=\"text_area is_empty\" cols=\"40\" rows=\"7\" id=\"avia_5_1\" ><\/textarea><\/p><p class='  first_form  form_element form_fullwidth av-last-visible-form-element' id='element_avia_6_1'><input  name=\"avia_6_1\" class=\"input_checkbox is_empty\" type=\"checkbox\" id=\"avia_6_1\" value=\"true\"\/><label class=\"input_checkbox_label\" for=\"avia_6_1\">I agree with <a href=\"https:\/\/movisafe-americalatina.com\/en\/privacy-policy-application-movi-alert\" target=\"_blank\" rel=\"noopener\">the Terms of Use and Privacy Policy <\/a>of Movisafe America Latina <abbr class=\"required\" title=\"required\">*<\/abbr><\/label><\/p><p class=\"hidden\"><input type=\"text\" name=\"avia_7_1\" class=\"hidden \" id=\"avia_7_1\" value=\"\" \/><\/p><p class=\"form_element \"><input type=\"hidden\" value=\"1\" name=\"avia_generated_form1\" \/><input type=\"submit\" value=\"SEND\" class=\"button\"  data-sending-label=\"Sending\"\/><\/p><\/fieldset><\/form><div id=\"ajaxresponse_1\" class=\"ajaxresponse ajaxresponse_1 hidden\"><\/div><\/div>\n\n<style type=\"text\/css\" data-created_by=\"avia_inline_auto\" id=\"style-css-av-47l0j2-c043f6a5a756cb2a87cdd62a16c6a865\">\n.flex_column.av-47l0j2-c043f6a5a756cb2a87cdd62a16c6a865{\nborder-radius:0px 0px 0px 0px;\npadding:0px 0px 0px 0px;\n}\n<\/style>\n<div  class='flex_column av-47l0j2-c043f6a5a756cb2a87cdd62a16c6a865 av_two_fifth  avia-builder-el-4  el_after_av_one_half  avia-builder-el-last  flex_column_div av-zero-column-padding  column-top-margin'     ><section  class='av_textblock_section av-368a1a-a724c6bf3fb2a5720ae960b1f1f20a6f '   itemscope=\"itemscope\" itemtype=\"https:\/\/schema.org\/CreativeWork\" ><div class='avia_textblock'  itemprop=\"text\" ><p>Do not hesitate to contact us for more information about our services or to receive a free quote.<\/p>\n<p><img loading=\"lazy\" decoding=\"async\" class=\"size-thumbnail wp-image-101 alignleft\" src=\"https:\/\/movisafe-americalatina.com\/wp-content\/uploads\/2018\/10\/brazil-80x80.png\" alt=\"\" width=\"30\" height=\"30\" srcset=\"https:\/\/movisafe-americalatina.com\/wp-content\/uploads\/2018\/10\/brazil-80x80.png 80w, https:\/\/movisafe-americalatina.com\/wp-content\/uploads\/2018\/10\/brazil-36x36.png 36w, https:\/\/movisafe-americalatina.com\/wp-content\/uploads\/2018\/10\/brazil-120x120.png 120w, https:\/\/movisafe-americalatina.com\/wp-content\/uploads\/2018\/10\/brazil.png 128w\" sizes=\"auto, (max-width: 30px) 100vw, 30px\" \/><\/p>\n<div style=\"line-height: 30px;\"><sup>_____<\/sup>\u00a0 BRAZIL<\/div>\n<ul>\n<li><a href=\"tel:552131974219\">+55 21 3197-4219<\/a><\/li>\n<li><a href=\"mailto:mailto%3A%20contato@movisafe-americalatina.com\">contato@movisafe-americalatina.com<\/a><\/li>\n<\/ul>\n<p><img loading=\"lazy\" decoding=\"async\" class=\"wp-image-100 size-thumbnail alignleft\" src=\"https:\/\/movisafe-americalatina.com\/wp-content\/uploads\/2018\/10\/mexico-80x80.png\" alt=\"\" width=\"30\" height=\"30\" srcset=\"https:\/\/movisafe-americalatina.com\/wp-content\/uploads\/2018\/10\/mexico-80x80.png 80w, https:\/\/movisafe-americalatina.com\/wp-content\/uploads\/2018\/10\/mexico-36x36.png 36w, https:\/\/movisafe-americalatina.com\/wp-content\/uploads\/2018\/10\/mexico-120x120.png 120w, https:\/\/movisafe-americalatina.com\/wp-content\/uploads\/2018\/10\/mexico.png 128w\" sizes=\"auto, (max-width: 30px) 100vw, 30px\" \/><\/p>\n<div style=\"line-height: 30px;\"><sup>_____<\/sup>\u00a0 MEXICO<\/div>\n<ul>\n<li><a href=\"tel:+525555765417\">+52 (55) 5576-5417<\/a><\/li>\n<\/ul>\n<p><img loading=\"lazy\" decoding=\"async\" class=\"alignleft wp-image-1701\" src=\"https:\/\/movisafe-americalatina.com\/wp-content\/uploads\/2020\/07\/flag-colombia.png\" alt=\"\" width=\"30\" height=\"30\" srcset=\"https:\/\/movisafe-americalatina.com\/wp-content\/uploads\/2020\/07\/flag-colombia.png 80w, https:\/\/movisafe-americalatina.com\/wp-content\/uploads\/2020\/07\/flag-colombia-36x36.png 36w\" sizes=\"auto, (max-width: 30px) 100vw, 30px\" \/><\/p>\n<div style=\"line-height: 30px;\"><sup>_____<\/sup>\u00a0 COLOMBIA<\/div>\n<ul>\n<li><a href=\"tel:++573118192989\">+57 311 819 2989<\/a><\/li>\n<\/ul>\n<\/div><\/section><\/div>\n","protected":false},"excerpt":{"rendered":"","protected":false},"author":1,"featured_media":0,"parent":0,"menu_order":0,"comment_status":"closed","ping_status":"closed","template":"","meta":{"_monsterinsights_skip_tracking":false,"_monsterinsights_sitenote_active":false,"_monsterinsights_sitenote_note":"","_monsterinsights_sitenote_category":0,"footnotes":""},"class_list":["post-2478","page","type-page","status-publish","hentry"],"yoast_head":"<!-- This site is optimized with the Yoast SEO plugin v27.2 - https:\/\/yoast.com\/product\/yoast-seo-wordpress\/ -->\n<title>Contact - MOVISAFE<\/title>\n<meta name=\"description\" content=\"Do not hesitate to contact us for more information about our services or to receive a free quote.\" \/>\n<meta name=\"robots\" content=\"index, follow, max-snippet:-1, max-image-preview:large, max-video-preview:-1\" \/>\n<link rel=\"canonical\" href=\"https:\/\/movisafe-americalatina.com\/en\/contact\/\" \/>\n<meta property=\"og:locale\" content=\"en_US\" \/>\n<meta property=\"og:type\" content=\"article\" \/>\n<meta property=\"og:title\" content=\"Contact - MOVISAFE\" \/>\n<meta property=\"og:description\" content=\"Do not hesitate to contact us for more information about our services or to receive a free quote.\" \/>\n<meta property=\"og:url\" content=\"https:\/\/movisafe-americalatina.com\/en\/contact\/\" \/>\n<meta property=\"og:site_name\" content=\"MOVISAFE\" \/>\n<meta property=\"article:publisher\" content=\"https:\/\/www.facebook.com\/movisafeamericalatina\/\" \/>\n<meta property=\"article:modified_time\" content=\"2022-05-30T14:11:52+00:00\" \/>\n<meta property=\"og:image\" content=\"https:\/\/movisafe-americalatina.com\/wp-content\/uploads\/2018\/10\/brazil-80x80.png\" \/>\n<meta name=\"twitter:card\" content=\"summary_large_image\" \/>\n<meta name=\"twitter:label1\" content=\"Est. reading time\" \/>\n\t<meta name=\"twitter:data1\" content=\"3 minutes\" \/>\n<script type=\"application\/ld+json\" class=\"yoast-schema-graph\">{\"@context\":\"https:\/\/schema.org\",\"@graph\":[{\"@type\":\"WebPage\",\"@id\":\"https:\/\/movisafe-americalatina.com\/en\/contact\/\",\"url\":\"https:\/\/movisafe-americalatina.com\/en\/contact\/\",\"name\":\"Contact - MOVISAFE\",\"isPartOf\":{\"@id\":\"https:\/\/movisafe-americalatina.com\/#website\"},\"primaryImageOfPage\":{\"@id\":\"https:\/\/movisafe-americalatina.com\/en\/contact\/#primaryimage\"},\"image\":{\"@id\":\"https:\/\/movisafe-americalatina.com\/en\/contact\/#primaryimage\"},\"thumbnailUrl\":\"https:\/\/movisafe-americalatina.com\/wp-content\/uploads\/2018\/10\/brazil-80x80.png\",\"datePublished\":\"2021-10-01T21:41:55+00:00\",\"dateModified\":\"2022-05-30T14:11:52+00:00\",\"description\":\"Do not hesitate to contact us for more information about our services or to receive a free quote.\",\"breadcrumb\":{\"@id\":\"https:\/\/movisafe-americalatina.com\/en\/contact\/#breadcrumb\"},\"inLanguage\":\"en-US\",\"potentialAction\":[{\"@type\":\"ReadAction\",\"target\":[\"https:\/\/movisafe-americalatina.com\/en\/contact\/\"]}]},{\"@type\":\"ImageObject\",\"inLanguage\":\"en-US\",\"@id\":\"https:\/\/movisafe-americalatina.com\/en\/contact\/#primaryimage\",\"url\":\"https:\/\/movisafe-americalatina.com\/wp-content\/uploads\/2018\/10\/brazil-80x80.png\",\"contentUrl\":\"https:\/\/movisafe-americalatina.com\/wp-content\/uploads\/2018\/10\/brazil-80x80.png\"},{\"@type\":\"BreadcrumbList\",\"@id\":\"https:\/\/movisafe-americalatina.com\/en\/contact\/#breadcrumb\",\"itemListElement\":[{\"@type\":\"ListItem\",\"position\":1,\"name\":\"In\u00edcio\",\"item\":\"https:\/\/movisafe-americalatina.com\/en\/\"},{\"@type\":\"ListItem\",\"position\":2,\"name\":\"Contact\"}]},{\"@type\":\"WebSite\",\"@id\":\"https:\/\/movisafe-americalatina.com\/#website\",\"url\":\"https:\/\/movisafe-americalatina.com\/\",\"name\":\"MOVISAFE\",\"description\":\"L\u00edder em seguran\u00e7a -  Am\u00e9rica Latina\",\"publisher\":{\"@id\":\"https:\/\/movisafe-americalatina.com\/#organization\"},\"potentialAction\":[{\"@type\":\"SearchAction\",\"target\":{\"@type\":\"EntryPoint\",\"urlTemplate\":\"https:\/\/movisafe-americalatina.com\/?s={search_term_string}\"},\"query-input\":{\"@type\":\"PropertyValueSpecification\",\"valueRequired\":true,\"valueName\":\"search_term_string\"}}],\"inLanguage\":\"en-US\"},{\"@type\":\"Organization\",\"@id\":\"https:\/\/movisafe-americalatina.com\/#organization\",\"name\":\"Movisafe America Latina\",\"url\":\"https:\/\/movisafe-americalatina.com\/\",\"logo\":{\"@type\":\"ImageObject\",\"inLanguage\":\"en-US\",\"@id\":\"https:\/\/movisafe-americalatina.com\/#\/schema\/logo\/image\/\",\"url\":\"https:\/\/movisafe-americalatina.com\/wp-content\/uploads\/2018\/10\/LogoMovisafe_Quadri.png\",\"contentUrl\":\"https:\/\/movisafe-americalatina.com\/wp-content\/uploads\/2018\/10\/LogoMovisafe_Quadri.png\",\"width\":373,\"height\":133,\"caption\":\"Movisafe America Latina\"},\"image\":{\"@id\":\"https:\/\/movisafe-americalatina.com\/#\/schema\/logo\/image\/\"},\"sameAs\":[\"https:\/\/www.facebook.com\/movisafeamericalatina\/\",\"https:\/\/www.linkedin.com\/company\/movisafe-america-latina\/\"]}]}<\/script>\n<!-- \/ Yoast SEO plugin. -->","yoast_head_json":{"title":"Contact - MOVISAFE","description":"Do not hesitate to contact us for more information about our services or to receive a free quote.","robots":{"index":"index","follow":"follow","max-snippet":"max-snippet:-1","max-image-preview":"max-image-preview:large","max-video-preview":"max-video-preview:-1"},"canonical":"https:\/\/movisafe-americalatina.com\/en\/contact\/","og_locale":"en_US","og_type":"article","og_title":"Contact - MOVISAFE","og_description":"Do not hesitate to contact us for more information about our services or to receive a free quote.","og_url":"https:\/\/movisafe-americalatina.com\/en\/contact\/","og_site_name":"MOVISAFE","article_publisher":"https:\/\/www.facebook.com\/movisafeamericalatina\/","article_modified_time":"2022-05-30T14:11:52+00:00","og_image":[{"url":"https:\/\/movisafe-americalatina.com\/wp-content\/uploads\/2018\/10\/brazil-80x80.png","type":"","width":"","height":""}],"twitter_card":"summary_large_image","twitter_misc":{"Est. reading time":"3 minutes"},"schema":{"@context":"https:\/\/schema.org","@graph":[{"@type":"WebPage","@id":"https:\/\/movisafe-americalatina.com\/en\/contact\/","url":"https:\/\/movisafe-americalatina.com\/en\/contact\/","name":"Contact - MOVISAFE","isPartOf":{"@id":"https:\/\/movisafe-americalatina.com\/#website"},"primaryImageOfPage":{"@id":"https:\/\/movisafe-americalatina.com\/en\/contact\/#primaryimage"},"image":{"@id":"https:\/\/movisafe-americalatina.com\/en\/contact\/#primaryimage"},"thumbnailUrl":"https:\/\/movisafe-americalatina.com\/wp-content\/uploads\/2018\/10\/brazil-80x80.png","datePublished":"2021-10-01T21:41:55+00:00","dateModified":"2022-05-30T14:11:52+00:00","description":"Do not hesitate to contact us for more information about our services or to receive a free quote.","breadcrumb":{"@id":"https:\/\/movisafe-americalatina.com\/en\/contact\/#breadcrumb"},"inLanguage":"en-US","potentialAction":[{"@type":"ReadAction","target":["https:\/\/movisafe-americalatina.com\/en\/contact\/"]}]},{"@type":"ImageObject","inLanguage":"en-US","@id":"https:\/\/movisafe-americalatina.com\/en\/contact\/#primaryimage","url":"https:\/\/movisafe-americalatina.com\/wp-content\/uploads\/2018\/10\/brazil-80x80.png","contentUrl":"https:\/\/movisafe-americalatina.com\/wp-content\/uploads\/2018\/10\/brazil-80x80.png"},{"@type":"BreadcrumbList","@id":"https:\/\/movisafe-americalatina.com\/en\/contact\/#breadcrumb","itemListElement":[{"@type":"ListItem","position":1,"name":"In\u00edcio","item":"https:\/\/movisafe-americalatina.com\/en\/"},{"@type":"ListItem","position":2,"name":"Contact"}]},{"@type":"WebSite","@id":"https:\/\/movisafe-americalatina.com\/#website","url":"https:\/\/movisafe-americalatina.com\/","name":"MOVISAFE","description":"L\u00edder em seguran\u00e7a -  Am\u00e9rica Latina","publisher":{"@id":"https:\/\/movisafe-americalatina.com\/#organization"},"potentialAction":[{"@type":"SearchAction","target":{"@type":"EntryPoint","urlTemplate":"https:\/\/movisafe-americalatina.com\/?s={search_term_string}"},"query-input":{"@type":"PropertyValueSpecification","valueRequired":true,"valueName":"search_term_string"}}],"inLanguage":"en-US"},{"@type":"Organization","@id":"https:\/\/movisafe-americalatina.com\/#organization","name":"Movisafe America Latina","url":"https:\/\/movisafe-americalatina.com\/","logo":{"@type":"ImageObject","inLanguage":"en-US","@id":"https:\/\/movisafe-americalatina.com\/#\/schema\/logo\/image\/","url":"https:\/\/movisafe-americalatina.com\/wp-content\/uploads\/2018\/10\/LogoMovisafe_Quadri.png","contentUrl":"https:\/\/movisafe-americalatina.com\/wp-content\/uploads\/2018\/10\/LogoMovisafe_Quadri.png","width":373,"height":133,"caption":"Movisafe America Latina"},"image":{"@id":"https:\/\/movisafe-americalatina.com\/#\/schema\/logo\/image\/"},"sameAs":["https:\/\/www.facebook.com\/movisafeamericalatina\/","https:\/\/www.linkedin.com\/company\/movisafe-america-latina\/"]}]}},"_links":{"self":[{"href":"https:\/\/movisafe-americalatina.com\/en\/wp-json\/wp\/v2\/pages\/2478","targetHints":{"allow":["GET"]}}],"collection":[{"href":"https:\/\/movisafe-americalatina.com\/en\/wp-json\/wp\/v2\/pages"}],"about":[{"href":"https:\/\/movisafe-americalatina.com\/en\/wp-json\/wp\/v2\/types\/page"}],"author":[{"embeddable":true,"href":"https:\/\/movisafe-americalatina.com\/en\/wp-json\/wp\/v2\/users\/1"}],"replies":[{"embeddable":true,"href":"https:\/\/movisafe-americalatina.com\/en\/wp-json\/wp\/v2\/comments?post=2478"}],"version-history":[{"count":8,"href":"https:\/\/movisafe-americalatina.com\/en\/wp-json\/wp\/v2\/pages\/2478\/revisions"}],"predecessor-version":[{"id":3045,"href":"https:\/\/movisafe-americalatina.com\/en\/wp-json\/wp\/v2\/pages\/2478\/revisions\/3045"}],"wp:attachment":[{"href":"https:\/\/movisafe-americalatina.com\/en\/wp-json\/wp\/v2\/media?parent=2478"}],"curies":[{"name":"wp","href":"https:\/\/api.w.org\/{rel}","templated":true}]}}